{"id":8,"date":"2022-02-23T19:55:44","date_gmt":"2022-02-23T19:55:44","guid":{"rendered":"https:\/\/startertemplatecloud.com\/g50\/?page_id=8"},"modified":"2026-02-14T00:01:15","modified_gmt":"2026-02-13T23:01:15","slug":"home","status":"publish","type":"page","link":"https:\/\/www.plumesdesetoiles.com\/en\/","title":{"rendered":"Accueil"},"content":{"rendered":"\n\n\n<div class=\"wp-block-uagb-container uagb-block-18e87c95 alignfull uagb-is-root-container\">\n<div class=\"wp-block-uagb-advanced-heading uagb-block-6745e66e\"><h2 class=\"uagb-heading-text\">Awaken the light within you, <br>in tune with the seasons.<\/h2><\/div>\n\n\n\n<div class=\"wp-block-uagb-buttons uagb-buttons__outer-wrap uagb-btn__default-btn uagb-btn-tablet__default-btn uagb-btn-mobile__default-btn uagb-block-ae7bd3cd\"><div class=\"uagb-buttons__wrap uagb-buttons-layout-wrap \">\n<div class=\"wp-block-uagb-buttons-child uagb-buttons__outer-wrap uagb-block-fa53e627 wp-block-button\"><div class=\"uagb-button__wrapper\"><a class=\"uagb-buttons-repeater wp-block-button__link\" aria-label=\"\" href=\"https:\/\/www.plumesdesetoiles.com\/univers-des-etoiles\/\" rel=\"follow noopener\" target=\"_self\" role=\"button\"><div class=\"uagb-button__link\">\u2728 Start your journey<\/div><\/a><\/div><\/div>\n<\/div><\/div>\n<\/div>\n\n\n\n\n\n<div class=\"wp-block-uagb-container uagb-block-2c81264e alignfull uagb-is-root-container\"><div class=\"uagb-container-inner-blocks-wrap\">\n<div class=\"wp-block-uagb-container uagb-block-c2b6a7e7\">\n<figure class=\"wp-block-image aligncenter size-full has-custom-border\"><a href=\"https:\/\/www.plumesdesetoiles.com\/univers-des-etoiles\/\"><img fetchpriority=\"high\" decoding=\"async\" width=\"500\" height=\"709\" src=\"https:\/\/www.plumesdesetoiles.com\/wp-content\/uploads\/2026\/02\/lire-respirer-en.png\" alt=\"\" class=\"wp-image-3062\" style=\"border-style:none;border-width:0px;border-top-left-radius:20px;border-top-right-radius:20px;border-bottom-left-radius:20px;border-bottom-right-radius:20px;object-fit:cover\" srcset=\"https:\/\/www.plumesdesetoiles.com\/wp-content\/uploads\/2026\/02\/lire-respirer-en.png 500w, https:\/\/www.plumesdesetoiles.com\/wp-content\/uploads\/2026\/02\/lire-respirer-en-212x300.png 212w, https:\/\/www.plumesdesetoiles.com\/wp-content\/uploads\/2026\/02\/lire-respirer-en-8x12.png 8w\" sizes=\"(max-width: 500px) 100vw, 500px\" \/><\/a><\/figure>\n<\/div>\n\n\n\n<div class=\"wp-block-uagb-container uagb-block-4dcdf7bc\">\n<figure class=\"wp-block-image aligncenter size-full has-custom-border wp-container-content-69bc4bdf\"><a href=\"https:\/\/papeterie.shop.plumesdesetoiles.fr\/\"><img decoding=\"async\" width=\"500\" height=\"709\" src=\"https:\/\/www.plumesdesetoiles.com\/wp-content\/uploads\/2026\/02\/creer-imaginer-en.png\" alt=\"\" class=\"wp-image-3061\" style=\"border-style:none;border-width:0px;border-top-left-radius:20px;border-top-right-radius:20px;border-bottom-left-radius:20px;border-bottom-right-radius:20px;object-fit:cover\" srcset=\"https:\/\/www.plumesdesetoiles.com\/wp-content\/uploads\/2026\/02\/creer-imaginer-en.png 500w, https:\/\/www.plumesdesetoiles.com\/wp-content\/uploads\/2026\/02\/creer-imaginer-en-212x300.png 212w, https:\/\/www.plumesdesetoiles.com\/wp-content\/uploads\/2026\/02\/creer-imaginer-en-8x12.png 8w\" sizes=\"(max-width: 500px) 100vw, 500px\" \/><\/a><\/figure>\n<\/div>\n\n\n\n<div class=\"wp-block-uagb-container uagb-block-b1927ccc\">\n<figure class=\"wp-block-image aligncenter size-full has-custom-border wp-container-content-69bc4bdf\"><a href=\"https:\/\/www.plumesdesetoiles.com\/ressources-gratuites-2\/\"><img decoding=\"async\" width=\"500\" height=\"709\" src=\"https:\/\/www.plumesdesetoiles.com\/wp-content\/uploads\/2026\/02\/recevoir-emerveiller-en.png\" alt=\"\" class=\"wp-image-3063\" style=\"border-style:none;border-width:0px;border-top-left-radius:20px;border-top-right-radius:20px;border-bottom-left-radius:20px;border-bottom-right-radius:20px;object-fit:cover\" srcset=\"https:\/\/www.plumesdesetoiles.com\/wp-content\/uploads\/2026\/02\/recevoir-emerveiller-en.png 500w, https:\/\/www.plumesdesetoiles.com\/wp-content\/uploads\/2026\/02\/recevoir-emerveiller-en-212x300.png 212w, https:\/\/www.plumesdesetoiles.com\/wp-content\/uploads\/2026\/02\/recevoir-emerveiller-en-8x12.png 8w\" sizes=\"(max-width: 500px) 100vw, 500px\" \/><\/a><\/figure>\n<\/div>\n<\/div><\/div>\n\n\n\n\n\n<div class=\"wp-block-uagb-container uagb-block-7b6003e1 alignfull uagb-is-root-container\">\n<div class=\"wp-block-uagb-advanced-heading uagb-block-733bf87b\"><h2 class=\"uagb-heading-text\"><strong>The Atelier<\/strong><\/h2><\/div>\n\n\n\n<div class=\"wp-block-uagb-advanced-heading uagb-block-5de5656d\"><h4 class=\"uagb-heading-text\">Handcrafted creations shaped slowly,<br>through mindful hands, natural materials<br>&amp; deep respect for all living things.<br>Each piece is unique, born from unhurried time.<\/h4><\/div>\n\n\n\n<div class=\"wp-block-uagb-buttons uagb-buttons__outer-wrap uagb-btn__default-btn uagb-btn-tablet__default-btn uagb-btn-mobile__default-btn uagb-block-39cdf9bb\"><div class=\"uagb-buttons__wrap uagb-buttons-layout-wrap \">\n<div class=\"wp-block-uagb-buttons-child uagb-buttons__outer-wrap uagb-block-29070896 wp-block-button\"><div class=\"uagb-button__wrapper\"><a class=\"uagb-buttons-repeater wp-block-button__link\" aria-label=\"\" href=\"https:\/\/atelier.shop.plumesdesetoiles.fr\" rel=\"follow noopener\" target=\"_self\" role=\"button\"><div class=\"uagb-button__link\">\u2728 Discover my Atelier<\/div><\/a><\/div><\/div>\n<\/div><\/div>\n<\/div>\n\n\n\n<div style=\"height:20px;width:0px\" aria-hidden=\"true\" class=\"wp-block-spacer\"><\/div>\n\n\n\n<div class=\"wp-block-uagb-container uagb-block-7a40b530 alignfull uagb-is-root-container\"><div class=\"uagb-container-inner-blocks-wrap\">\n<div class=\"wp-block-uagb-container uagb-block-23c9cb9f\">\n<div class=\"wp-block-uagb-advanced-heading uagb-block-67f473d3\"><h2 class=\"uagb-heading-text\">\ud83d\udc9d Cadeaux pour ton \u00c2me<\/h2><\/div>\n\n\n\n<div class=\"wp-block-uagb-advanced-heading uagb-block-c6c1d60d\"><\/div>\n<\/div>\n\n\n\n<div class=\"wp-block-uagb-container uagb-block-fc0d5b15\"><p>[mailerlite_form form_id=1]<\/p>\n<\/div>\n<\/div><\/div>\n\n\n\n<div class=\"wp-block-uagb-advanced-heading uagb-block-eb69fad7\"><h4 class=\"uagb-heading-text\">\ud83c\udf3f Ici, on avance doucement.<br>Avec bienveillance, nature &amp; po\u00e9sie. \u2764\ufe0f <\/h4><\/div>\n","protected":false},"excerpt":{"rendered":"<p>Awaken the light within you, in tune with the seasons. Des cr\u00e9ations artisanales fa\u00e7onn\u00e9es lentement,au fil des mains, des mati\u00e8res [&hellip;]<\/p>\n","protected":false},"author":1,"featured_media":575,"parent":0,"menu_order":0,"comment_status":"closed","ping_status":"closed","template":"","meta":{"_uag_custom_page_level_css":"","site-sidebar-layout":"default","site-content-layout":"","ast-site-content-layout":"default","site-content-style":"default","site-sidebar-style":"default","ast-global-header-display":"","ast-banner-title-visibility":"","ast-main-header-display":"","ast-hfb-above-header-display":"","ast-hfb-below-header-display":"","ast-hfb-mobile-header-display":"","site-post-title":"disabled","ast-breadcrumbs-content":"","ast-featured-img":"disabled","footer-sml-layout":"","ast-disable-related-posts":"","theme-transparent-header-meta":"","adv-header-id-meta":"","stick-header-meta":"","header-above-stick-meta":"","header-main-stick-meta":"","header-below-stick-meta":"","astra-migrate-meta-layouts":"default","ast-page-background-enabled":"default","ast-page-background-meta":{"desktop":{"background-color":"var(--ast-global-color-5)","background-image":"","background-repeat":"repeat","background-position":"center center","background-size":"auto","background-attachment":"scroll","background-type":"","background-media":"","overlay-type":"","overlay-color":"","overlay-opacity":"","overlay-gradient":""},"tablet":{"background-color":"","background-image":"","background-repeat":"repeat","background-position":"center center","background-size":"auto","background-attachment":"scroll","background-type":"","background-media":"","overlay-type":"","overlay-color":"","overlay-opacity":"","overlay-gradient":""},"mobile":{"background-color":"","background-image":"","background-repeat":"repeat","background-position":"center center","background-size":"auto","background-attachment":"scroll","background-type":"","background-media":"","overlay-type":"","overlay-color":"","overlay-opacity":"","overlay-gradient":""}},"ast-content-background-meta":{"desktop":{"background-color":"var(--ast-global-color-4)","background-image":"","background-repeat":"repeat","background-position":"center center","background-size":"auto","background-attachment":"scroll","background-type":"","background-media":"","overlay-type":"","overlay-color":"","overlay-opacity":"","overlay-gradient":""},"tablet":{"background-color":"var(--ast-global-color-4)","background-image":"","background-repeat":"repeat","background-position":"center center","background-size":"auto","background-attachment":"scroll","background-type":"","background-media":"","overlay-type":"","overlay-color":"","overlay-opacity":"","overlay-gradient":""},"mobile":{"background-color":"var(--ast-global-color-4)","background-image":"","background-repeat":"repeat","background-position":"center center","background-size":"auto","background-attachment":"scroll","background-type":"","background-media":"","overlay-type":"","overlay-color":"","overlay-opacity":"","overlay-gradient":""}},"footnotes":""},"class_list":["post-8","page","type-page","status-publish","has-post-thumbnail","hentry"],"aioseo_notices":[],"uagb_featured_image_src":{"full":["https:\/\/www.plumesdesetoiles.com\/wp-content\/uploads\/2025\/08\/Banniere-daccueil.png",1920,1080,false],"thumbnail":["https:\/\/www.plumesdesetoiles.com\/wp-content\/uploads\/2025\/08\/Banniere-daccueil-150x150.png",150,150,true],"medium":["https:\/\/www.plumesdesetoiles.com\/wp-content\/uploads\/2025\/08\/Banniere-daccueil-300x169.png",300,169,true],"medium_large":["https:\/\/www.plumesdesetoiles.com\/wp-content\/uploads\/2025\/08\/Banniere-daccueil-768x432.png",768,432,true],"large":["https:\/\/www.plumesdesetoiles.com\/wp-content\/uploads\/2025\/08\/Banniere-daccueil-1024x576.png",1024,576,true],"1536x1536":["https:\/\/www.plumesdesetoiles.com\/wp-content\/uploads\/2025\/08\/Banniere-daccueil-1536x864.png",1536,864,true],"2048x2048":["https:\/\/www.plumesdesetoiles.com\/wp-content\/uploads\/2025\/08\/Banniere-daccueil.png",1920,1080,false],"trp-custom-language-flag":["https:\/\/www.plumesdesetoiles.com\/wp-content\/uploads\/2025\/08\/Banniere-daccueil.png",18,10,false]},"uagb_author_info":{"display_name":"Plumes des Etoiles","author_link":"https:\/\/www.plumesdesetoiles.com\/en\/author\/plumesdesetoiles\/"},"uagb_comment_info":0,"uagb_excerpt":"Awaken the light within you, in tune with the seasons. Des cr\u00e9ations artisanales fa\u00e7onn\u00e9es lentement,au fil des mains, des mati\u00e8res [&hellip;]","_links":{"self":[{"href":"https:\/\/www.plumesdesetoiles.com\/en\/wp-json\/wp\/v2\/pages\/8","targetHints":{"allow":["GET"]}}],"collection":[{"href":"https:\/\/www.plumesdesetoiles.com\/en\/wp-json\/wp\/v2\/pages"}],"about":[{"href":"https:\/\/www.plumesdesetoiles.com\/en\/wp-json\/wp\/v2\/types\/page"}],"author":[{"embeddable":true,"href":"https:\/\/www.plumesdesetoiles.com\/en\/wp-json\/wp\/v2\/users\/1"}],"replies":[{"embeddable":true,"href":"https:\/\/www.plumesdesetoiles.com\/en\/wp-json\/wp\/v2\/comments?post=8"}],"version-history":[{"count":0,"href":"https:\/\/www.plumesdesetoiles.com\/en\/wp-json\/wp\/v2\/pages\/8\/revisions"}],"wp:featuredmedia":[{"embeddable":true,"href":"https:\/\/www.plumesdesetoiles.com\/en\/wp-json\/wp\/v2\/media\/575"}],"wp:attachment":[{"href":"https:\/\/www.plumesdesetoiles.com\/en\/wp-json\/wp\/v2\/media?parent=8"}],"curies":[{"name":"wp","href":"https:\/\/api.w.org\/{rel}","templated":true}]}}