{"id":1645,"date":"2025-11-11T17:56:57","date_gmt":"2025-11-11T16:56:57","guid":{"rendered":"https:\/\/www.plumesdesetoiles.com\/?page_id=1645"},"modified":"2026-02-02T19:08:36","modified_gmt":"2026-02-02T18:08:36","slug":"recettes-enchantees","status":"publish","type":"page","link":"https:\/\/www.plumesdesetoiles.com\/en\/blog\/recettes-enchantees\/","title":{"rendered":"\ud83c\udf6f Enchanted Recipes"},"content":{"rendered":"<div class=\"wp-block-uagb-container uagb-block-f3fc1158 alignfull uagb-is-root-container\">\n<div class=\"wp-block-uagb-advanced-heading uagb-block-fe0c8900\"><h2 class=\"uagb-heading-text\">\ud83c\udf6f Enchanted Recipes<\/h2><\/div>\n<\/div>\n\n\n\n<div class=\"wp-block-uagb-advanced-heading uagb-block-95d82d04\"><p class=\"uagb-heading-text\"><strong><br>Dive into the art of poetic and comforting cuisine.<br>From warming drinks to winter treats, each recipe is a little ritual designed to nourish the body and soothe the soul.<br>An invitation to celebrate the seasons through the senses \u2014 with kindness, warmth, and a touch of everyday magic.<\/strong><\/p><\/div>\n\n\n<div class='pt-cv-wrapper'> <h3 class='pt-cv-heading-container heading1' data-blockid='v7d910f1'><span class='pt-cv-heading'>  <\/span><\/h3><div class=\"pt-cv-view pt-cv-blockgrid iscvblock iscvreal grid1 layout2 cveffect-zoomin\" id=\"pt-cv-view-v7d910f1\"><div data-id=\"pt-cv-page-1\" class=\"pt-cv-page\" data-cvc=\"3\"><div class=\"pt-cv-content-item pt-cv-1-col\" ><div class=\"pt-cv-thumb-wrapper\"><a href=\"https:\/\/www.plumesdesetoiles.com\/en\/risotto-cremeux-aux-asperges-vertes-citron\/\" class=\"_self pt-cv-href-thumbnail pt-cv-thumb-default\" target=\"_self\" ><img fetchpriority=\"high\" decoding=\"async\" width=\"768\" height=\"512\" src=\"https:\/\/www.plumesdesetoiles.com\/wp-content\/uploads\/2026\/03\/Couverture-risotto-cremeux-asperges-vertes-citron-FR-768x512.jpg\" class=\"pt-cv-thumbnail\" alt=\"\" srcset=\"https:\/\/www.plumesdesetoiles.com\/wp-content\/uploads\/2026\/03\/Couverture-risotto-cremeux-asperges-vertes-citron-FR-768x512.jpg 768w, https:\/\/www.plumesdesetoiles.com\/wp-content\/uploads\/2026\/03\/Couverture-risotto-cremeux-asperges-vertes-citron-FR-300x200.jpg 300w, https:\/\/www.plumesdesetoiles.com\/wp-content\/uploads\/2026\/03\/Couverture-risotto-cremeux-asperges-vertes-citron-FR-1024x683.jpg 1024w, https:\/\/www.plumesdesetoiles.com\/wp-content\/uploads\/2026\/03\/Couverture-risotto-cremeux-asperges-vertes-citron-FR-18x12.jpg 18w, https:\/\/www.plumesdesetoiles.com\/wp-content\/uploads\/2026\/03\/Couverture-risotto-cremeux-asperges-vertes-citron-FR.jpg 1200w\" sizes=\"(max-width: 768px) 100vw, 768px\" \/><\/a><\/div>\n<div class=\"pt-cv-remain-wrapper\"><div class=\"pt-cv-taxoterm above_title\"><a href='https:\/\/www.plumesdesetoiles.com\/en\/category\/saisons-et-emotions\/' title='\ud83c\udf41 Saisons &amp; \u00c9motions' class='pt-cv-tax-saisons-et-emotions'>\ud83c\udf41 Seasons &amp; Emotions<\/a><a href='https:\/\/www.plumesdesetoiles.com\/en\/category\/recettes-enchantees\/' title='\ud83c\udf6f Enchanted Recipes' class='pt-cv-tax-recettes-enchantees'>\ud83c\udf6f Enchanted Recipes<\/a><\/div><h4 class=\"pt-cv-title\"><a href=\"https:\/\/www.plumesdesetoiles.com\/en\/risotto-cremeux-aux-asperges-vertes-citron\/\" class=\"_self\" target=\"_self\" >\ud83c\udf5b Risotto cr\u00e9meux aux asperges vertes &amp; citron<\/a><\/h4><div class=\"pt-cv-content\">Un risotto cr\u00e9meux aux asperges vertes et citron, lumineux et v\u00e9g\u00e9tal, qui c\u00e9l\u00e8bre le renouveau du mois de mars. Un &#8230;<\/div><div class=\"pt-cv-rmwrap\"><a href=\"https:\/\/www.plumesdesetoiles.com\/en\/risotto-cremeux-aux-asperges-vertes-citron\/\" class=\"_self pt-cv-readmore btn btn-success\" target=\"_self\" >Read More<\/a><\/div><\/div><\/div>\n<div class=\"pt-cv-content-item pt-cv-1-col\" ><div class=\"pt-cv-thumb-wrapper\"><a href=\"https:\/\/www.plumesdesetoiles.com\/en\/smoothie-coeur-nourrissant\/\" class=\"_self pt-cv-href-thumbnail pt-cv-thumb-default\" target=\"_self\" ><img decoding=\"async\" width=\"768\" height=\"512\" src=\"https:\/\/www.plumesdesetoiles.com\/wp-content\/uploads\/2026\/02\/Couverture-smoothie-coeur-nourrissant-FR-768x512.jpg\" class=\"pt-cv-thumbnail\" alt=\"\" srcset=\"https:\/\/www.plumesdesetoiles.com\/wp-content\/uploads\/2026\/02\/Couverture-smoothie-coeur-nourrissant-FR-768x512.jpg 768w, https:\/\/www.plumesdesetoiles.com\/wp-content\/uploads\/2026\/02\/Couverture-smoothie-coeur-nourrissant-FR-300x200.jpg 300w, https:\/\/www.plumesdesetoiles.com\/wp-content\/uploads\/2026\/02\/Couverture-smoothie-coeur-nourrissant-FR-1024x683.jpg 1024w, https:\/\/www.plumesdesetoiles.com\/wp-content\/uploads\/2026\/02\/Couverture-smoothie-coeur-nourrissant-FR-18x12.jpg 18w, https:\/\/www.plumesdesetoiles.com\/wp-content\/uploads\/2026\/02\/Couverture-smoothie-coeur-nourrissant-FR.jpg 1200w\" sizes=\"(max-width: 768px) 100vw, 768px\" \/><\/a><\/div>\n<div class=\"pt-cv-remain-wrapper\"><div class=\"pt-cv-taxoterm above_title\"><a href='https:\/\/www.plumesdesetoiles.com\/en\/category\/saisons-et-emotions\/' title='\ud83c\udf41 Saisons &amp; \u00c9motions' class='pt-cv-tax-saisons-et-emotions'>\ud83c\udf41 Seasons &amp; Emotions<\/a><a href='https:\/\/www.plumesdesetoiles.com\/en\/category\/recettes-enchantees\/' title='\ud83c\udf6f Enchanted Recipes' class='pt-cv-tax-recettes-enchantees'>\ud83c\udf6f Enchanted Recipes<\/a><\/div><h4 class=\"pt-cv-title\"><a href=\"https:\/\/www.plumesdesetoiles.com\/en\/smoothie-coeur-nourrissant\/\" class=\"_self\" target=\"_self\" >\ud83e\udd64 Smoothie C\u0153ur Nourrissant<\/a><\/h4><div class=\"pt-cv-content\">Un smoothie vibrant et r\u00e9confortant aux fruits rouges et betterave, pens\u00e9 comme un rituel doux pour nourrir le c\u0153ur et &#8230;<\/div><div class=\"pt-cv-rmwrap\"><a href=\"https:\/\/www.plumesdesetoiles.com\/en\/smoothie-coeur-nourrissant\/\" class=\"_self pt-cv-readmore btn btn-success\" target=\"_self\" >Read More<\/a><\/div><\/div><\/div>\n<div class=\"pt-cv-content-item pt-cv-1-col\" ><div class=\"pt-cv-thumb-wrapper\"><a href=\"https:\/\/www.plumesdesetoiles.com\/en\/verrines-fruits-rouges\/\" class=\"_self pt-cv-href-thumbnail pt-cv-thumb-default\" target=\"_self\" ><img decoding=\"async\" width=\"768\" height=\"512\" src=\"https:\/\/www.plumesdesetoiles.com\/wp-content\/uploads\/2026\/02\/Cover-roasted-red-berry-verrines-EN.jpg\" class=\"pt-cv-thumbnail\" alt=\"\" srcset=\"https:\/\/www.plumesdesetoiles.com\/wp-content\/uploads\/2026\/02\/Cover-roasted-red-berry-verrines-EN.jpg 1200w, https:\/\/www.plumesdesetoiles.com\/wp-content\/uploads\/2026\/02\/Cover-roasted-red-berry-verrines-EN-300x200.jpg 300w, https:\/\/www.plumesdesetoiles.com\/wp-content\/uploads\/2026\/02\/Cover-roasted-red-berry-verrines-EN-1024x683.jpg 1024w, https:\/\/www.plumesdesetoiles.com\/wp-content\/uploads\/2026\/02\/Cover-roasted-red-berry-verrines-EN-768x512.jpg 768w, https:\/\/www.plumesdesetoiles.com\/wp-content\/uploads\/2026\/02\/Cover-roasted-red-berry-verrines-EN-18x12.jpg 18w\" sizes=\"(max-width: 768px) 100vw, 768px\" \/><\/a><\/div>\n<div class=\"pt-cv-remain-wrapper\"><div class=\"pt-cv-taxoterm above_title\"><a href='https:\/\/www.plumesdesetoiles.com\/en\/category\/saisons-et-emotions\/' title='\ud83c\udf41 Saisons &amp; \u00c9motions' class='pt-cv-tax-saisons-et-emotions'>\ud83c\udf41 Seasons &amp; Emotions<\/a><a href='https:\/\/www.plumesdesetoiles.com\/en\/category\/recettes-enchantees\/' title='\ud83c\udf6f Enchanted Recipes' class='pt-cv-tax-recettes-enchantees'>\ud83c\udf6f Enchanted Recipes<\/a><\/div><h4 class=\"pt-cv-title\"><a href=\"https:\/\/www.plumesdesetoiles.com\/en\/verrines-fruits-rouges\/\" class=\"_self\" target=\"_self\" >\ud83c\udf53 Roasted Red Berry Verrines with Vanilla Cream &amp; Almond Crunch<\/a><\/h4><div class=\"pt-cv-content\">Red fruit verrines, a comforting and delicate plant-based dessert, which celebrates the sweetness, connection and slowness of the month of February.<\/div><div class=\"pt-cv-rmwrap\"><a href=\"https:\/\/www.plumesdesetoiles.com\/en\/verrines-fruits-rouges\/\" class=\"_self pt-cv-readmore btn btn-success\" target=\"_self\" >Read More<\/a><\/div><\/div><\/div>\n<div class=\"pt-cv-content-item pt-cv-1-col\" ><div class=\"pt-cv-thumb-wrapper\"><a href=\"https:\/\/www.plumesdesetoiles.com\/en\/tartelette-au-chocolat-blanc-framboises-eclats-de-pistache\/\" class=\"_self pt-cv-href-thumbnail pt-cv-thumb-default\" target=\"_self\" ><img loading=\"lazy\" decoding=\"async\" width=\"768\" height=\"512\" src=\"https:\/\/www.plumesdesetoiles.com\/wp-content\/uploads\/2026\/02\/cover-white-chocolate-raspberry-tartlets-EN.jpg\" class=\"pt-cv-thumbnail\" alt=\"\" srcset=\"https:\/\/www.plumesdesetoiles.com\/wp-content\/uploads\/2026\/02\/cover-white-chocolate-raspberry-tartlets-EN.jpg 1200w, https:\/\/www.plumesdesetoiles.com\/wp-content\/uploads\/2026\/02\/cover-white-chocolate-raspberry-tartlets-EN-300x200.jpg 300w, https:\/\/www.plumesdesetoiles.com\/wp-content\/uploads\/2026\/02\/cover-white-chocolate-raspberry-tartlets-EN-1024x683.jpg 1024w, https:\/\/www.plumesdesetoiles.com\/wp-content\/uploads\/2026\/02\/cover-white-chocolate-raspberry-tartlets-EN-768x512.jpg 768w, https:\/\/www.plumesdesetoiles.com\/wp-content\/uploads\/2026\/02\/cover-white-chocolate-raspberry-tartlets-EN-18x12.jpg 18w\" sizes=\"(max-width: 768px) 100vw, 768px\" \/><\/a><\/div>\n<div class=\"pt-cv-remain-wrapper\"><div class=\"pt-cv-taxoterm above_title\"><a href='https:\/\/www.plumesdesetoiles.com\/en\/category\/saisons-et-emotions\/' title='\ud83c\udf41 Saisons &amp; \u00c9motions' class='pt-cv-tax-saisons-et-emotions'>\ud83c\udf41 Seasons &amp; Emotions<\/a><a href='https:\/\/www.plumesdesetoiles.com\/en\/category\/recettes-enchantees\/' title='\ud83c\udf6f Enchanted Recipes' class='pt-cv-tax-recettes-enchantees'>\ud83c\udf6f Enchanted Recipes<\/a><\/div><h4 class=\"pt-cv-title\"><a href=\"https:\/\/www.plumesdesetoiles.com\/en\/tartelette-au-chocolat-blanc-framboises-eclats-de-pistache\/\" class=\"_self\" target=\"_self\" >\ud83e\udd67 White Chocolate &amp; Raspberry Tartlets, with Pistachio Crunch<\/a><\/h4><div class=\"pt-cv-content\">Give in to the magic of love with these delectable tarts, combining white chocolate, raspberries, and pistachios. A perfect treat to celebrate February.<\/div><div class=\"pt-cv-rmwrap\"><a href=\"https:\/\/www.plumesdesetoiles.com\/en\/tartelette-au-chocolat-blanc-framboises-eclats-de-pistache\/\" class=\"_self pt-cv-readmore btn btn-success\" target=\"_self\" >Read More<\/a><\/div><\/div><\/div>\n<div class=\"pt-cv-content-item pt-cv-1-col\" ><div class=\"pt-cv-thumb-wrapper\"><a href=\"https:\/\/www.plumesdesetoiles.com\/en\/gratin-nordique-pommes-terre-aneth\/\" class=\"_self pt-cv-href-thumbnail pt-cv-thumb-default\" target=\"_self\" ><img loading=\"lazy\" decoding=\"async\" width=\"768\" height=\"512\" src=\"https:\/\/www.plumesdesetoiles.com\/wp-content\/uploads\/2025\/12\/cover-gratin-nordique-en.png\" class=\"pt-cv-thumbnail\" alt=\"Un gratin nordique fondant aux pommes de terre et \u00e0 l\u2019aneth, inspir\u00e9 des cuisines scandinaves, simple et r\u00e9confortant.\" srcset=\"https:\/\/www.plumesdesetoiles.com\/wp-content\/uploads\/2025\/12\/cover-gratin-nordique-en.png 1200w, https:\/\/www.plumesdesetoiles.com\/wp-content\/uploads\/2025\/12\/cover-gratin-nordique-en-300x200.png 300w, https:\/\/www.plumesdesetoiles.com\/wp-content\/uploads\/2025\/12\/cover-gratin-nordique-en-1024x683.png 1024w, https:\/\/www.plumesdesetoiles.com\/wp-content\/uploads\/2025\/12\/cover-gratin-nordique-en-768x512.png 768w, https:\/\/www.plumesdesetoiles.com\/wp-content\/uploads\/2025\/12\/cover-gratin-nordique-en-18x12.png 18w\" sizes=\"(max-width: 768px) 100vw, 768px\" \/><\/a><\/div>\n<div class=\"pt-cv-remain-wrapper\"><div class=\"pt-cv-taxoterm above_title\"><a href='https:\/\/www.plumesdesetoiles.com\/en\/category\/saisons-et-emotions\/' title='\ud83c\udf41 Saisons &amp; \u00c9motions' class='pt-cv-tax-saisons-et-emotions'>\ud83c\udf41 Seasons &amp; Emotions<\/a><a href='https:\/\/www.plumesdesetoiles.com\/en\/category\/recettes-enchantees\/' title='\ud83c\udf6f Enchanted Recipes' class='pt-cv-tax-recettes-enchantees'>\ud83c\udf6f Enchanted Recipes<\/a><\/div><h4 class=\"pt-cv-title\"><a href=\"https:\/\/www.plumesdesetoiles.com\/en\/gratin-nordique-pommes-terre-aneth\/\" class=\"_self\" target=\"_self\" >\ud83e\udd54 Nordic Potato &amp; Dill Gratin \u2013 Scandinavian Comfort Dish<\/a><\/h4><div class=\"pt-cv-content\">A creamy Nordic-style potato and dill gratin inspired by Scandinavian comfort cooking.<\/div><div class=\"pt-cv-rmwrap\"><a href=\"https:\/\/www.plumesdesetoiles.com\/en\/gratin-nordique-pommes-terre-aneth\/\" class=\"_self pt-cv-readmore btn btn-success\" target=\"_self\" >Read More<\/a><\/div><\/div><\/div>\n<div class=\"pt-cv-content-item pt-cv-1-col\" ><div class=\"pt-cv-thumb-wrapper\"><a href=\"https:\/\/www.plumesdesetoiles.com\/en\/crumble-sale-poireaux-noisettes\/\" class=\"_self pt-cv-href-thumbnail pt-cv-thumb-default\" target=\"_self\" ><img loading=\"lazy\" decoding=\"async\" width=\"768\" height=\"512\" src=\"https:\/\/www.plumesdesetoiles.com\/wp-content\/uploads\/2025\/12\/cover-crumble-sale.png\" class=\"pt-cv-thumbnail\" alt=\"Un crumble sal\u00e9 fondant et croustillant \u00e0 base de poireaux et de noisettes, parfait pour un repas v\u00e9g\u00e9tarien chaleureux et gourmand.\" srcset=\"https:\/\/www.plumesdesetoiles.com\/wp-content\/uploads\/2025\/12\/cover-crumble-sale.png 1200w, https:\/\/www.plumesdesetoiles.com\/wp-content\/uploads\/2025\/12\/cover-crumble-sale-300x200.png 300w, https:\/\/www.plumesdesetoiles.com\/wp-content\/uploads\/2025\/12\/cover-crumble-sale-1024x683.png 1024w, https:\/\/www.plumesdesetoiles.com\/wp-content\/uploads\/2025\/12\/cover-crumble-sale-768x512.png 768w, https:\/\/www.plumesdesetoiles.com\/wp-content\/uploads\/2025\/12\/cover-crumble-sale-18x12.png 18w\" sizes=\"(max-width: 768px) 100vw, 768px\" \/><\/a><\/div>\n<div class=\"pt-cv-remain-wrapper\"><div class=\"pt-cv-taxoterm above_title\"><a href='https:\/\/www.plumesdesetoiles.com\/en\/category\/saisons-et-emotions\/' title='\ud83c\udf41 Saisons &amp; \u00c9motions' class='pt-cv-tax-saisons-et-emotions'>\ud83c\udf41 Seasons &amp; Emotions<\/a><a href='https:\/\/www.plumesdesetoiles.com\/en\/category\/recettes-enchantees\/' title='\ud83c\udf6f Enchanted Recipes' class='pt-cv-tax-recettes-enchantees'>\ud83c\udf6f Enchanted Recipes<\/a><\/div><h4 class=\"pt-cv-title\"><a href=\"https:\/\/www.plumesdesetoiles.com\/en\/crumble-sale-poireaux-noisettes\/\" class=\"_self\" target=\"_self\" >\ud83e\udd6c Savory Leek &amp; Hazelnut Crumble<\/a><\/h4><div class=\"pt-cv-content\">A comforting savory crumble with tender leeks and crunchy hazelnuts, perfect for a cozy vegetarian meal.<\/div><div class=\"pt-cv-rmwrap\"><a href=\"https:\/\/www.plumesdesetoiles.com\/en\/crumble-sale-poireaux-noisettes\/\" class=\"_self pt-cv-readmore btn btn-success\" target=\"_self\" >Read More<\/a><\/div><\/div><\/div><\/div><\/div>\n<div class=\"pt-cv-pagination-wrapper\"><ul class=\"pt-cv-pagination pt-cv-ajax pagination\" data-totalpages=\"3\" data-currentpage=\"1\" data-sid=\"v7d910f1\" data-unid=\"\" data-isblock=\"grid1\" data-postid=\"0\"><li class=\"active\"><a href=\"#\">1<\/a><\/li>\n\t<li ><a class=\"\" href=\"https:\/\/www.plumesdesetoiles.com\/en\/wp-json\/wp\/v2\/pages\/1645\/?_page=2\">2<\/a><\/li>\n\t<li ><a class=\"\" href=\"https:\/\/www.plumesdesetoiles.com\/en\/wp-json\/wp\/v2\/pages\/1645\/?_page=3\">3<\/a><\/li>\n\t<li ><a class=\"\" href=\"https:\/\/www.plumesdesetoiles.com\/en\/wp-json\/wp\/v2\/pages\/1645\/?_page=2\">&rsaquo;<\/a><\/li>\n\t<\/ul><img loading=\"lazy\" decoding=\"async\" width=\"15\" height=\"15\" class=\"pt-cv-spinner\" alt=\"Loading...\" src=\"data:image\/gif;base64,R0lGODlhDwAPALMPAMrKygwMDJOTkz09PZWVla+vr3p6euTk5M7OzuXl5TMzMwAAAJmZmWZmZszMzP\/\/\/yH\/C05FVFNDQVBFMi4wAwEAAAAh+QQFCgAPACwAAAAADwAPAAAEQvDJaZaZOIcV8iQK8VRX4iTYoAwZ4iCYoAjZ4RxejhVNoT+mRGP4cyF4Pp0N98sBGIBMEMOotl6YZ3S61Bmbkm4mAgAh+QQFCgAPACwAAAAADQANAAAENPDJSRSZeA418itN8QiK8BiLITVsFiyBBIoYqnoewAD4xPw9iY4XLGYSjkQR4UAUD45DLwIAIfkEBQoADwAsAAAAAA8ACQAABC\/wyVlamTi3nSdgwFNdhEJgTJoNyoB9ISYoQmdjiZPcj7EYCAeCF1gEDo4Dz2eIAAAh+QQFCgAPACwCAAAADQANAAAEM\/DJBxiYeLKdX3IJZT1FU0iIg2RNKx3OkZVnZ98ToRD4MyiDnkAh6BkNC0MvsAj0kMpHBAAh+QQFCgAPACwGAAAACQAPAAAEMDC59KpFDll73HkAA2wVY5KgiK5b0RRoI6MuzG6EQqCDMlSGheEhUAgqgUUAFRySIgAh+QQFCgAPACwCAAIADQANAAAEM\/DJKZNLND\/kkKaHc3xk+QAMYDKsiaqmZCxGVjSFFCxB1vwy2oOgIDxuucxAMTAJFAJNBAAh+QQFCgAPACwAAAYADwAJAAAEMNAs86q1yaWwwv2Ig0jUZx3OYa4XoRAfwADXoAwfo1+CIjyFRuEho60aSNYlOPxEAAAh+QQFCgAPACwAAAIADQANAAAENPA9s4y8+IUVcqaWJ4qEQozSoAzoIyhCK2NFU2SJk0hNnyEOhKR2AzAAj4Pj4GE4W0bkJQIAOw==\" \/><div class=\"clear pt-cv-clear-pagination\"><\/div><\/div> <\/div> <style>\n#pt-cv-view-v7d910f1 {text-align: center}#pt-cv-view-v7d910f1 .pt-cv-thumb-wrapper {margin-left: auto; margin-right: auto;}\n#pt-cv-view-v7d910f1 { margin: 20px 20px 20px 20px; }#pt-cv-view-v7d910f1 .pt-cv-content-item { background-color: var(--global-palette1);border-radius: 20px 20px 20px 20px; }#pt-cv-view-v7d910f1 .pt-cv-meta-fields {  }#pt-cv-view-v7d910f1 .pt-cv-meta-fields * { font-size: 13px; }#pt-cv-view-v7d910f1 .pt-cv-title a { display: block; }#pt-cv-view-v7d910f1 .pt-cv-title:not(.pt-cv-titlesm) a { font-weight: 600;text-decoration: none;font-size: 20px; }#pt-cv-view-v7d910f1 .pt-cv-titlesm a { font-weight: 600;font-size: 18px; }#pt-cv-view-v7d910f1 .pt-cv-content { font-size: 15px; }#pt-cv-view-v7d910f1 .pt-cv-rmwrap {  }#pt-cv-view-v7d910f1 .pt-cv-readmore { color: #fff;background-color: #a4b3a2;font-size: 14px; }#pt-cv-view-v7d910f1 .pt-cv-taxoterm {  }#pt-cv-view-v7d910f1 .pt-cv-taxoterm * { color: #222;background-color: var(--global-palette1);font-size: 14px; }#pt-cv-view-v7d910f1 + .pt-cv-pagination-wrapper {  }#pt-cv-view-v7d910f1 + .pt-cv-pagination-wrapper a { font-size: 14px; }#pt-cv-view-v7d910f1 > .pt-cv-page {grid-template-columns: repeat(3, 1fr);grid-gap: 20px;}\n@media all and (max-width: 1024px) { \n#pt-cv-view-v7d910f1 > .pt-cv-page {}\n} \n@media all and (max-width: 767px) { \n#pt-cv-view-v7d910f1 > .pt-cv-page {grid-template-columns: repeat(1, 1fr);}\n} <\/style>","protected":false},"excerpt":{"rendered":"<p>\ud83c\udf6f Recettes enchant\u00e9es Plonge dans l&rsquo;art de la cuisine po\u00e9tique &amp; r\u00e9confortante.Des boissons chaudes aux douceurs d&rsquo;hiver, chaque recette est [&hellip;]<\/p>\n","protected":false},"author":1,"featured_media":1668,"parent":458,"menu_order":0,"comment_status":"closed","ping_status":"closed","template":"","meta":{"_uag_custom_page_level_css":"","site-sidebar-layout":"default","site-content-layout":"","ast-site-content-layout":"default","site-content-style":"default","site-sidebar-style":"default","ast-global-header-display":"","ast-banner-title-visibility":"","ast-main-header-display":"","ast-hfb-above-header-display":"","ast-hfb-below-header-display":"","ast-hfb-mobile-header-display":"","site-post-title":"disabled","ast-breadcrumbs-content":"","ast-featured-img":"disabled","footer-sml-layout":"","ast-disable-related-posts":"","theme-transparent-header-meta":"","adv-header-id-meta":"","stick-header-meta":"","header-above-stick-meta":"","header-main-stick-meta":"","header-below-stick-meta":"","astra-migrate-meta-layouts":"default","ast-page-background-enabled":"default","ast-page-background-meta":{"desktop":{"background-color":"var(--ast-global-color-5)","background-image":"","background-repeat":"repeat","background-position":"center center","background-size":"auto","background-attachment":"scroll","background-type":"","background-media":"","overlay-type":"","overlay-color":"","overlay-opacity":"","overlay-gradient":""},"tablet":{"background-color":"","background-image":"","background-repeat":"repeat","background-position":"center center","background-size":"auto","background-attachment":"scroll","background-type":"","background-media":"","overlay-type":"","overlay-color":"","overlay-opacity":"","overlay-gradient":""},"mobile":{"background-color":"","background-image":"","background-repeat":"repeat","background-position":"center center","background-size":"auto","background-attachment":"scroll","background-type":"","background-media":"","overlay-type":"","overlay-color":"","overlay-opacity":"","overlay-gradient":""}},"ast-content-background-meta":{"desktop":{"background-color":"var(--ast-global-color-4)","background-image":"","background-repeat":"repeat","background-position":"center center","background-size":"auto","background-attachment":"scroll","background-type":"","background-media":"","overlay-type":"","overlay-color":"","overlay-opacity":"","overlay-gradient":""},"tablet":{"background-color":"var(--ast-global-color-4)","background-image":"","background-repeat":"repeat","background-position":"center center","background-size":"auto","background-attachment":"scroll","background-type":"","background-media":"","overlay-type":"","overlay-color":"","overlay-opacity":"","overlay-gradient":""},"mobile":{"background-color":"var(--ast-global-color-4)","background-image":"","background-repeat":"repeat","background-position":"center center","background-size":"auto","background-attachment":"scroll","background-type":"","background-media":"","overlay-type":"","overlay-color":"","overlay-opacity":"","overlay-gradient":""}},"footnotes":""},"class_list":["post-1645","page","type-page","status-publish","has-post-thumbnail","hentry"],"aioseo_notices":[],"uagb_featured_image_src":{"full":["https:\/\/www.plumesdesetoiles.com\/wp-content\/uploads\/2025\/11\/Recettes-enchantees.png",1200,800,false],"thumbnail":["https:\/\/www.plumesdesetoiles.com\/wp-content\/uploads\/2025\/11\/Recettes-enchantees-150x150.png",150,150,true],"medium":["https:\/\/www.plumesdesetoiles.com\/wp-content\/uploads\/2025\/11\/Recettes-enchantees-300x200.png",300,200,true],"medium_large":["https:\/\/www.plumesdesetoiles.com\/wp-content\/uploads\/2025\/11\/Recettes-enchantees-768x512.png",768,512,true],"large":["https:\/\/www.plumesdesetoiles.com\/wp-content\/uploads\/2025\/11\/Recettes-enchantees-1024x683.png",1024,683,true],"1536x1536":["https:\/\/www.plumesdesetoiles.com\/wp-content\/uploads\/2025\/11\/Recettes-enchantees.png",1200,800,false],"2048x2048":["https:\/\/www.plumesdesetoiles.com\/wp-content\/uploads\/2025\/11\/Recettes-enchantees.png",1200,800,false],"trp-custom-language-flag":["https:\/\/www.plumesdesetoiles.com\/wp-content\/uploads\/2025\/11\/Recettes-enchantees.png",18,12,false]},"uagb_author_info":{"display_name":"Plumes des Etoiles","author_link":"https:\/\/www.plumesdesetoiles.com\/en\/author\/plumesdesetoiles\/"},"uagb_comment_info":0,"uagb_excerpt":"\ud83c\udf6f Recettes enchant\u00e9es Plonge dans l&rsquo;art de la cuisine po\u00e9tique &amp; r\u00e9confortante.Des boissons chaudes aux douceurs d&rsquo;hiver, chaque recette est [&hellip;]","_links":{"self":[{"href":"https:\/\/www.plumesdesetoiles.com\/en\/wp-json\/wp\/v2\/pages\/1645","targetHints":{"allow":["GET"]}}],"collection":[{"href":"https:\/\/www.plumesdesetoiles.com\/en\/wp-json\/wp\/v2\/pages"}],"about":[{"href":"https:\/\/www.plumesdesetoiles.com\/en\/wp-json\/wp\/v2\/types\/page"}],"author":[{"embeddable":true,"href":"https:\/\/www.plumesdesetoiles.com\/en\/wp-json\/wp\/v2\/users\/1"}],"replies":[{"embeddable":true,"href":"https:\/\/www.plumesdesetoiles.com\/en\/wp-json\/wp\/v2\/comments?post=1645"}],"version-history":[{"count":0,"href":"https:\/\/www.plumesdesetoiles.com\/en\/wp-json\/wp\/v2\/pages\/1645\/revisions"}],"up":[{"embeddable":true,"href":"https:\/\/www.plumesdesetoiles.com\/en\/wp-json\/wp\/v2\/pages\/458"}],"wp:featuredmedia":[{"embeddable":true,"href":"https:\/\/www.plumesdesetoiles.com\/en\/wp-json\/wp\/v2\/media\/1668"}],"wp:attachment":[{"href":"https:\/\/www.plumesdesetoiles.com\/en\/wp-json\/wp\/v2\/media?parent=1645"}],"curies":[{"name":"wp","href":"https:\/\/api.w.org\/{rel}","templated":true}]}}