{"id":1557,"date":"2025-11-02T13:47:42","date_gmt":"2025-11-02T12:47:42","guid":{"rendered":"https:\/\/www.plumesdesetoiles.com\/?page_id=1557"},"modified":"2026-02-05T14:35:01","modified_gmt":"2026-02-05T13:35:01","slug":"univers-des-etoiles","status":"publish","type":"page","link":"https:\/\/www.plumesdesetoiles.com\/en\/univers-des-etoiles\/","title":{"rendered":"The Universe of Plumes des \u00c9toiles"},"content":{"rendered":"\n<div class=\"wp-block-uagb-container uagb-block-e82ee653 alignfull uagb-is-root-container\"><div class=\"uagb-container-inner-blocks-wrap\">\n<div class=\"wp-block-uagb-advanced-heading uagb-block-4bc60b8d\"><h2 class=\"uagb-heading-text\">L\u2019Univers de Plumes des \u00c9toiles<\/h2><\/div>\n<\/div><\/div>\n\n\n\n<div class=\"wp-block-uagb-advanced-heading uagb-block-d4c51c14\"><p class=\"uagb-heading-text\"><br>\ud83c\udf19 Bienvenue dans l\u2019univers de Plumes des \u00c9toiles \u2728<br>Ici, chaque article est une invitation \u00e0 ralentir, \u00e0 cr\u00e9er et \u00e0 se reconnecter \u00e0 la magie du quotidien.<br>Explore les journaux, contes, rituels et conseils pour cultiver douceur, s\u00e9r\u00e9nit\u00e9 et po\u00e9sie au fil de tes jours \ud83c\udf42\ud83d\udcab<br><\/p><\/div>\n\n\n\n<div class=\"wp-block-uagb-separator uagb-block-7d7c1851\"><div class=\"uagb-separator-spacing-wrapper\"><div class=\"wp-block-uagb-separator__inner\" style=\"--my-background-image:\"><\/div><\/div><\/div>\n\n\n<div class='pt-cv-wrapper'> <h3 class='pt-cv-heading-container heading1' data-blockid='8dxpbonw'><span class='pt-cv-heading'> \ud83c\udf1f Explore mes th\u00e8mes par cat\u00e9gorie et trouve ta magie du jour \u2728 <\/span><\/h3><div class=\"pt-cv-view pt-cv-blockgrid iscvblock iscvreal grid1 layout2\" id=\"pt-cv-view-8dxpbonw\"><div data-id=\"pt-cv-page-1\" class=\"pt-cv-page\" data-cvc=\"4\"><div class=\" pt-cv-content-item pt-cv-1-col\" ><div class=\"pt-cv-thumb-wrapper  \"><a href=\"https:\/\/www.plumesdesetoiles.com\/en\/blog\/recettes-enchantees\/\" class=\"_self pt-cv-href-thumbnail pt-cv-thumb-default\" target=\"_self\" ><img fetchpriority=\"high\" decoding=\"async\" width=\"768\" height=\"512\" src=\"https:\/\/www.plumesdesetoiles.com\/wp-content\/uploads\/2025\/11\/Recettes-enchantees-768x512.png\" class=\"pt-cv-thumbnail\" alt=\"Plonge dans l\u2019art de la cuisine po\u00e9tique et r\u00e9confortante. Des boissons chaudes aux douceurs d\u2019hiver, chaque recette est un rituel gourmand, pens\u00e9 pour nourrir le corps et apaiser l\u2019\u00e2me. Une invitation \u00e0 c\u00e9l\u00e9brer les saisons \u00e0 travers les sens \u2014 entre bienveillance, chaleur et magie du quotidien.\" \/><\/a><\/div>\n<div class=\"pt-cv-remain-wrapper\"><div class=\"pt-cv-taxoterm above_title\"><\/div><h4 class=\"pt-cv-title\"><a href=\"https:\/\/www.plumesdesetoiles.com\/en\/blog\/recettes-enchantees\/\" class=\"_self\" target=\"_self\" >\ud83c\udf6f Recettes enchant\u00e9es<\/a><\/h4><div class=\"pt-cv-content\">\ud83c\udf6f Recettes enchant\u00e9es Plonge dans l&rsquo;art de la cuisine po\u00e9tique &amp; r\u00e9confortante.Des boissons chaudes aux douceurs d&rsquo;hiver, chaque recette est &#8230;<\/div><\/div><\/div>\n<div class=\" pt-cv-content-item pt-cv-1-col\" ><div class=\"pt-cv-thumb-wrapper  \"><a href=\"https:\/\/www.plumesdesetoiles.com\/en\/blog\/ambiances-sacrees\/\" class=\"_self pt-cv-href-thumbnail pt-cv-thumb-default\" target=\"_self\" ><img decoding=\"async\" width=\"768\" height=\"512\" src=\"https:\/\/www.plumesdesetoiles.com\/wp-content\/uploads\/2025\/11\/ambiances-Sacrees-playlist-768x512.png\" class=\"pt-cv-thumbnail\" alt=\"Plonge dans des ambiances sonores sacr\u00e9es pour accompagner les saisons, les rituels et l\u2019introspection. Playlists intuitives, m\u00e9ditatives et inspir\u00e9es du cycle du vivant \u2728\" \/><\/a><\/div>\n<div class=\"pt-cv-remain-wrapper\"><div class=\"pt-cv-taxoterm above_title\"><\/div><h4 class=\"pt-cv-title\"><a href=\"https:\/\/www.plumesdesetoiles.com\/en\/blog\/ambiances-sacrees\/\" class=\"_self\" target=\"_self\" >\u2728 Ambiances Sacr\u00e9es<\/a><\/h4><div class=\"pt-cv-content\">\u2728 Ambiances Sacr\u00e9es Plonge dans des ambiances sonores sacr\u00e9es pour accompagner les saisons, les rituels et l\u2019introspection. Playlists intuitives, m\u00e9ditatives &#8230;<\/div><\/div><\/div>\n<div class=\" pt-cv-content-item pt-cv-1-col\" ><div class=\"pt-cv-thumb-wrapper  \"><a href=\"https:\/\/www.plumesdesetoiles.com\/en\/blog\/creativite-et-intuition\/\" class=\"_self pt-cv-href-thumbnail pt-cv-thumb-default\" target=\"_self\" ><img decoding=\"async\" width=\"768\" height=\"409\" src=\"https:\/\/www.plumesdesetoiles.com\/wp-content\/uploads\/2025\/08\/Creativite-Intuition-768x409.png\" class=\"pt-cv-thumbnail\" alt=\"\" \/><\/a><\/div>\n<div class=\"pt-cv-remain-wrapper\"><div class=\"pt-cv-taxoterm above_title\"><\/div><h4 class=\"pt-cv-title\"><a href=\"https:\/\/www.plumesdesetoiles.com\/en\/blog\/creativite-et-intuition\/\" class=\"_self\" target=\"_self\" >\ud83c\udf3f Cr\u00e9ativit\u00e9 &amp; Intuition<\/a><\/h4><div class=\"pt-cv-content\">\ud83c\udf3f Cr\u00e9ativit\u00e9 &amp; Intuition Explore ta cr\u00e9ativit\u00e9 et ton intuition gr\u00e2ce \u00e0 des articles pratiques, exercices et id\u00e9es pour enrichir &#8230;<\/div><\/div><\/div>\n<div class=\" pt-cv-content-item pt-cv-1-col\" ><div class=\"pt-cv-thumb-wrapper  \"><a href=\"https:\/\/www.plumesdesetoiles.com\/en\/blog\/coulisses-et-demarche\/\" class=\"_self pt-cv-href-thumbnail pt-cv-thumb-default\" target=\"_self\" ><img loading=\"lazy\" decoding=\"async\" width=\"768\" height=\"409\" src=\"https:\/\/www.plumesdesetoiles.com\/wp-content\/uploads\/2025\/08\/Coulisses-Demarche-768x409.png\" class=\"pt-cv-thumbnail\" alt=\"\" \/><\/a><\/div>\n<div class=\"pt-cv-remain-wrapper\"><div class=\"pt-cv-taxoterm above_title\"><\/div><h4 class=\"pt-cv-title\"><a href=\"https:\/\/www.plumesdesetoiles.com\/en\/blog\/coulisses-et-demarche\/\" class=\"_self\" target=\"_self\" >\ud83d\udee0\ufe0f Coulisses &amp; D\u00e9marche<\/a><\/h4><div class=\"pt-cv-content\">\ud83d\udee0\ufe0f Coulisses &amp; D\u00e9marche Plonge dans les coulisses de cr\u00e9ation, d\u00e9couvre les techniques, inspirations et la d\u00e9marche artisanale derri\u00e8re chaque &#8230;<\/div><\/div><\/div>\n<div class=\" pt-cv-content-item pt-cv-1-col\" ><div class=\"pt-cv-thumb-wrapper  \"><a href=\"https:\/\/www.plumesdesetoiles.com\/en\/blog\/guides-et-ressources\/\" class=\"_self pt-cv-href-thumbnail pt-cv-thumb-default\" target=\"_self\" ><img loading=\"lazy\" decoding=\"async\" width=\"768\" height=\"409\" src=\"https:\/\/www.plumesdesetoiles.com\/wp-content\/uploads\/2025\/08\/Guides-Ressources-768x409.png\" class=\"pt-cv-thumbnail\" alt=\"\" \/><\/a><\/div>\n<div class=\"pt-cv-remain-wrapper\"><div class=\"pt-cv-taxoterm above_title\"><\/div><h4 class=\"pt-cv-title\"><a href=\"https:\/\/www.plumesdesetoiles.com\/en\/blog\/guides-et-ressources\/\" class=\"_self\" target=\"_self\" >\ud83d\udcda Guides &amp; Ressources<\/a><\/h4><div class=\"pt-cv-content\">\ud83d\udcda Guides &amp; Ressources D\u00e9couvre mes guides et ressources pour enrichir ta pratique de journaling, tes rituels cr\u00e9atifs et ton &#8230;<\/div><\/div><\/div>\n<div class=\" pt-cv-content-item pt-cv-1-col\" ><div class=\"pt-cv-thumb-wrapper  \"><a href=\"https:\/\/www.plumesdesetoiles.com\/en\/blog\/journal-de-lame-creative\/\" class=\"_self pt-cv-href-thumbnail pt-cv-thumb-default\" target=\"_self\" ><img loading=\"lazy\" decoding=\"async\" width=\"768\" height=\"409\" src=\"https:\/\/www.plumesdesetoiles.com\/wp-content\/uploads\/2025\/08\/Journal-de-lAme-Creative-768x409.png\" class=\"pt-cv-thumbnail\" alt=\"\" \/><\/a><\/div>\n<div class=\"pt-cv-remain-wrapper\"><div class=\"pt-cv-taxoterm above_title\"><\/div><h4 class=\"pt-cv-title\"><a href=\"https:\/\/www.plumesdesetoiles.com\/en\/blog\/journal-de-lame-creative\/\" class=\"_self\" target=\"_self\" >\u2728 Journal de l\u2019\u00c2me Cr\u00e9ative<\/a><\/h4><div class=\"pt-cv-content\">\u2728 Journal de l\u2019\u00c2me Cr\u00e9ative Des Articles et Conseils pour d\u00e9velopper ta cr\u00e9ativit\u00e9, exprimer tes \u00e9motions et explorer ton univers &#8230;<\/div><\/div><\/div>\n<div class=\" pt-cv-content-item pt-cv-1-col\" ><div class=\"pt-cv-thumb-wrapper  \"><a href=\"https:\/\/www.plumesdesetoiles.com\/en\/blog\/saisons-et-emotions\/\" class=\"_self pt-cv-href-thumbnail pt-cv-thumb-default\" target=\"_self\" ><img loading=\"lazy\" decoding=\"async\" width=\"768\" height=\"409\" src=\"https:\/\/www.plumesdesetoiles.com\/wp-content\/uploads\/2025\/08\/Saisons-Emotions-768x409.png\" class=\"pt-cv-thumbnail\" alt=\"\" \/><\/a><\/div>\n<div class=\"pt-cv-remain-wrapper\"><div class=\"pt-cv-taxoterm above_title\"><\/div><h4 class=\"pt-cv-title\"><a href=\"https:\/\/www.plumesdesetoiles.com\/en\/blog\/saisons-et-emotions\/\" class=\"_self\" target=\"_self\" >\ud83c\udf41 Saisons &amp; \u00c9motions<\/a><\/h4><div class=\"pt-cv-content\">\ud83c\udf41 Saisons &amp; \u00c9motions Des Articles et Conseils pour vivre pleinement chaque saison et explorer tes \u00e9motions \u00e0 travers le &#8230;<\/div><\/div><\/div>\n<div class=\" pt-cv-content-item pt-cv-1-col\" ><div class=\"pt-cv-thumb-wrapper  \"><a href=\"https:\/\/www.plumesdesetoiles.com\/en\/blog\/contes-et-etoiles\/\" class=\"_self pt-cv-href-thumbnail pt-cv-thumb-default\" target=\"_self\" ><img loading=\"lazy\" decoding=\"async\" width=\"768\" height=\"409\" src=\"https:\/\/www.plumesdesetoiles.com\/wp-content\/uploads\/2025\/08\/7_Contes-etoiles-768x409.png\" class=\"pt-cv-thumbnail\" alt=\"\" \/><\/a><\/div>\n<div class=\"pt-cv-remain-wrapper\"><div class=\"pt-cv-taxoterm above_title\"><\/div><h4 class=\"pt-cv-title\"><a href=\"https:\/\/www.plumesdesetoiles.com\/en\/blog\/contes-et-etoiles\/\" class=\"_self\" target=\"_self\" >\ud83d\udd6f\ufe0f Contes &amp; \u00e9toiles<\/a><\/h4><div class=\"pt-cv-content\">\ud83d\udd6f\ufe0f Contes &amp; \u00e9toiles D\u00e9couvre mes contes po\u00e9tiques et merveilleux pour enfants, pour \u00e9veiller l\u2019imaginaire et transmettre des valeurs positives &#8230;<\/div><\/div><\/div><\/div><\/div> <\/div> <style>\n#pt-cv-view-8dxpbonw {text-align: center}#pt-cv-view-8dxpbonw .pt-cv-thumb-wrapper {margin-left: auto; margin-right: auto;}\n#pt-cv-view-8dxpbonw .pt-cv-meta-fields {  }#pt-cv-view-8dxpbonw .pt-cv-meta-fields * { font-size: 13px; }.pt-cv-heading-container[data-blockid=\"8dxpbonw\"] { text-align: center; }.pt-cv-heading-container[data-blockid=\"8dxpbonw\"] * {  }#pt-cv-view-8dxpbonw .pt-cv-thumb-wrapper:not(.miniwrap) {  }#pt-cv-view-8dxpbonw .pt-cv-thumbnail:not(.pt-cv-thumbnailsm) { height: 400px; }#pt-cv-view-8dxpbonw .pt-cv-title a { text-align: center;display: block; }#pt-cv-view-8dxpbonw .pt-cv-title:not(.pt-cv-titlesm) a { font-weight: 600;text-decoration: none;font-size: 20px; }#pt-cv-view-8dxpbonw .pt-cv-titlesm a { font-weight: 600;font-size: 18px; }#pt-cv-view-8dxpbonw .pt-cv-content { font-size: 15px; }#pt-cv-view-8dxpbonw .pt-cv-rmwrap {  }#pt-cv-view-8dxpbonw .pt-cv-readmore { color: #fff;background-color: #0075ff;font-size: 14px; }#pt-cv-view-8dxpbonw .pt-cv-taxoterm {  }#pt-cv-view-8dxpbonw .pt-cv-taxoterm * { color: #222;background-color: #fff6f6;font-size: 14px; }#pt-cv-view-8dxpbonw + .pt-cv-pagination-wrapper {  }#pt-cv-view-8dxpbonw + .pt-cv-pagination-wrapper a { font-size: 14px; }#pt-cv-view-8dxpbonw > .pt-cv-page {grid-template-columns: repeat(4, 1fr);grid-gap: 20px;}\n@media all and (max-width: 1024px) { \n#pt-cv-view-8dxpbonw > .pt-cv-page {}\n} \n@media all and (max-width: 767px) { \n#pt-cv-view-8dxpbonw > .pt-cv-page {grid-template-columns: repeat(1, 1fr);}\n} <\/style>","protected":false},"excerpt":{"rendered":"<p>L\u2019Univers de Plumes des \u00c9toiles \ud83c\udf19 Bienvenue dans l\u2019univers de Plumes des \u00c9toiles \u2728Ici, chaque article est une invitation \u00e0 [&hellip;]<\/p>\n","protected":false},"author":1,"featured_media":1566,"parent":0,"menu_order":0,"comment_status":"closed","ping_status":"closed","template":"","meta":{"_uag_custom_page_level_css":"","site-sidebar-layout":"default","site-content-layout":"","ast-site-content-layout":"default","site-content-style":"default","site-sidebar-style":"default","ast-global-header-display":"","ast-banner-title-visibility":"","ast-main-header-display":"","ast-hfb-above-header-display":"","ast-hfb-below-header-display":"","ast-hfb-mobile-header-display":"","site-post-title":"disabled","ast-breadcrumbs-content":"","ast-featured-img":"disabled","footer-sml-layout":"","ast-disable-related-posts":"","theme-transparent-header-meta":"","adv-header-id-meta":"","stick-header-meta":"","header-above-stick-meta":"","header-main-stick-meta":"","header-below-stick-meta":"","astra-migrate-meta-layouts":"default","ast-page-background-enabled":"default","ast-page-background-meta":{"desktop":{"background-color":"var(--ast-global-color-5)","background-image":"","background-repeat":"repeat","background-position":"center center","background-size":"auto","background-attachment":"scroll","background-type":"","background-media":"","overlay-type":"","overlay-color":"","overlay-opacity":"","overlay-gradient":""},"tablet":{"background-color":"","background-image":"","background-repeat":"repeat","background-position":"center center","background-size":"auto","background-attachment":"scroll","background-type":"","background-media":"","overlay-type":"","overlay-color":"","overlay-opacity":"","overlay-gradient":""},"mobile":{"background-color":"","background-image":"","background-repeat":"repeat","background-position":"center center","background-size":"auto","background-attachment":"scroll","background-type":"","background-media":"","overlay-type":"","overlay-color":"","overlay-opacity":"","overlay-gradient":""}},"ast-content-background-meta":{"desktop":{"background-color":"var(--ast-global-color-4)","background-image":"","background-repeat":"repeat","background-position":"center center","background-size":"auto","background-attachment":"scroll","background-type":"","background-media":"","overlay-type":"","overlay-color":"","overlay-opacity":"","overlay-gradient":""},"tablet":{"background-color":"var(--ast-global-color-4)","background-image":"","background-repeat":"repeat","background-position":"center center","background-size":"auto","background-attachment":"scroll","background-type":"","background-media":"","overlay-type":"","overlay-color":"","overlay-opacity":"","overlay-gradient":""},"mobile":{"background-color":"var(--ast-global-color-4)","background-image":"","background-repeat":"repeat","background-position":"center center","background-size":"auto","background-attachment":"scroll","background-type":"","background-media":"","overlay-type":"","overlay-color":"","overlay-opacity":"","overlay-gradient":""}},"footnotes":""},"class_list":["post-1557","page","type-page","status-publish","has-post-thumbnail","hentry"],"aioseo_notices":[],"uagb_featured_image_src":{"full":["https:\/\/www.plumesdesetoiles.com\/wp-content\/uploads\/2025\/11\/Blog-scaled.jpg",2560,1434,false],"thumbnail":["https:\/\/www.plumesdesetoiles.com\/wp-content\/uploads\/2025\/11\/Blog-150x150.jpg",150,150,true],"medium":["https:\/\/www.plumesdesetoiles.com\/wp-content\/uploads\/2025\/11\/Blog-300x168.jpg",300,168,true],"medium_large":["https:\/\/www.plumesdesetoiles.com\/wp-content\/uploads\/2025\/11\/Blog-768x430.jpg",768,430,true],"large":["https:\/\/www.plumesdesetoiles.com\/wp-content\/uploads\/2025\/11\/Blog-1024x573.jpg",1024,573,true],"1536x1536":["https:\/\/www.plumesdesetoiles.com\/wp-content\/uploads\/2025\/11\/Blog-1536x860.jpg",1536,860,true],"2048x2048":["https:\/\/www.plumesdesetoiles.com\/wp-content\/uploads\/2025\/11\/Blog-2048x1147.jpg",2048,1147,true],"trp-custom-language-flag":["https:\/\/www.plumesdesetoiles.com\/wp-content\/uploads\/2025\/11\/Blog-scaled.jpg",18,10,false]},"uagb_author_info":{"display_name":"Plumes des Etoiles","author_link":"https:\/\/www.plumesdesetoiles.com\/en\/author\/plumesdesetoiles\/"},"uagb_comment_info":0,"uagb_excerpt":"L\u2019Univers de Plumes des \u00c9toiles \ud83c\udf19 Bienvenue dans l\u2019univers de Plumes des \u00c9toiles \u2728Ici, chaque article est une invitation \u00e0 [&hellip;]","_links":{"self":[{"href":"https:\/\/www.plumesdesetoiles.com\/en\/wp-json\/wp\/v2\/pages\/1557","targetHints":{"allow":["GET"]}}],"collection":[{"href":"https:\/\/www.plumesdesetoiles.com\/en\/wp-json\/wp\/v2\/pages"}],"about":[{"href":"https:\/\/www.plumesdesetoiles.com\/en\/wp-json\/wp\/v2\/types\/page"}],"author":[{"embeddable":true,"href":"https:\/\/www.plumesdesetoiles.com\/en\/wp-json\/wp\/v2\/users\/1"}],"replies":[{"embeddable":true,"href":"https:\/\/www.plumesdesetoiles.com\/en\/wp-json\/wp\/v2\/comments?post=1557"}],"version-history":[{"count":0,"href":"https:\/\/www.plumesdesetoiles.com\/en\/wp-json\/wp\/v2\/pages\/1557\/revisions"}],"wp:featuredmedia":[{"embeddable":true,"href":"https:\/\/www.plumesdesetoiles.com\/en\/wp-json\/wp\/v2\/media\/1566"}],"wp:attachment":[{"href":"https:\/\/www.plumesdesetoiles.com\/en\/wp-json\/wp\/v2\/media?parent=1557"}],"curies":[{"name":"wp","href":"https:\/\/api.w.org\/{rel}","templated":true}]}}