{"id":1539,"date":"2025-11-02T10:42:05","date_gmt":"2025-11-02T09:42:05","guid":{"rendered":"https:\/\/www.plumesdesetoiles.com\/?page_id=1539"},"modified":"2026-02-05T15:26:38","modified_gmt":"2026-02-05T14:26:38","slug":"ambiances-sacrees","status":"publish","type":"page","link":"https:\/\/www.plumesdesetoiles.com\/en\/blog\/ambiances-sacrees\/","title":{"rendered":"\u2728 Sacred Ambiances"},"content":{"rendered":"\n<div class=\"wp-block-uagb-container uagb-block-872c5232 alignfull uagb-is-root-container\"><div class=\"uagb-container-inner-blocks-wrap\">\n<div class=\"wp-block-uagb-advanced-heading uagb-block-b247c348\"><h2 class=\"uagb-heading-text\">\u2728 Ambiances Sacr\u00e9es<\/h2><\/div>\n<\/div><\/div>\n\n\n\n<div class=\"wp-block-uagb-advanced-heading uagb-block-50cac6b9\"><p class=\"uagb-heading-text\"><br>Plonge dans des ambiances sonores sacr\u00e9es pour accompagner les saisons, les rituels et l\u2019introspection. Playlists intuitives, m\u00e9ditatives et inspir\u00e9es du cycle du vivant \u2728<br><\/p><\/div>\n\n\n<div class='pt-cv-wrapper'> <h3 class='pt-cv-heading-container heading1' data-blockid='7so49py6'><span class='pt-cv-heading'>  <\/span><\/h3><div class=\"pt-cv-view pt-cv-blockgrid iscvblock iscvreal grid1 layout2 cveffect-zoomin\" id=\"pt-cv-view-7so49py6\"><div data-id=\"pt-cv-page-1\" class=\"pt-cv-page\" data-cvc=\"3\"><div class=\" pt-cv-content-item pt-cv-1-col\" ><div class=\"pt-cv-thumb-wrapper  \"><a href=\"https:\/\/www.plumesdesetoiles.com\/en\/playlist-yule-solstice-2025\/\" class=\"_self pt-cv-href-thumbnail pt-cv-thumb-default\" target=\"_self\" ><img fetchpriority=\"high\" decoding=\"async\" width=\"768\" height=\"512\" src=\"https:\/\/www.plumesdesetoiles.com\/wp-content\/uploads\/2025\/12\/Couverture_PlaylistYule-768x512.png\" class=\"pt-cv-thumbnail\" alt=\"D\u00e9couvre une s\u00e9lection musicale f\u00e9\u00e9rique pour Yule, id\u00e9ale pour m\u00e9diter, c\u00e9l\u00e9brer le solstice et nourrir ta lumi\u00e8re int\u00e9rieure.\" \/><\/a><\/div>\n<div class=\"pt-cv-remain-wrapper\"><div class=\"pt-cv-taxoterm above_title\"><a href='https:\/\/www.plumesdesetoiles.com\/en\/category\/ambiances-sacrees\/' title='\u2728 Ambiances Sacr\u00e9es' class='pt-cv-tax-ambiances-sacrees'>\u2728 Ambiances Sacr\u00e9es<\/a><a href='https:\/\/www.plumesdesetoiles.com\/en\/category\/saisons-et-emotions\/' title='\ud83c\udf41 Saisons &amp; \u00c9motions' class='pt-cv-tax-saisons-et-emotions'>\ud83c\udf41 Saisons &amp; \u00c9motions<\/a><\/div><h4 class=\"pt-cv-title\"><a href=\"https:\/\/www.plumesdesetoiles.com\/en\/playlist-yule-solstice-2025\/\" class=\"_self\" target=\"_self\" >\ud83c\udfa7 Playlist Yule : musiques pour c\u00e9l\u00e9brer la lumi\u00e8re \u2600\ufe0f<\/a><\/h4><div class=\"pt-cv-content\">D\u00e9couvre une s\u00e9lection musicale f\u00e9\u00e9rique pour Yule, id\u00e9ale pour m\u00e9diter, c\u00e9l\u00e9brer le solstice et nourrir ta lumi\u00e8re int\u00e9rieure &#8230;<\/div><div class=\"pt-cv-rmwrap\"><a href=\"https:\/\/www.plumesdesetoiles.com\/en\/playlist-yule-solstice-2025\/\" class=\"_self pt-cv-readmore btn btn-success\" target=\"_self\" >Read More<\/a><\/div><\/div><\/div>\n<div class=\" pt-cv-content-item pt-cv-1-col\" ><div class=\"pt-cv-thumb-wrapper  \"><a href=\"https:\/\/www.plumesdesetoiles.com\/en\/playlist-hivernale\/\" class=\"_self pt-cv-href-thumbnail pt-cv-thumb-default\" target=\"_self\" ><img decoding=\"async\" width=\"768\" height=\"512\" src=\"https:\/\/www.plumesdesetoiles.com\/wp-content\/uploads\/2025\/12\/2025-12-03_Playlist-hivernale-768x512.png\" class=\"pt-cv-thumbnail\" alt=\"Plonge dans l\u2019ambiance feutr\u00e9e de d\u00e9cembre avec ma playlist hivernale : musiques sacr\u00e9es et instrumentales pour ralentir, m\u00e9diter et accueillir la lumi\u00e8re de l\u2019hiver.\" \/><\/a><\/div>\n<div class=\"pt-cv-remain-wrapper\"><div class=\"pt-cv-taxoterm above_title\"><a href='https:\/\/www.plumesdesetoiles.com\/en\/category\/ambiances-sacrees\/' title='\u2728 Ambiances Sacr\u00e9es' class='pt-cv-tax-ambiances-sacrees'>\u2728 Ambiances Sacr\u00e9es<\/a><a href='https:\/\/www.plumesdesetoiles.com\/en\/category\/saisons-et-emotions\/' title='\ud83c\udf41 Saisons &amp; \u00c9motions' class='pt-cv-tax-saisons-et-emotions'>\ud83c\udf41 Saisons &amp; \u00c9motions<\/a><\/div><h4 class=\"pt-cv-title\"><a href=\"https:\/\/www.plumesdesetoiles.com\/en\/playlist-hivernale\/\" class=\"_self\" target=\"_self\" >\ud83c\udfa7 Playlist Hivernale : Ambiances sacr\u00e9es pour accueillir la lumi\u00e8re de l\u2019hiver \u2744\ufe0f<\/a><\/h4><div class=\"pt-cv-content\">Plonge dans l\u2019ambiance feutr\u00e9e de d\u00e9cembre avec ma playlist hivernale : musiques sacr\u00e9es et instrumentales pour ralentir, m\u00e9diter et accueillir la lumi\u00e8re de l\u2019hiver &#8230;<\/div><div class=\"pt-cv-rmwrap\"><a href=\"https:\/\/www.plumesdesetoiles.com\/en\/playlist-hivernale\/\" class=\"_self pt-cv-readmore btn btn-success\" target=\"_self\" >Read More<\/a><\/div><\/div><\/div>\n<div class=\" pt-cv-content-item pt-cv-1-col\" ><div class=\"pt-cv-thumb-wrapper  \"><a href=\"https:\/\/www.plumesdesetoiles.com\/en\/playlist-samhain-musique-libre-droit\/\" class=\"_self pt-cv-href-thumbnail pt-cv-thumb-default\" target=\"_self\" ><img decoding=\"async\" width=\"768\" height=\"512\" src=\"https:\/\/www.plumesdesetoiles.com\/wp-content\/uploads\/2025\/11\/Couverture-Playlist-Samhain-768x512.png\" class=\"pt-cv-thumbnail\" alt=\"D\u00e9couvrez la playlist Samhain avec musiques libres de droits pour m\u00e9ditation, rituels et introspection automnale. CC-BY, ambiance mystique et cocooning.\" \/><\/a><\/div>\n<div class=\"pt-cv-remain-wrapper\"><div class=\"pt-cv-taxoterm above_title\"><a href='https:\/\/www.plumesdesetoiles.com\/en\/category\/ambiances-sacrees\/' title='\u2728 Ambiances Sacr\u00e9es' class='pt-cv-tax-ambiances-sacrees'>\u2728 Ambiances Sacr\u00e9es<\/a><a href='https:\/\/www.plumesdesetoiles.com\/en\/category\/saisons-et-emotions\/' title='\ud83c\udf41 Saisons &amp; \u00c9motions' class='pt-cv-tax-saisons-et-emotions'>\ud83c\udf41 Saisons &amp; \u00c9motions<\/a><\/div><h4 class=\"pt-cv-title\"><a href=\"https:\/\/www.plumesdesetoiles.com\/en\/playlist-samhain-musique-libre-droit\/\" class=\"_self\" target=\"_self\" >\ud83c\udfa7 Playlist Samhain : Musique mystique pour traverser le voile \u2728<\/a><\/h4><div class=\"pt-cv-content\">D\u00e9couvre la playlist Samhain avec musiques libres de droits pour m\u00e9ditation, rituels et introspection automnale. CC-BY, ambiance mystique et cocooning &#8230;<\/div><div class=\"pt-cv-rmwrap\"><a href=\"https:\/\/www.plumesdesetoiles.com\/en\/playlist-samhain-musique-libre-droit\/\" class=\"_self pt-cv-readmore btn btn-success\" target=\"_self\" >Read More<\/a><\/div><\/div><\/div><\/div><\/div> <\/div> <style>\n#pt-cv-view-7so49py6 {text-align: center}#pt-cv-view-7so49py6 .pt-cv-thumb-wrapper {margin-left: auto; margin-right: auto;}\n#pt-cv-view-7so49py6 { margin: 20px 20px 20px 20px;border-radius: 0px 0px 0px 0px; }#pt-cv-view-7so49py6 .pt-cv-content-item { background-color: var(--global-palette1);padding: 0px 0px 0px 0px;border-radius: 20px 20px 20px 20px; }#pt-cv-view-7so49py6 .pt-cv-meta-fields {  }#pt-cv-view-7so49py6 .pt-cv-meta-fields * { font-size: 13px; }#pt-cv-view-7so49py6 .pt-cv-thumb-wrapper:not(.miniwrap) {  }#pt-cv-view-7so49py6 .pt-cv-thumbnail:not(.pt-cv-thumbnailsm) { height: 400px; }#pt-cv-view-7so49py6 .pt-cv-thumb-wrapper { margin: 0px 0px 0px 0px; }#pt-cv-view-7so49py6[class*=\"cveffect\"] .pt-cv-thumb-wrapper, #pt-cv-view-7so49py6:not([class*=\"cveffect\"]) .pt-cv-thumbnail { border-radius: 0px 0px 0px 0px; }#pt-cv-view-7so49py6 .pt-cv-thumbnail { padding: 0px 0px 0px 0px; }#pt-cv-view-7so49py6 .pt-cv-title a { display: block; }#pt-cv-view-7so49py6 .pt-cv-title:not(.pt-cv-titlesm) a { font-weight: 600;text-decoration: none;font-size: 20px; }#pt-cv-view-7so49py6 .pt-cv-titlesm a { font-weight: 600;font-size: 18px; }#pt-cv-view-7so49py6 .pt-cv-content { font-size: 15px; }#pt-cv-view-7so49py6 .pt-cv-rmwrap {  }#pt-cv-view-7so49py6 .pt-cv-readmore { color: #fff;background-color: #a4b3a2;font-size: 14px; }#pt-cv-view-7so49py6 .pt-cv-taxoterm {  }#pt-cv-view-7so49py6 .pt-cv-taxoterm * { color: #222;background-color: var(--global-palette1);font-size: 14px; }#pt-cv-view-7so49py6 + .pt-cv-pagination-wrapper {  }#pt-cv-view-7so49py6 + .pt-cv-pagination-wrapper a { font-size: 14px;border-radius: 0px 0px 0px 0px; }#pt-cv-view-7so49py6 > .pt-cv-page {grid-template-columns: repeat(3, 1fr);grid-gap: 20px;}\n@media all and (max-width: 1024px) { \n#pt-cv-view-7so49py6 .pt-cv-thumb-wrapper:not(.miniwrap) {  }#pt-cv-view-7so49py6 .pt-cv-thumbnail:not(.pt-cv-thumbnailsm) { height: 200px; }#pt-cv-view-7so49py6 > .pt-cv-page {}\n} \n@media all and (max-width: 767px) { \n#pt-cv-view-7so49py6 > .pt-cv-page {grid-template-columns: repeat(1, 1fr);}\n} <\/style>\n\n\n<p><\/p>\n","protected":false},"excerpt":{"rendered":"<p>\u2728 Ambiances Sacr\u00e9es Plonge dans des ambiances sonores sacr\u00e9es pour accompagner les saisons, les rituels et l\u2019introspection. Playlists intuitives, m\u00e9ditatives [&hellip;]<\/p>\n","protected":false},"author":1,"featured_media":1672,"parent":458,"menu_order":0,"comment_status":"closed","ping_status":"closed","template":"","meta":{"_uag_custom_page_level_css":"","site-sidebar-layout":"default","site-content-layout":"","ast-site-content-layout":"default","site-content-style":"default","site-sidebar-style":"default","ast-global-header-display":"","ast-banner-title-visibility":"","ast-main-header-display":"","ast-hfb-above-header-display":"","ast-hfb-below-header-display":"","ast-hfb-mobile-header-display":"","site-post-title":"disabled","ast-breadcrumbs-content":"","ast-featured-img":"disabled","footer-sml-layout":"","ast-disable-related-posts":"","theme-transparent-header-meta":"","adv-header-id-meta":"","stick-header-meta":"","header-above-stick-meta":"","header-main-stick-meta":"","header-below-stick-meta":"","astra-migrate-meta-layouts":"default","ast-page-background-enabled":"default","ast-page-background-meta":{"desktop":{"background-color":"var(--ast-global-color-5)","background-image":"","background-repeat":"repeat","background-position":"center center","background-size":"auto","background-attachment":"scroll","background-type":"","background-media":"","overlay-type":"","overlay-color":"","overlay-opacity":"","overlay-gradient":""},"tablet":{"background-color":"","background-image":"","background-repeat":"repeat","background-position":"center center","background-size":"auto","background-attachment":"scroll","background-type":"","background-media":"","overlay-type":"","overlay-color":"","overlay-opacity":"","overlay-gradient":""},"mobile":{"background-color":"","background-image":"","background-repeat":"repeat","background-position":"center center","background-size":"auto","background-attachment":"scroll","background-type":"","background-media":"","overlay-type":"","overlay-color":"","overlay-opacity":"","overlay-gradient":""}},"ast-content-background-meta":{"desktop":{"background-color":"var(--ast-global-color-4)","background-image":"","background-repeat":"repeat","background-position":"center center","background-size":"auto","background-attachment":"scroll","background-type":"","background-media":"","overlay-type":"","overlay-color":"","overlay-opacity":"","overlay-gradient":""},"tablet":{"background-color":"var(--ast-global-color-4)","background-image":"","background-repeat":"repeat","background-position":"center center","background-size":"auto","background-attachment":"scroll","background-type":"","background-media":"","overlay-type":"","overlay-color":"","overlay-opacity":"","overlay-gradient":""},"mobile":{"background-color":"var(--ast-global-color-4)","background-image":"","background-repeat":"repeat","background-position":"center center","background-size":"auto","background-attachment":"scroll","background-type":"","background-media":"","overlay-type":"","overlay-color":"","overlay-opacity":"","overlay-gradient":""}},"footnotes":""},"class_list":["post-1539","page","type-page","status-publish","has-post-thumbnail","hentry"],"aioseo_notices":[],"uagb_featured_image_src":{"full":["https:\/\/www.plumesdesetoiles.com\/wp-content\/uploads\/2025\/11\/ambiances-Sacrees-playlist.png",1200,800,false],"thumbnail":["https:\/\/www.plumesdesetoiles.com\/wp-content\/uploads\/2025\/11\/ambiances-Sacrees-playlist-150x150.png",150,150,true],"medium":["https:\/\/www.plumesdesetoiles.com\/wp-content\/uploads\/2025\/11\/ambiances-Sacrees-playlist-300x200.png",300,200,true],"medium_large":["https:\/\/www.plumesdesetoiles.com\/wp-content\/uploads\/2025\/11\/ambiances-Sacrees-playlist-768x512.png",768,512,true],"large":["https:\/\/www.plumesdesetoiles.com\/wp-content\/uploads\/2025\/11\/ambiances-Sacrees-playlist-1024x683.png",1024,683,true],"1536x1536":["https:\/\/www.plumesdesetoiles.com\/wp-content\/uploads\/2025\/11\/ambiances-Sacrees-playlist.png",1200,800,false],"2048x2048":["https:\/\/www.plumesdesetoiles.com\/wp-content\/uploads\/2025\/11\/ambiances-Sacrees-playlist.png",1200,800,false],"trp-custom-language-flag":["https:\/\/www.plumesdesetoiles.com\/wp-content\/uploads\/2025\/11\/ambiances-Sacrees-playlist.png",18,12,false]},"uagb_author_info":{"display_name":"Plumes des Etoiles","author_link":"https:\/\/www.plumesdesetoiles.com\/en\/author\/plumesdesetoiles\/"},"uagb_comment_info":0,"uagb_excerpt":"\u2728 Ambiances Sacr\u00e9es Plonge dans des ambiances sonores sacr\u00e9es pour accompagner les saisons, les rituels et l\u2019introspection. Playlists intuitives, m\u00e9ditatives [&hellip;]","_links":{"self":[{"href":"https:\/\/www.plumesdesetoiles.com\/en\/wp-json\/wp\/v2\/pages\/1539","targetHints":{"allow":["GET"]}}],"collection":[{"href":"https:\/\/www.plumesdesetoiles.com\/en\/wp-json\/wp\/v2\/pages"}],"about":[{"href":"https:\/\/www.plumesdesetoiles.com\/en\/wp-json\/wp\/v2\/types\/page"}],"author":[{"embeddable":true,"href":"https:\/\/www.plumesdesetoiles.com\/en\/wp-json\/wp\/v2\/users\/1"}],"replies":[{"embeddable":true,"href":"https:\/\/www.plumesdesetoiles.com\/en\/wp-json\/wp\/v2\/comments?post=1539"}],"version-history":[{"count":0,"href":"https:\/\/www.plumesdesetoiles.com\/en\/wp-json\/wp\/v2\/pages\/1539\/revisions"}],"up":[{"embeddable":true,"href":"https:\/\/www.plumesdesetoiles.com\/en\/wp-json\/wp\/v2\/pages\/458"}],"wp:featuredmedia":[{"embeddable":true,"href":"https:\/\/www.plumesdesetoiles.com\/en\/wp-json\/wp\/v2\/media\/1672"}],"wp:attachment":[{"href":"https:\/\/www.plumesdesetoiles.com\/en\/wp-json\/wp\/v2\/media?parent=1539"}],"curies":[{"name":"wp","href":"https:\/\/api.w.org\/{rel}","templated":true}]}}