{"id":1389,"date":"2025-09-30T14:26:40","date_gmt":"2025-09-30T12:26:40","guid":{"rendered":"https:\/\/www.plumesdesetoiles.com\/?page_id=1389"},"modified":"2026-02-05T18:20:35","modified_gmt":"2026-02-05T17:20:35","slug":"coulisses-et-demarche","status":"publish","type":"page","link":"https:\/\/www.plumesdesetoiles.com\/en\/blog\/coulisses-et-demarche\/","title":{"rendered":"\ud83d\udee0\ufe0f Behind the Scenes &amp; Creative Approach"},"content":{"rendered":"<div class=\"wp-block-uagb-container uagb-block-872c5232 alignfull uagb-is-root-container\"><div class=\"uagb-container-inner-blocks-wrap\">\n<div class=\"wp-block-uagb-advanced-heading uagb-block-b247c348\"><h2 class=\"uagb-heading-text\">\ud83d\udee0\ufe0f Behind the Scenes &amp; Creative Approach<\/h2><\/div>\n<\/div><\/div>\n\n\n\n<div class=\"wp-block-uagb-advanced-heading uagb-block-50cac6b9\"><p class=\"uagb-heading-text\"><br>Dive behind the scenes of creation and discover the techniques, inspirations, and artisanal approach behind every journal and handmade creation.<br><\/p><\/div>\n\n\n<div class='pt-cv-wrapper'> <h3 class='pt-cv-heading-container heading1' data-blockid='v7d910f1'><span class='pt-cv-heading'>  <\/span><\/h3><div class=\"pt-cv-view pt-cv-blockgrid iscvblock iscvreal grid1 layout2 cveffect-zoomin\" id=\"pt-cv-view-v7d910f1\"><div data-id=\"pt-cv-page-1\" class=\"pt-cv-page\" data-cvc=\"3\"><div class=\"pt-cv-content-item pt-cv-1-col\" ><div class=\"pt-cv-thumb-wrapper\"><a href=\"https:\/\/www.plumesdesetoiles.com\/en\/ma-demarche-artisanale\/\" class=\"_self pt-cv-href-thumbnail pt-cv-thumb-default\" target=\"_self\" ><img fetchpriority=\"high\" decoding=\"async\" width=\"768\" height=\"512\" src=\"https:\/\/www.plumesdesetoiles.com\/wp-content\/uploads\/2025\/08\/Couverture-Ma-demarche-artisanale-768x512.png\" class=\"pt-cv-thumbnail\" alt=\"Je t\u2019emm\u00e8ne dans mon univers artisanal, o\u00f9 chaque cr\u00e9ation est un acte d\u2019amour, de patience et de connexion \u00e0 la nature et aux saisons.\" \/><\/a><\/div>\n<div class=\"pt-cv-remain-wrapper\"><div class=\"pt-cv-taxoterm above_title\"><a href='https:\/\/www.plumesdesetoiles.com\/en\/category\/journal-de-lame-creative\/' title='\u2728 Creative Soul Journal' class='pt-cv-tax-journal-de-lame-creative'>\u2728 Creative Soul Journal<\/a><a href='https:\/\/www.plumesdesetoiles.com\/en\/category\/guides-et-ressources\/' title='\ud83d\udcda Guides &amp; Ressources' class='pt-cv-tax-guides-et-ressources'>\ud83d\udcda Guides &amp; Resources<\/a><a href='https:\/\/www.plumesdesetoiles.com\/en\/category\/coulisses-et-demarche\/' title='\ud83d\udee0\ufe0f Coulisses &amp; D\u00e9marche' class='pt-cv-tax-coulisses-et-demarche'>\ud83d\udee0\ufe0f Behind the Scenes &amp; Creative Approach<\/a><\/div><h4 class=\"pt-cv-title\"><a href=\"https:\/\/www.plumesdesetoiles.com\/en\/ma-demarche-artisanale\/\" class=\"_self\" target=\"_self\" >\u2728 My Craftsmanship Approach<\/a><\/h4><div class=\"pt-cv-content\">At Plumes des \u00c9toiles, every creation is born from a single intention: to touch the heart.\nMy studio is a small cocoon, a space of slow living, poetry, and passion.<\/div><div class=\"pt-cv-rmwrap\"><a href=\"https:\/\/www.plumesdesetoiles.com\/en\/ma-demarche-artisanale\/\" class=\"_self pt-cv-readmore btn btn-success\" target=\"_self\" >Read More<\/a><\/div><\/div><\/div>\n<div class=\"pt-cv-content-item pt-cv-1-col\" ><div class=\"pt-cv-thumb-wrapper\"><a href=\"https:\/\/www.plumesdesetoiles.com\/en\/coulisses-de-creation\/\" class=\"_self pt-cv-href-thumbnail pt-cv-thumb-default\" target=\"_self\" ><img decoding=\"async\" width=\"768\" height=\"512\" src=\"https:\/\/www.plumesdesetoiles.com\/wp-content\/uploads\/2025\/08\/les-coulisses-de-creations-768x512.png\" class=\"pt-cv-thumbnail\" alt=\"D\u00e9couvre les secrets et \u00e9tapes derri\u00e8re la cr\u00e9ation de mes \u0153uvres po\u00e9tiques et artisanales, pour mieux appr\u00e9cier chaque geste et chaque inspiration.\" \/><\/a><\/div>\n<div class=\"pt-cv-remain-wrapper\"><div class=\"pt-cv-taxoterm above_title\"><a href='https:\/\/www.plumesdesetoiles.com\/en\/category\/journal-de-lame-creative\/' title='\u2728 Creative Soul Journal' class='pt-cv-tax-journal-de-lame-creative'>\u2728 Creative Soul Journal<\/a><a href='https:\/\/www.plumesdesetoiles.com\/en\/category\/coulisses-et-demarche\/' title='\ud83d\udee0\ufe0f Coulisses &amp; D\u00e9marche' class='pt-cv-tax-coulisses-et-demarche'>\ud83d\udee0\ufe0f Behind the Scenes &amp; Creative Approach<\/a><\/div><h4 class=\"pt-cv-title\"><a href=\"https:\/\/www.plumesdesetoiles.com\/en\/coulisses-de-creation\/\" class=\"_self\" target=\"_self\" >\ud83c\udfa8 Behind the Scenes of Creation<\/a><\/h4><div class=\"pt-cv-content\">Where the stars are born\u2026 The behind-the-scenes of creation reveal the secrets of craftsmanship. Discover the steps and inspirations behind each unique piece and the artisan\u2019s universe.<\/div><div class=\"pt-cv-rmwrap\"><a href=\"https:\/\/www.plumesdesetoiles.com\/en\/coulisses-de-creation\/\" class=\"_self pt-cv-readmore btn btn-success\" target=\"_self\" >Read More<\/a><\/div><\/div><\/div>\n<div class=\"pt-cv-content-item pt-cv-1-col\" ><div class=\"pt-cv-thumb-wrapper\"><a href=\"https:\/\/www.plumesdesetoiles.com\/en\/creations-avec-passion\/\" class=\"_self pt-cv-href-thumbnail pt-cv-thumb-default\" target=\"_self\" ><img decoding=\"async\" width=\"768\" height=\"512\" src=\"https:\/\/www.plumesdesetoiles.com\/wp-content\/uploads\/2025\/08\/Couverture-Creations-avec-Passion-768x512.png\" class=\"pt-cv-thumbnail\" alt=\"Laisse-toi porter par la passion qui anime chaque cr\u00e9ation, o\u00f9 l\u2019\u00e9motion et la po\u00e9sie se m\u00ealent pour offrir des \u0153uvres uniques et pleines de sens.\" \/><\/a><\/div>\n<div class=\"pt-cv-remain-wrapper\"><div class=\"pt-cv-taxoterm above_title\"><a href='https:\/\/www.plumesdesetoiles.com\/en\/category\/journal-de-lame-creative\/' title='\u2728 Creative Soul Journal' class='pt-cv-tax-journal-de-lame-creative'>\u2728 Creative Soul Journal<\/a><a href='https:\/\/www.plumesdesetoiles.com\/en\/category\/creativite-et-intuition\/' title='\ud83c\udf3f Cr\u00e9ativit\u00e9 &amp; Intuition' class='pt-cv-tax-creativite-et-intuition'>\ud83c\udf3f Creativity &amp; Intuition<\/a><a href='https:\/\/www.plumesdesetoiles.com\/en\/category\/coulisses-et-demarche\/' title='\ud83d\udee0\ufe0f Coulisses &amp; D\u00e9marche' class='pt-cv-tax-coulisses-et-demarche'>\ud83d\udee0\ufe0f Behind the Scenes &amp; Creative Approach<\/a><\/div><h4 class=\"pt-cv-title\"><a href=\"https:\/\/www.plumesdesetoiles.com\/en\/creations-avec-passion\/\" class=\"_self\" target=\"_self\" >\u2728 Creations with Passion<\/a><\/h4><div class=\"pt-cv-content\">Handmade treasures, woven with stars and emotions \ud83d\udcab\ud83e\uddf5 Welcome to my world, where every creation is born from a breath of\u2026<\/div><div class=\"pt-cv-rmwrap\"><a href=\"https:\/\/www.plumesdesetoiles.com\/en\/creations-avec-passion\/\" class=\"_self pt-cv-readmore btn btn-success\" target=\"_self\" >Read More<\/a><\/div><\/div><\/div>\n<div class=\"pt-cv-content-item pt-cv-1-col\" ><div class=\"pt-cv-thumb-wrapper\"><a href=\"https:\/\/www.plumesdesetoiles.com\/en\/creations-artisanales-uniques\/\" class=\"_self pt-cv-href-thumbnail pt-cv-thumb-default\" target=\"_self\" ><img loading=\"lazy\" decoding=\"async\" width=\"768\" height=\"512\" src=\"https:\/\/www.plumesdesetoiles.com\/wp-content\/uploads\/2025\/04\/Couverture-Creations-artisanales-uniques-768x512.png\" class=\"pt-cv-thumbnail\" alt=\"D\u00e9couvre des cr\u00e9ations artisanales r\u00e9alis\u00e9es avec passion et inspiration. Chaque pi\u00e8ce raconte une histoire et refl\u00e8te la cr\u00e9ativit\u00e9.\" \/><\/a><\/div>\n<div class=\"pt-cv-remain-wrapper\"><div class=\"pt-cv-taxoterm above_title\"><a href='https:\/\/www.plumesdesetoiles.com\/en\/category\/journal-de-lame-creative\/' title='\u2728 Creative Soul Journal' class='pt-cv-tax-journal-de-lame-creative'>\u2728 Creative Soul Journal<\/a><a href='https:\/\/www.plumesdesetoiles.com\/en\/category\/coulisses-et-demarche\/' title='\ud83d\udee0\ufe0f Coulisses &amp; D\u00e9marche' class='pt-cv-tax-coulisses-et-demarche'>\ud83d\udee0\ufe0f Behind the Scenes &amp; Creative Approach<\/a><\/div><h4 class=\"pt-cv-title\"><a href=\"https:\/\/www.plumesdesetoiles.com\/en\/creations-artisanales-uniques\/\" class=\"_self\" target=\"_self\" >\ud83e\udea1 Unique Handcrafted Creations<\/a><\/h4><div class=\"pt-cv-content\">Creations made with passion reveal the artisan\u2019s skill and inspiration. Each piece is unique, reflecting authenticity and\u2026<\/div><div class=\"pt-cv-rmwrap\"><a href=\"https:\/\/www.plumesdesetoiles.com\/en\/creations-artisanales-uniques\/\" class=\"_self pt-cv-readmore btn btn-success\" target=\"_self\" >Read More<\/a><\/div><\/div><\/div>\n<div class=\"pt-cv-content-item pt-cv-1-col\" ><div class=\"pt-cv-thumb-wrapper\"><a href=\"https:\/\/www.plumesdesetoiles.com\/en\/entretien-des-vetements-astuces\/\" class=\"_self pt-cv-href-thumbnail pt-cv-thumb-default\" target=\"_self\" ><img loading=\"lazy\" decoding=\"async\" width=\"768\" height=\"512\" src=\"https:\/\/www.plumesdesetoiles.com\/wp-content\/uploads\/2021\/12\/Couverture-entretien-vetements-768x512.png\" class=\"pt-cv-thumbnail\" alt=\"Quelques gestes simples pour pr\u00e9server tes v\u00eatements artisanaux, teints naturellement ou brod\u00e9s \u00e0 la main. Un rituel d\u2019attention \u00e0 soi.\" \/><\/a><\/div>\n<div class=\"pt-cv-remain-wrapper\"><div class=\"pt-cv-taxoterm above_title\"><a href='https:\/\/www.plumesdesetoiles.com\/en\/category\/saisons-et-emotions\/' title='\ud83c\udf41 Saisons &amp; \u00c9motions' class='pt-cv-tax-saisons-et-emotions'>\ud83c\udf41 Seasons &amp; Emotions<\/a><a href='https:\/\/www.plumesdesetoiles.com\/en\/category\/guides-et-ressources\/' title='\ud83d\udcda Guides &amp; Ressources' class='pt-cv-tax-guides-et-ressources'>\ud83d\udcda Guides &amp; Resources<\/a><a href='https:\/\/www.plumesdesetoiles.com\/en\/category\/coulisses-et-demarche\/' title='\ud83d\udee0\ufe0f Coulisses &amp; D\u00e9marche' class='pt-cv-tax-coulisses-et-demarche'>\ud83d\udee0\ufe0f Behind the Scenes &amp; Creative Approach<\/a><\/div><h4 class=\"pt-cv-title\"><a href=\"https:\/\/www.plumesdesetoiles.com\/en\/entretien-des-vetements-astuces\/\" class=\"_self\" target=\"_self\" >\ud83d\udc57 How to Care for Your Clothes<\/a><\/h4><div class=\"pt-cv-content\">Proper care of your clothing is essential to preserve their quality and extend their lifespan. Follow these practical tips and\u2026<\/div><div class=\"pt-cv-rmwrap\"><a href=\"https:\/\/www.plumesdesetoiles.com\/en\/entretien-des-vetements-astuces\/\" class=\"_self pt-cv-readmore btn btn-success\" target=\"_self\" >Read More<\/a><\/div><\/div><\/div>\n<div class=\"pt-cv-content-item pt-cv-1-col\" ><div class=\"pt-cv-thumb-wrapper\"><a href=\"https:\/\/www.plumesdesetoiles.com\/en\/entretien-des-bijoux-conseils\/\" class=\"_self pt-cv-href-thumbnail pt-cv-thumb-default\" target=\"_self\" ><img loading=\"lazy\" decoding=\"async\" width=\"768\" height=\"512\" src=\"https:\/\/www.plumesdesetoiles.com\/wp-content\/uploads\/2021\/12\/Couverture-entretien-bijoux-768x512.png\" class=\"pt-cv-thumbnail\" alt=\"L\u2019entretien des bijoux permet de garder leur \u00e9clat et leur beaut\u00e9 longtemps. Suis ces conseils pratiques pour nettoyer et prot\u00e9ger tes bijoux au quotidien.\ud83d\udcab\" \/><\/a><\/div>\n<div class=\"pt-cv-remain-wrapper\"><div class=\"pt-cv-taxoterm above_title\"><a href='https:\/\/www.plumesdesetoiles.com\/en\/category\/journal-de-lame-creative\/' title='\u2728 Creative Soul Journal' class='pt-cv-tax-journal-de-lame-creative'>\u2728 Creative Soul Journal<\/a><a href='https:\/\/www.plumesdesetoiles.com\/en\/category\/guides-et-ressources\/' title='\ud83d\udcda Guides &amp; Ressources' class='pt-cv-tax-guides-et-ressources'>\ud83d\udcda Guides &amp; Resources<\/a><a href='https:\/\/www.plumesdesetoiles.com\/en\/category\/coulisses-et-demarche\/' title='\ud83d\udee0\ufe0f Coulisses &amp; D\u00e9marche' class='pt-cv-tax-coulisses-et-demarche'>\ud83d\udee0\ufe0f Behind the Scenes &amp; Creative Approach<\/a><\/div><h4 class=\"pt-cv-title\"><a href=\"https:\/\/www.plumesdesetoiles.com\/en\/entretien-des-bijoux-conseils\/\" class=\"_self\" target=\"_self\" >\ud83d\udc8d How to Care for Your Jewelry<\/a><\/h4><div class=\"pt-cv-content\">Caring for your jewelry helps maintain its shine and beauty for a long time. Follow these practical tips to clean and protect\u2026<\/div><div class=\"pt-cv-rmwrap\"><a href=\"https:\/\/www.plumesdesetoiles.com\/en\/entretien-des-bijoux-conseils\/\" class=\"_self pt-cv-readmore btn btn-success\" target=\"_self\" >Read More<\/a><\/div><\/div><\/div><\/div><\/div> <\/div> <style>\n#pt-cv-view-v7d910f1 {text-align: center}#pt-cv-view-v7d910f1 .pt-cv-thumb-wrapper {margin-left: auto; margin-right: auto;}\n#pt-cv-view-v7d910f1 { margin: 20px 20px 20px 20px; }#pt-cv-view-v7d910f1 .pt-cv-content-item { background-color: var(--global-palette1);border-radius: 20px 20px 20px 20px; }#pt-cv-view-v7d910f1 .pt-cv-meta-fields {  }#pt-cv-view-v7d910f1 .pt-cv-meta-fields * { font-size: 13px; }#pt-cv-view-v7d910f1 .pt-cv-thumb-wrapper:not(.miniwrap) {  }#pt-cv-view-v7d910f1 .pt-cv-thumbnail:not(.pt-cv-thumbnailsm) { height: 400px; }#pt-cv-view-v7d910f1 .pt-cv-title a { display: block; }#pt-cv-view-v7d910f1 .pt-cv-title:not(.pt-cv-titlesm) a { font-weight: 600;text-decoration: none;font-size: 20px; }#pt-cv-view-v7d910f1 .pt-cv-titlesm a { font-weight: 600;font-size: 18px; }#pt-cv-view-v7d910f1 .pt-cv-content { font-size: 15px; }#pt-cv-view-v7d910f1 .pt-cv-rmwrap {  }#pt-cv-view-v7d910f1 .pt-cv-readmore { color: #fff;background-color: #a4b3a2;font-size: 14px; }#pt-cv-view-v7d910f1 .pt-cv-taxoterm {  }#pt-cv-view-v7d910f1 .pt-cv-taxoterm * { color: #222;background-color: var(--global-palette1);font-size: 14px; }#pt-cv-view-v7d910f1 + .pt-cv-pagination-wrapper {  }#pt-cv-view-v7d910f1 + .pt-cv-pagination-wrapper a { font-size: 14px; }#pt-cv-view-v7d910f1 > .pt-cv-page {grid-template-columns: repeat(3, 1fr);grid-gap: 20px;}\n@media all and (max-width: 1024px) { \n#pt-cv-view-v7d910f1 .pt-cv-thumb-wrapper:not(.miniwrap) {  }#pt-cv-view-v7d910f1 .pt-cv-thumbnail:not(.pt-cv-thumbnailsm) { height: 200px; }#pt-cv-view-v7d910f1 > .pt-cv-page {}\n} \n@media all and (max-width: 767px) { \n#pt-cv-view-v7d910f1 > .pt-cv-page {grid-template-columns: repeat(1, 1fr);}\n} <\/style>","protected":false},"excerpt":{"rendered":"<p>\ud83d\udee0\ufe0f Coulisses &amp; D\u00e9marche Plonge dans les coulisses de cr\u00e9ation, d\u00e9couvre les techniques, inspirations et la d\u00e9marche artisanale derri\u00e8re chaque [&hellip;]<\/p>\n","protected":false},"author":1,"featured_media":590,"parent":458,"menu_order":0,"comment_status":"closed","ping_status":"closed","template":"","meta":{"_uag_custom_page_level_css":"","site-sidebar-layout":"default","site-content-layout":"","ast-site-content-layout":"default","site-content-style":"default","site-sidebar-style":"default","ast-global-header-display":"","ast-banner-title-visibility":"","ast-main-header-display":"","ast-hfb-above-header-display":"","ast-hfb-below-header-display":"","ast-hfb-mobile-header-display":"","site-post-title":"disabled","ast-breadcrumbs-content":"","ast-featured-img":"disabled","footer-sml-layout":"","ast-disable-related-posts":"","theme-transparent-header-meta":"","adv-header-id-meta":"","stick-header-meta":"","header-above-stick-meta":"","header-main-stick-meta":"","header-below-stick-meta":"","astra-migrate-meta-layouts":"default","ast-page-background-enabled":"default","ast-page-background-meta":{"desktop":{"background-color":"var(--ast-global-color-5)","background-image":"","background-repeat":"repeat","background-position":"center center","background-size":"auto","background-attachment":"scroll","background-type":"","background-media":"","overlay-type":"","overlay-color":"","overlay-opacity":"","overlay-gradient":""},"tablet":{"background-color":"","background-image":"","background-repeat":"repeat","background-position":"center center","background-size":"auto","background-attachment":"scroll","background-type":"","background-media":"","overlay-type":"","overlay-color":"","overlay-opacity":"","overlay-gradient":""},"mobile":{"background-color":"","background-image":"","background-repeat":"repeat","background-position":"center center","background-size":"auto","background-attachment":"scroll","background-type":"","background-media":"","overlay-type":"","overlay-color":"","overlay-opacity":"","overlay-gradient":""}},"ast-content-background-meta":{"desktop":{"background-color":"var(--ast-global-color-4)","background-image":"","background-repeat":"repeat","background-position":"center center","background-size":"auto","background-attachment":"scroll","background-type":"","background-media":"","overlay-type":"","overlay-color":"","overlay-opacity":"","overlay-gradient":""},"tablet":{"background-color":"var(--ast-global-color-4)","background-image":"","background-repeat":"repeat","background-position":"center center","background-size":"auto","background-attachment":"scroll","background-type":"","background-media":"","overlay-type":"","overlay-color":"","overlay-opacity":"","overlay-gradient":""},"mobile":{"background-color":"var(--ast-global-color-4)","background-image":"","background-repeat":"repeat","background-position":"center center","background-size":"auto","background-attachment":"scroll","background-type":"","background-media":"","overlay-type":"","overlay-color":"","overlay-opacity":"","overlay-gradient":""}},"footnotes":""},"class_list":["post-1389","page","type-page","status-publish","has-post-thumbnail","hentry"],"aioseo_notices":[],"uagb_featured_image_src":{"full":["https:\/\/www.plumesdesetoiles.com\/wp-content\/uploads\/2025\/08\/Coulisses-Demarche.png",1600,852,false],"thumbnail":["https:\/\/www.plumesdesetoiles.com\/wp-content\/uploads\/2025\/08\/Coulisses-Demarche-150x150.png",150,150,true],"medium":["https:\/\/www.plumesdesetoiles.com\/wp-content\/uploads\/2025\/08\/Coulisses-Demarche-300x160.png",300,160,true],"medium_large":["https:\/\/www.plumesdesetoiles.com\/wp-content\/uploads\/2025\/08\/Coulisses-Demarche-768x409.png",768,409,true],"large":["https:\/\/www.plumesdesetoiles.com\/wp-content\/uploads\/2025\/08\/Coulisses-Demarche-1024x545.png",1024,545,true],"1536x1536":["https:\/\/www.plumesdesetoiles.com\/wp-content\/uploads\/2025\/08\/Coulisses-Demarche-1536x818.png",1536,818,true],"2048x2048":["https:\/\/www.plumesdesetoiles.com\/wp-content\/uploads\/2025\/08\/Coulisses-Demarche.png",1600,852,false],"trp-custom-language-flag":["https:\/\/www.plumesdesetoiles.com\/wp-content\/uploads\/2025\/08\/Coulisses-Demarche.png",18,10,false]},"uagb_author_info":{"display_name":"Plumes des Etoiles","author_link":"https:\/\/www.plumesdesetoiles.com\/en\/author\/plumesdesetoiles\/"},"uagb_comment_info":0,"uagb_excerpt":"\ud83d\udee0\ufe0f Coulisses &amp; D\u00e9marche Plonge dans les coulisses de cr\u00e9ation, d\u00e9couvre les techniques, inspirations et la d\u00e9marche artisanale derri\u00e8re chaque [&hellip;]","_links":{"self":[{"href":"https:\/\/www.plumesdesetoiles.com\/en\/wp-json\/wp\/v2\/pages\/1389","targetHints":{"allow":["GET"]}}],"collection":[{"href":"https:\/\/www.plumesdesetoiles.com\/en\/wp-json\/wp\/v2\/pages"}],"about":[{"href":"https:\/\/www.plumesdesetoiles.com\/en\/wp-json\/wp\/v2\/types\/page"}],"author":[{"embeddable":true,"href":"https:\/\/www.plumesdesetoiles.com\/en\/wp-json\/wp\/v2\/users\/1"}],"replies":[{"embeddable":true,"href":"https:\/\/www.plumesdesetoiles.com\/en\/wp-json\/wp\/v2\/comments?post=1389"}],"version-history":[{"count":0,"href":"https:\/\/www.plumesdesetoiles.com\/en\/wp-json\/wp\/v2\/pages\/1389\/revisions"}],"up":[{"embeddable":true,"href":"https:\/\/www.plumesdesetoiles.com\/en\/wp-json\/wp\/v2\/pages\/458"}],"wp:featuredmedia":[{"embeddable":true,"href":"https:\/\/www.plumesdesetoiles.com\/en\/wp-json\/wp\/v2\/media\/590"}],"wp:attachment":[{"href":"https:\/\/www.plumesdesetoiles.com\/en\/wp-json\/wp\/v2\/media?parent=1389"}],"curies":[{"name":"wp","href":"https:\/\/api.w.org\/{rel}","templated":true}]}}