{"id":1387,"date":"2025-09-30T14:20:52","date_gmt":"2025-09-30T12:20:52","guid":{"rendered":"https:\/\/www.plumesdesetoiles.com\/?page_id=1387"},"modified":"2026-02-05T18:15:45","modified_gmt":"2026-02-05T17:15:45","slug":"guides-et-ressources","status":"publish","type":"page","link":"https:\/\/www.plumesdesetoiles.com\/en\/blog\/guides-et-ressources\/","title":{"rendered":"\ud83d\udcda Guides &amp; Resources"},"content":{"rendered":"<div class=\"wp-block-uagb-container uagb-block-872c5232 alignfull uagb-is-root-container\"><div class=\"uagb-container-inner-blocks-wrap\">\n<div class=\"wp-block-uagb-advanced-heading uagb-block-b247c348\"><h2 class=\"uagb-heading-text\">\ud83d\udcda Guides &amp; Resources<\/h2><\/div>\n<\/div><\/div>\n\n\n\n<div class=\"wp-block-uagb-advanced-heading uagb-block-50cac6b9\"><p class=\"uagb-heading-text\"><br>Discover my guides and resources to enrich your journaling practice, creative rituals, and daily well-being.<br><\/p><\/div>\n\n\n<div class='pt-cv-wrapper'> <h3 class='pt-cv-heading-container heading1' data-blockid='cf4tid3d'><span class='pt-cv-heading'>  <\/span><\/h3><div class=\"pt-cv-view pt-cv-blockgrid iscvblock iscvreal grid1 layout2 cveffect-zoomin\" id=\"pt-cv-view-cf4tid3d\"><div data-id=\"pt-cv-page-1\" class=\"pt-cv-page\" data-cvc=\"3\"><div class=\"pt-cv-content-item pt-cv-1-col\" ><div class=\"pt-cv-thumb-wrapper\"><a href=\"https:\/\/www.plumesdesetoiles.com\/en\/une-heure-pour-la-planete\/\" class=\"_self pt-cv-href-thumbnail pt-cv-thumb-default\" target=\"_self\" ><img fetchpriority=\"high\" decoding=\"async\" width=\"768\" height=\"512\" src=\"https:\/\/www.plumesdesetoiles.com\/wp-content\/uploads\/2026\/02\/couverture-heure-planete-768x512.jpg\" class=\"pt-cv-thumbnail\" alt=\"\" \/><\/a><\/div>\n<div class=\"pt-cv-remain-wrapper\"><div class=\"pt-cv-taxoterm above_title\"><a href='https:\/\/www.plumesdesetoiles.com\/en\/category\/creativite-et-intuition\/' title='\ud83c\udf3f Cr\u00e9ativit\u00e9 &amp; Intuition' class='pt-cv-tax-creativite-et-intuition'>\ud83c\udf3f Creativity &amp; Intuition<\/a><a href='https:\/\/www.plumesdesetoiles.com\/en\/category\/saisons-et-emotions\/' title='\ud83c\udf41 Saisons &amp; \u00c9motions' class='pt-cv-tax-saisons-et-emotions'>\ud83c\udf41 Seasons &amp; Emotions<\/a><a href='https:\/\/www.plumesdesetoiles.com\/en\/category\/guides-et-ressources\/' title='\ud83d\udcda Guides &amp; Ressources' class='pt-cv-tax-guides-et-ressources'>\ud83d\udcda Guides &amp; Resources<\/a><\/div><h4 class=\"pt-cv-title\"><a href=\"https:\/\/www.plumesdesetoiles.com\/en\/une-heure-pour-la-planete\/\" class=\"_self\" target=\"_self\" >\ud83c\udf0d Une Heure pour la Plan\u00e8te : Et si 60 minutes pouvaient tout changer ?<\/a><\/h4><div class=\"pt-cv-content\">Comment transformer ces 60 minutes en un acte puissant, conscient et inspirant \u2014 pour la Plan\u00e8te Terre, pour les animaux, &#8230;<\/div><div class=\"pt-cv-rmwrap\"><a href=\"https:\/\/www.plumesdesetoiles.com\/en\/une-heure-pour-la-planete\/\" class=\"_self pt-cv-readmore btn btn-success\" target=\"_self\" >Read More<\/a><\/div><\/div><\/div>\n<div class=\"pt-cv-content-item pt-cv-1-col\" ><div class=\"pt-cv-thumb-wrapper\"><a href=\"https:\/\/www.plumesdesetoiles.com\/en\/ostara-energie-equinoxe-printemps\/\" class=\"_self pt-cv-href-thumbnail pt-cv-thumb-default\" target=\"_self\" ><img decoding=\"async\" width=\"768\" height=\"512\" src=\"https:\/\/www.plumesdesetoiles.com\/wp-content\/uploads\/2026\/02\/couverture-ostara-768x512.jpg\" class=\"pt-cv-thumbnail\" alt=\"\" \/><\/a><\/div>\n<div class=\"pt-cv-remain-wrapper\"><div class=\"pt-cv-taxoterm above_title\"><a href='https:\/\/www.plumesdesetoiles.com\/en\/category\/journal-de-lame-creative\/' title='\u2728 Creative Soul Journal' class='pt-cv-tax-journal-de-lame-creative'>\u2728 Creative Soul Journal<\/a><a href='https:\/\/www.plumesdesetoiles.com\/en\/category\/creativite-et-intuition\/' title='\ud83c\udf3f Cr\u00e9ativit\u00e9 &amp; Intuition' class='pt-cv-tax-creativite-et-intuition'>\ud83c\udf3f Creativity &amp; Intuition<\/a><a href='https:\/\/www.plumesdesetoiles.com\/en\/category\/saisons-et-emotions\/' title='\ud83c\udf41 Saisons &amp; \u00c9motions' class='pt-cv-tax-saisons-et-emotions'>\ud83c\udf41 Seasons &amp; Emotions<\/a><a href='https:\/\/www.plumesdesetoiles.com\/en\/category\/guides-et-ressources\/' title='\ud83d\udcda Guides &amp; Ressources' class='pt-cv-tax-guides-et-ressources'>\ud83d\udcda Guides &amp; Resources<\/a><\/div><h4 class=\"pt-cv-title\"><a href=\"https:\/\/www.plumesdesetoiles.com\/en\/ostara-energie-equinoxe-printemps\/\" class=\"_self\" target=\"_self\" >\ud83c\udf38 Ostara : Rituel, Signification &amp; \u00c9nergies de l\u2019\u00c9quinoxe de Printemps<\/a><\/h4><div class=\"pt-cv-content\">D\u00e9couvre la signification d\u2019Ostara, l\u2019\u00e9quinoxe de printemps, ses rituels, symboles sacr\u00e9s et pratiques pour c\u00e9l\u00e9brer le renouveau int\u00e9rieur &#8230;<\/div><div class=\"pt-cv-rmwrap\"><a href=\"https:\/\/www.plumesdesetoiles.com\/en\/ostara-energie-equinoxe-printemps\/\" class=\"_self pt-cv-readmore btn btn-success\" target=\"_self\" >Read More<\/a><\/div><\/div><\/div>\n<div class=\"pt-cv-content-item pt-cv-1-col\" ><div class=\"pt-cv-thumb-wrapper\"><a href=\"https:\/\/www.plumesdesetoiles.com\/en\/saint-patrick-origines\/\" class=\"_self pt-cv-href-thumbnail pt-cv-thumb-default\" target=\"_self\" ><img decoding=\"async\" width=\"768\" height=\"512\" src=\"https:\/\/www.plumesdesetoiles.com\/wp-content\/uploads\/2026\/02\/couverture-saint-patrick-768x512.jpg\" class=\"pt-cv-thumbnail\" alt=\"\" \/><\/a><\/div>\n<div class=\"pt-cv-remain-wrapper\"><div class=\"pt-cv-taxoterm above_title\"><a href='https:\/\/www.plumesdesetoiles.com\/en\/category\/creativite-et-intuition\/' title='\ud83c\udf3f Cr\u00e9ativit\u00e9 &amp; Intuition' class='pt-cv-tax-creativite-et-intuition'>\ud83c\udf3f Creativity &amp; Intuition<\/a><a href='https:\/\/www.plumesdesetoiles.com\/en\/category\/saisons-et-emotions\/' title='\ud83c\udf41 Saisons &amp; \u00c9motions' class='pt-cv-tax-saisons-et-emotions'>\ud83c\udf41 Seasons &amp; Emotions<\/a><a href='https:\/\/www.plumesdesetoiles.com\/en\/category\/guides-et-ressources\/' title='\ud83d\udcda Guides &amp; Ressources' class='pt-cv-tax-guides-et-ressources'>\ud83d\udcda Guides &amp; Resources<\/a><\/div><h4 class=\"pt-cv-title\"><a href=\"https:\/\/www.plumesdesetoiles.com\/en\/saint-patrick-origines\/\" class=\"_self\" target=\"_self\" >\ud83c\udf40 Saint Patrick : Origines, Symboles &amp; Rituel Spirituel pour Honorer la Magie du Printemps<\/a><\/h4><div class=\"pt-cv-content\">D\u00e9couvre l\u2019histoire sacr\u00e9e de la Saint Patrick, ses symboles celtiques et un rituel spirituel pour accueillir le printemps avec intuition, &#8230;<\/div><div class=\"pt-cv-rmwrap\"><a href=\"https:\/\/www.plumesdesetoiles.com\/en\/saint-patrick-origines\/\" class=\"_self pt-cv-readmore btn btn-success\" target=\"_self\" >Read More<\/a><\/div><\/div><\/div>\n<div class=\"pt-cv-content-item pt-cv-1-col\" ><div class=\"pt-cv-thumb-wrapper\"><a href=\"https:\/\/www.plumesdesetoiles.com\/en\/saint-valentin-histoire-legendes\/\" class=\"_self pt-cv-href-thumbnail pt-cv-thumb-default\" target=\"_self\" ><img loading=\"lazy\" decoding=\"async\" width=\"768\" height=\"512\" src=\"https:\/\/www.plumesdesetoiles.com\/wp-content\/uploads\/2026\/02\/saint-valentin-couverture-768x512.png\" class=\"pt-cv-thumbnail\" alt=\"\" \/><\/a><\/div>\n<div class=\"pt-cv-remain-wrapper\"><div class=\"pt-cv-taxoterm above_title\"><a href='https:\/\/www.plumesdesetoiles.com\/en\/category\/saisons-et-emotions\/' title='\ud83c\udf41 Saisons &amp; \u00c9motions' class='pt-cv-tax-saisons-et-emotions'>\ud83c\udf41 Seasons &amp; Emotions<\/a><a href='https:\/\/www.plumesdesetoiles.com\/en\/category\/guides-et-ressources\/' title='\ud83d\udcda Guides &amp; Ressources' class='pt-cv-tax-guides-et-ressources'>\ud83d\udcda Guides &amp; Resources<\/a><\/div><h4 class=\"pt-cv-title\"><a href=\"https:\/\/www.plumesdesetoiles.com\/en\/saint-valentin-histoire-legendes\/\" class=\"_self\" target=\"_self\" >\ud83c\udf39 Valentine's Day: History, legends &amp; celebration of love<\/a><\/h4><div class=\"pt-cv-content\">Discover the fascinating history of Valentine's Day, its ancient legends and timeless symbols. Between Roman roots, spiritual traditions and modern celebration of conscious love<\/div><div class=\"pt-cv-rmwrap\"><a href=\"https:\/\/www.plumesdesetoiles.com\/en\/saint-valentin-histoire-legendes\/\" class=\"_self pt-cv-readmore btn btn-success\" target=\"_self\" >Read More<\/a><\/div><\/div><\/div>\n<div class=\"pt-cv-content-item pt-cv-1-col\" ><div class=\"pt-cv-thumb-wrapper\"><a href=\"https:\/\/www.plumesdesetoiles.com\/en\/rituel-fin-de-mois-renouveau\/\" class=\"_self pt-cv-href-thumbnail pt-cv-thumb-default\" target=\"_self\" ><img loading=\"lazy\" decoding=\"async\" width=\"768\" height=\"512\" src=\"https:\/\/www.plumesdesetoiles.com\/wp-content\/uploads\/2025\/12\/Couverture-rituel-fin-de-mois-renouveau-768x512.png\" class=\"pt-cv-thumbnail\" alt=\"Un rituel de fin de mois doux et sacr\u00e9 pour faire le bilan, lib\u00e9rer l\u2019ancien et inviter le renouveau. Une pratique guid\u00e9e align\u00e9e aux cycles, \u00e0 la Lune et aux saisons.\" \/><\/a><\/div>\n<div class=\"pt-cv-remain-wrapper\"><div class=\"pt-cv-taxoterm above_title\"><a href='https:\/\/www.plumesdesetoiles.com\/en\/category\/journal-de-lame-creative\/' title='\u2728 Creative Soul Journal' class='pt-cv-tax-journal-de-lame-creative'>\u2728 Creative Soul Journal<\/a><a href='https:\/\/www.plumesdesetoiles.com\/en\/category\/saisons-et-emotions\/' title='\ud83c\udf41 Saisons &amp; \u00c9motions' class='pt-cv-tax-saisons-et-emotions'>\ud83c\udf41 Seasons &amp; Emotions<\/a><a href='https:\/\/www.plumesdesetoiles.com\/en\/category\/guides-et-ressources\/' title='\ud83d\udcda Guides &amp; Ressources' class='pt-cv-tax-guides-et-ressources'>\ud83d\udcda Guides &amp; Resources<\/a><\/div><h4 class=\"pt-cv-title\"><a href=\"https:\/\/www.plumesdesetoiles.com\/en\/rituel-fin-de-mois-renouveau\/\" class=\"_self\" target=\"_self\" >\ud83c\udf19 End-of-Month Ritual: Close a Cycle and Welcome Renewal with Intention<\/a><\/h4><div class=\"pt-cv-content\">A gentle end-of-month ritual to reflect, release what no longer serves you, and consciously welcome renewal, aligned with lunar and seasonal cycles.<\/div><div class=\"pt-cv-rmwrap\"><a href=\"https:\/\/www.plumesdesetoiles.com\/en\/rituel-fin-de-mois-renouveau\/\" class=\"_self pt-cv-readmore btn btn-success\" target=\"_self\" >Read More<\/a><\/div><\/div><\/div>\n<div class=\"pt-cv-content-item pt-cv-1-col\" ><div class=\"pt-cv-thumb-wrapper\"><a href=\"https:\/\/www.plumesdesetoiles.com\/en\/message-loup-blanc\/\" class=\"_self pt-cv-href-thumbnail pt-cv-thumb-default\" target=\"_self\" ><img loading=\"lazy\" decoding=\"async\" width=\"768\" height=\"512\" src=\"https:\/\/www.plumesdesetoiles.com\/wp-content\/uploads\/2025\/12\/Couverture-message-loup-blanc-768x512.png\" class=\"pt-cv-thumbnail\" alt=\"Message du Loup Blanc \u00e0 imprimer : une carte spirituelle douce pour \u00e9couter ton intuition, te recentrer et avancer avec confiance. Goodies symbolique \u00e0 t\u00e9l\u00e9charger.\" \/><\/a><\/div>\n<div class=\"pt-cv-remain-wrapper\"><div class=\"pt-cv-taxoterm above_title\"><a href='https:\/\/www.plumesdesetoiles.com\/en\/category\/creativite-et-intuition\/' title='\ud83c\udf3f Cr\u00e9ativit\u00e9 &amp; Intuition' class='pt-cv-tax-creativite-et-intuition'>\ud83c\udf3f Creativity &amp; Intuition<\/a><a href='https:\/\/www.plumesdesetoiles.com\/en\/category\/ressources-gratuites\/' title='\ud83d\udc9d Free Resources' class='pt-cv-tax-ressources-gratuites'>\ud83d\udc9d Free Resources<\/a><a href='https:\/\/www.plumesdesetoiles.com\/en\/category\/guides-et-ressources\/' title='\ud83d\udcda Guides &amp; Ressources' class='pt-cv-tax-guides-et-ressources'>\ud83d\udcda Guides &amp; Resources<\/a><\/div><h4 class=\"pt-cv-title\"><a href=\"https:\/\/www.plumesdesetoiles.com\/en\/message-loup-blanc\/\" class=\"_self\" target=\"_self\" >\ud83d\udc3a White Wolf Message \u2013 Printable<\/a><\/h4><div class=\"pt-cv-content\">White Wolf message to print: a gentle spiritual card to listen to your intuition, recentre yourself, and move forward with confidence. Symbolic goodie to download.<\/div><div class=\"pt-cv-rmwrap\"><a href=\"https:\/\/www.plumesdesetoiles.com\/en\/message-loup-blanc\/\" class=\"_self pt-cv-readmore btn btn-success\" target=\"_self\" >Read More<\/a><\/div><\/div><\/div><\/div><\/div>\n<div class=\"pt-cv-pagination-wrapper\"><ul class=\"pt-cv-pagination pt-cv-ajax pagination\" data-totalpages=\"5\" data-currentpage=\"1\" data-sid=\"cf4tid3d\" data-unid=\"\" data-isblock=\"grid1\" data-postid=\"0\"><li class=\"active\"><a href=\"#\">1<\/a><\/li>\n\t<li ><a class=\"\" href=\"https:\/\/www.plumesdesetoiles.com\/en\/wp-json\/wp\/v2\/pages\/1387\/?_page=2\">2<\/a><\/li>\n\t<li ><a class=\"\" href=\"https:\/\/www.plumesdesetoiles.com\/en\/wp-json\/wp\/v2\/pages\/1387\/?_page=3\">3<\/a><\/li>\n\t<li ><a href=\"#\">&hellip;<\/a><\/li>\n\t<li ><a class=\"\" href=\"https:\/\/www.plumesdesetoiles.com\/en\/wp-json\/wp\/v2\/pages\/1387\/?_page=5\">5<\/a><\/li>\n\t<li ><a class=\"\" href=\"https:\/\/www.plumesdesetoiles.com\/en\/wp-json\/wp\/v2\/pages\/1387\/?_page=2\">&rsaquo;<\/a><\/li>\n\t<\/ul><img loading=\"lazy\" decoding=\"async\" width=\"15\" height=\"15\" class=\"pt-cv-spinner\" alt=\"Loading...\" src=\"data:image\/gif;base64,R0lGODlhDwAPALMPAMrKygwMDJOTkz09PZWVla+vr3p6euTk5M7OzuXl5TMzMwAAAJmZmWZmZszMzP\/\/\/yH\/C05FVFNDQVBFMi4wAwEAAAAh+QQFCgAPACwAAAAADwAPAAAEQvDJaZaZOIcV8iQK8VRX4iTYoAwZ4iCYoAjZ4RxejhVNoT+mRGP4cyF4Pp0N98sBGIBMEMOotl6YZ3S61Bmbkm4mAgAh+QQFCgAPACwAAAAADQANAAAENPDJSRSZeA418itN8QiK8BiLITVsFiyBBIoYqnoewAD4xPw9iY4XLGYSjkQR4UAUD45DLwIAIfkEBQoADwAsAAAAAA8ACQAABC\/wyVlamTi3nSdgwFNdhEJgTJoNyoB9ISYoQmdjiZPcj7EYCAeCF1gEDo4Dz2eIAAAh+QQFCgAPACwCAAAADQANAAAEM\/DJBxiYeLKdX3IJZT1FU0iIg2RNKx3OkZVnZ98ToRD4MyiDnkAh6BkNC0MvsAj0kMpHBAAh+QQFCgAPACwGAAAACQAPAAAEMDC59KpFDll73HkAA2wVY5KgiK5b0RRoI6MuzG6EQqCDMlSGheEhUAgqgUUAFRySIgAh+QQFCgAPACwCAAIADQANAAAEM\/DJKZNLND\/kkKaHc3xk+QAMYDKsiaqmZCxGVjSFFCxB1vwy2oOgIDxuucxAMTAJFAJNBAAh+QQFCgAPACwAAAYADwAJAAAEMNAs86q1yaWwwv2Ig0jUZx3OYa4XoRAfwADXoAwfo1+CIjyFRuEho60aSNYlOPxEAAAh+QQFCgAPACwAAAIADQANAAAENPA9s4y8+IUVcqaWJ4qEQozSoAzoIyhCK2NFU2SJk0hNnyEOhKR2AzAAj4Pj4GE4W0bkJQIAOw==\" \/><div class=\"clear pt-cv-clear-pagination\"><\/div><\/div> <\/div> <style>\n#pt-cv-view-cf4tid3d {text-align: center}#pt-cv-view-cf4tid3d .pt-cv-thumb-wrapper {margin-left: auto; margin-right: auto;}\n#pt-cv-view-cf4tid3d .pt-cv-content-item { background-color: var(--global-palette1);border-radius: 18px 18px 18px 18px; }#pt-cv-view-cf4tid3d .pt-cv-meta-fields {  }#pt-cv-view-cf4tid3d .pt-cv-meta-fields * { font-size: 13px; }#pt-cv-view-cf4tid3d .pt-cv-thumb-wrapper:not(.miniwrap) {  }#pt-cv-view-cf4tid3d .pt-cv-thumbnail:not(.pt-cv-thumbnailsm) { height: 400px; }#pt-cv-view-cf4tid3d .pt-cv-title a { display: block; }#pt-cv-view-cf4tid3d .pt-cv-title:not(.pt-cv-titlesm) a { font-weight: 600;text-decoration: none;font-size: 20px; }#pt-cv-view-cf4tid3d .pt-cv-titlesm a { font-weight: 600;font-size: 18px; }#pt-cv-view-cf4tid3d .pt-cv-content { font-size: 15px; }#pt-cv-view-cf4tid3d .pt-cv-rmwrap {  }#pt-cv-view-cf4tid3d .pt-cv-readmore { color: #fff;background-color: #a4b3a2;font-size: 14px; }#pt-cv-view-cf4tid3d .pt-cv-taxoterm {  }#pt-cv-view-cf4tid3d .pt-cv-taxoterm * { color: #222;background-color: var(--global-palette1);font-size: 14px; }#pt-cv-view-cf4tid3d + .pt-cv-pagination-wrapper {  }#pt-cv-view-cf4tid3d + .pt-cv-pagination-wrapper a { font-size: 14px; }#pt-cv-view-cf4tid3d > .pt-cv-page {grid-template-columns: repeat(3, 1fr);grid-gap: 20px;}\n@media all and (max-width: 1024px) { \n#pt-cv-view-cf4tid3d .pt-cv-thumb-wrapper:not(.miniwrap) {  }#pt-cv-view-cf4tid3d .pt-cv-thumbnail:not(.pt-cv-thumbnailsm) { height: 200px; }#pt-cv-view-cf4tid3d > .pt-cv-page {}\n} \n@media all and (max-width: 767px) { \n#pt-cv-view-cf4tid3d > .pt-cv-page {grid-template-columns: repeat(1, 1fr);}\n} <\/style>","protected":false},"excerpt":{"rendered":"<p>\ud83d\udcda Guides &amp; Ressources D\u00e9couvre mes guides et ressources pour enrichir ta pratique de journaling, tes rituels cr\u00e9atifs et ton [&hellip;]<\/p>\n","protected":false},"author":1,"featured_media":599,"parent":458,"menu_order":0,"comment_status":"closed","ping_status":"closed","template":"","meta":{"_uag_custom_page_level_css":"","site-sidebar-layout":"default","site-content-layout":"","ast-site-content-layout":"default","site-content-style":"default","site-sidebar-style":"default","ast-global-header-display":"","ast-banner-title-visibility":"","ast-main-header-display":"","ast-hfb-above-header-display":"","ast-hfb-below-header-display":"","ast-hfb-mobile-header-display":"","site-post-title":"disabled","ast-breadcrumbs-content":"","ast-featured-img":"disabled","footer-sml-layout":"","ast-disable-related-posts":"","theme-transparent-header-meta":"","adv-header-id-meta":"","stick-header-meta":"","header-above-stick-meta":"","header-main-stick-meta":"","header-below-stick-meta":"","astra-migrate-meta-layouts":"default","ast-page-background-enabled":"default","ast-page-background-meta":{"desktop":{"background-color":"var(--ast-global-color-5)","background-image":"","background-repeat":"repeat","background-position":"center center","background-size":"auto","background-attachment":"scroll","background-type":"","background-media":"","overlay-type":"","overlay-color":"","overlay-opacity":"","overlay-gradient":""},"tablet":{"background-color":"","background-image":"","background-repeat":"repeat","background-position":"center center","background-size":"auto","background-attachment":"scroll","background-type":"","background-media":"","overlay-type":"","overlay-color":"","overlay-opacity":"","overlay-gradient":""},"mobile":{"background-color":"","background-image":"","background-repeat":"repeat","background-position":"center center","background-size":"auto","background-attachment":"scroll","background-type":"","background-media":"","overlay-type":"","overlay-color":"","overlay-opacity":"","overlay-gradient":""}},"ast-content-background-meta":{"desktop":{"background-color":"var(--ast-global-color-4)","background-image":"","background-repeat":"repeat","background-position":"center center","background-size":"auto","background-attachment":"scroll","background-type":"","background-media":"","overlay-type":"","overlay-color":"","overlay-opacity":"","overlay-gradient":""},"tablet":{"background-color":"var(--ast-global-color-4)","background-image":"","background-repeat":"repeat","background-position":"center center","background-size":"auto","background-attachment":"scroll","background-type":"","background-media":"","overlay-type":"","overlay-color":"","overlay-opacity":"","overlay-gradient":""},"mobile":{"background-color":"var(--ast-global-color-4)","background-image":"","background-repeat":"repeat","background-position":"center center","background-size":"auto","background-attachment":"scroll","background-type":"","background-media":"","overlay-type":"","overlay-color":"","overlay-opacity":"","overlay-gradient":""}},"footnotes":""},"class_list":["post-1387","page","type-page","status-publish","has-post-thumbnail","hentry"],"aioseo_notices":[],"uagb_featured_image_src":{"full":["https:\/\/www.plumesdesetoiles.com\/wp-content\/uploads\/2025\/08\/Guides-Ressources.png",1600,852,false],"thumbnail":["https:\/\/www.plumesdesetoiles.com\/wp-content\/uploads\/2025\/08\/Guides-Ressources-150x150.png",150,150,true],"medium":["https:\/\/www.plumesdesetoiles.com\/wp-content\/uploads\/2025\/08\/Guides-Ressources-300x160.png",300,160,true],"medium_large":["https:\/\/www.plumesdesetoiles.com\/wp-content\/uploads\/2025\/08\/Guides-Ressources-768x409.png",768,409,true],"large":["https:\/\/www.plumesdesetoiles.com\/wp-content\/uploads\/2025\/08\/Guides-Ressources-1024x545.png",1024,545,true],"1536x1536":["https:\/\/www.plumesdesetoiles.com\/wp-content\/uploads\/2025\/08\/Guides-Ressources-1536x818.png",1536,818,true],"2048x2048":["https:\/\/www.plumesdesetoiles.com\/wp-content\/uploads\/2025\/08\/Guides-Ressources.png",1600,852,false],"trp-custom-language-flag":["https:\/\/www.plumesdesetoiles.com\/wp-content\/uploads\/2025\/08\/Guides-Ressources.png",18,10,false]},"uagb_author_info":{"display_name":"Plumes des Etoiles","author_link":"https:\/\/www.plumesdesetoiles.com\/en\/author\/plumesdesetoiles\/"},"uagb_comment_info":0,"uagb_excerpt":"\ud83d\udcda Guides &amp; Ressources D\u00e9couvre mes guides et ressources pour enrichir ta pratique de journaling, tes rituels cr\u00e9atifs et ton [&hellip;]","_links":{"self":[{"href":"https:\/\/www.plumesdesetoiles.com\/en\/wp-json\/wp\/v2\/pages\/1387","targetHints":{"allow":["GET"]}}],"collection":[{"href":"https:\/\/www.plumesdesetoiles.com\/en\/wp-json\/wp\/v2\/pages"}],"about":[{"href":"https:\/\/www.plumesdesetoiles.com\/en\/wp-json\/wp\/v2\/types\/page"}],"author":[{"embeddable":true,"href":"https:\/\/www.plumesdesetoiles.com\/en\/wp-json\/wp\/v2\/users\/1"}],"replies":[{"embeddable":true,"href":"https:\/\/www.plumesdesetoiles.com\/en\/wp-json\/wp\/v2\/comments?post=1387"}],"version-history":[{"count":0,"href":"https:\/\/www.plumesdesetoiles.com\/en\/wp-json\/wp\/v2\/pages\/1387\/revisions"}],"up":[{"embeddable":true,"href":"https:\/\/www.plumesdesetoiles.com\/en\/wp-json\/wp\/v2\/pages\/458"}],"wp:featuredmedia":[{"embeddable":true,"href":"https:\/\/www.plumesdesetoiles.com\/en\/wp-json\/wp\/v2\/media\/599"}],"wp:attachment":[{"href":"https:\/\/www.plumesdesetoiles.com\/en\/wp-json\/wp\/v2\/media?parent=1387"}],"curies":[{"name":"wp","href":"https:\/\/api.w.org\/{rel}","templated":true}]}}