{"id":1372,"date":"2025-09-30T13:04:50","date_gmt":"2025-09-30T11:04:50","guid":{"rendered":"https:\/\/www.plumesdesetoiles.com\/?page_id=1372"},"modified":"2026-02-05T18:17:07","modified_gmt":"2026-02-05T17:17:07","slug":"journal-de-lame-creative","status":"publish","type":"page","link":"https:\/\/www.plumesdesetoiles.com\/en\/blog\/journal-de-lame-creative\/","title":{"rendered":"\u2728 Creative Soul Journal"},"content":{"rendered":"<div class=\"wp-block-uagb-container uagb-block-872c5232 alignfull uagb-is-root-container\"><div class=\"uagb-container-inner-blocks-wrap\">\n<div class=\"wp-block-uagb-advanced-heading uagb-block-b247c348\"><h2 class=\"uagb-heading-text\">\u2728 Creative Soul Journal<\/h2><\/div>\n<\/div><\/div>\n\n\n\n<div class=\"wp-block-uagb-advanced-heading uagb-block-50cac6b9\"><p class=\"uagb-heading-text\"><br>Articles and Tips to nurture your creativity, express your emotions, and explore your inner world through journaling.<br><\/p><\/div>\n\n\n<div class='pt-cv-wrapper'> <h3 class='pt-cv-heading-container heading1' data-blockid='7so49py6'><span class='pt-cv-heading'>  <\/span><\/h3><div class=\"pt-cv-view pt-cv-blockgrid iscvblock iscvreal grid1 layout2 cveffect-zoomin\" id=\"pt-cv-view-7so49py6\"><div data-id=\"pt-cv-page-1\" class=\"pt-cv-page\" data-cvc=\"3\"><div class=\"pt-cv-content-item pt-cv-1-col\" ><div class=\"pt-cv-thumb-wrapper\"><a href=\"https:\/\/www.plumesdesetoiles.com\/en\/ostara-energie-equinoxe-printemps\/\" class=\"_self pt-cv-href-thumbnail pt-cv-thumb-default\" target=\"_self\" ><img fetchpriority=\"high\" decoding=\"async\" width=\"768\" height=\"512\" src=\"https:\/\/www.plumesdesetoiles.com\/wp-content\/uploads\/2026\/02\/couverture-ostara-768x512.jpg\" class=\"pt-cv-thumbnail\" alt=\"\" \/><\/a><\/div>\n<div class=\"pt-cv-remain-wrapper\"><div class=\"pt-cv-taxoterm above_title\"><a href='https:\/\/www.plumesdesetoiles.com\/en\/category\/journal-de-lame-creative\/' title='\u2728 Creative Soul Journal' class='pt-cv-tax-journal-de-lame-creative'>\u2728 Creative Soul Journal<\/a><a href='https:\/\/www.plumesdesetoiles.com\/en\/category\/creativite-et-intuition\/' title='\ud83c\udf3f Cr\u00e9ativit\u00e9 &amp; Intuition' class='pt-cv-tax-creativite-et-intuition'>\ud83c\udf3f Creativity &amp; Intuition<\/a><a href='https:\/\/www.plumesdesetoiles.com\/en\/category\/saisons-et-emotions\/' title='\ud83c\udf41 Saisons &amp; \u00c9motions' class='pt-cv-tax-saisons-et-emotions'>\ud83c\udf41 Seasons &amp; Emotions<\/a><a href='https:\/\/www.plumesdesetoiles.com\/en\/category\/guides-et-ressources\/' title='\ud83d\udcda Guides &amp; Ressources' class='pt-cv-tax-guides-et-ressources'>\ud83d\udcda Guides &amp; Resources<\/a><\/div><h4 class=\"pt-cv-title\"><a href=\"https:\/\/www.plumesdesetoiles.com\/en\/ostara-energie-equinoxe-printemps\/\" class=\"_self\" target=\"_self\" >\ud83c\udf38 Ostara : Rituel, Signification &amp; \u00c9nergies de l\u2019\u00c9quinoxe de Printemps<\/a><\/h4><div class=\"pt-cv-content\">D\u00e9couvre la signification d\u2019Ostara, l\u2019\u00e9quinoxe de printemps, ses rituels, symboles sacr\u00e9s et pratiques pour c\u00e9l\u00e9brer le renouveau int\u00e9rieur &#8230;<\/div><div class=\"pt-cv-rmwrap\"><a href=\"https:\/\/www.plumesdesetoiles.com\/en\/ostara-energie-equinoxe-printemps\/\" class=\"_self pt-cv-readmore btn btn-success\" target=\"_self\" >Read More<\/a><\/div><\/div><\/div>\n<div class=\"pt-cv-content-item pt-cv-1-col\" ><div class=\"pt-cv-thumb-wrapper\"><a href=\"https:\/\/www.plumesdesetoiles.com\/en\/eclipse-lunaire-totale-du-3-mars\/\" class=\"_self pt-cv-href-thumbnail pt-cv-thumb-default\" target=\"_self\" ><img decoding=\"async\" width=\"768\" height=\"512\" src=\"https:\/\/www.plumesdesetoiles.com\/wp-content\/uploads\/2026\/03\/couverture-eclipse-lunaire-totale-mars-2026-768x512.jpg\" class=\"pt-cv-thumbnail\" alt=\"\" \/><\/a><\/div>\n<div class=\"pt-cv-remain-wrapper\"><div class=\"pt-cv-taxoterm above_title\"><a href='https:\/\/www.plumesdesetoiles.com\/en\/category\/journal-de-lame-creative\/' title='\u2728 Creative Soul Journal' class='pt-cv-tax-journal-de-lame-creative'>\u2728 Creative Soul Journal<\/a><a href='https:\/\/www.plumesdesetoiles.com\/en\/category\/creativite-et-intuition\/' title='\ud83c\udf3f Cr\u00e9ativit\u00e9 &amp; Intuition' class='pt-cv-tax-creativite-et-intuition'>\ud83c\udf3f Creativity &amp; Intuition<\/a><a href='https:\/\/www.plumesdesetoiles.com\/en\/category\/saisons-et-emotions\/' title='\ud83c\udf41 Saisons &amp; \u00c9motions' class='pt-cv-tax-saisons-et-emotions'>\ud83c\udf41 Seasons &amp; Emotions<\/a><\/div><h4 class=\"pt-cv-title\"><a href=\"https:\/\/www.plumesdesetoiles.com\/en\/eclipse-lunaire-totale-du-3-mars\/\" class=\"_self\" target=\"_self\" >\ud83c\udf11 \u00c9clipse Lunaire Totale du 3 Mars : Comprendre, Accueillir &amp; Transformer<\/a><\/h4><div class=\"pt-cv-content\">Le 3 mars, l\u2019\u00e9clipse lunaire totale ouvre un portail \u00e9nerg\u00e9tique puissant. D\u00e9couvre sa signification spirituelle, ses influences \u00e9motionnelles et les rituels \u00e0 pratiquer pour transformer cette phase cosmique en v\u00e9ritable renaissance int\u00e9rieure &#8230;<\/div><div class=\"pt-cv-rmwrap\"><a href=\"https:\/\/www.plumesdesetoiles.com\/en\/eclipse-lunaire-totale-du-3-mars\/\" class=\"_self pt-cv-readmore btn btn-success\" target=\"_self\" >Read More<\/a><\/div><\/div><\/div>\n<div class=\"pt-cv-content-item pt-cv-1-col\" ><div class=\"pt-cv-thumb-wrapper\"><a href=\"https:\/\/www.plumesdesetoiles.com\/en\/signe-astrologique-poissons\/\" class=\"_self pt-cv-href-thumbnail pt-cv-thumb-default\" target=\"_self\" ><img decoding=\"async\" width=\"768\" height=\"512\" src=\"https:\/\/www.plumesdesetoiles.com\/wp-content\/uploads\/2026\/02\/energie-poisson-couverture-768x512.png\" class=\"pt-cv-thumbnail\" alt=\"\" \/><\/a><\/div>\n<div class=\"pt-cv-remain-wrapper\"><div class=\"pt-cv-taxoterm above_title\"><a href='https:\/\/www.plumesdesetoiles.com\/en\/category\/journal-de-lame-creative\/' title='\u2728 Creative Soul Journal' class='pt-cv-tax-journal-de-lame-creative'>\u2728 Creative Soul Journal<\/a><a href='https:\/\/www.plumesdesetoiles.com\/en\/category\/creativite-et-intuition\/' title='\ud83c\udf3f Cr\u00e9ativit\u00e9 &amp; Intuition' class='pt-cv-tax-creativite-et-intuition'>\ud83c\udf3f Creativity &amp; Intuition<\/a><a href='https:\/\/www.plumesdesetoiles.com\/en\/category\/saisons-et-emotions\/' title='\ud83c\udf41 Saisons &amp; \u00c9motions' class='pt-cv-tax-saisons-et-emotions'>\ud83c\udf41 Seasons &amp; Emotions<\/a><\/div><h4 class=\"pt-cv-title\"><a href=\"https:\/\/www.plumesdesetoiles.com\/en\/signe-astrologique-poissons\/\" class=\"_self\" target=\"_self\" >\u2653 L\u2019\u00c9nergie des Poissons : Correspondances &amp; Sagesse du Signe<\/a><\/h4><div class=\"pt-cv-content\">Plonge dans l\u2019univers mystique du signe des Poissons \ud83c\udf0a D\u00e9couvre ses correspondances, sa sagesse et comment canaliser son \u00e9nergie dans ton quotidien &#8230;<\/div><div class=\"pt-cv-rmwrap\"><a href=\"https:\/\/www.plumesdesetoiles.com\/en\/signe-astrologique-poissons\/\" class=\"_self pt-cv-readmore btn btn-success\" target=\"_self\" >Read More<\/a><\/div><\/div><\/div>\n<div class=\"pt-cv-content-item pt-cv-1-col\" ><div class=\"pt-cv-thumb-wrapper\"><a href=\"https:\/\/www.plumesdesetoiles.com\/en\/eclipse-solaire-annulaire-du-17-fevrier-2026\/\" class=\"_self pt-cv-href-thumbnail pt-cv-thumb-default\" target=\"_self\" ><img loading=\"lazy\" decoding=\"async\" width=\"768\" height=\"511\" src=\"https:\/\/www.plumesdesetoiles.com\/wp-content\/uploads\/2026\/02\/Eclipse-solaire-17-02-2026-couverture-en.png\" class=\"pt-cv-thumbnail\" alt=\"\" \/><\/a><\/div>\n<div class=\"pt-cv-remain-wrapper\"><div class=\"pt-cv-taxoterm above_title\"><a href='https:\/\/www.plumesdesetoiles.com\/en\/category\/journal-de-lame-creative\/' title='\u2728 Creative Soul Journal' class='pt-cv-tax-journal-de-lame-creative'>\u2728 Creative Soul Journal<\/a><a href='https:\/\/www.plumesdesetoiles.com\/en\/category\/creativite-et-intuition\/' title='\ud83c\udf3f Cr\u00e9ativit\u00e9 &amp; Intuition' class='pt-cv-tax-creativite-et-intuition'>\ud83c\udf3f Creativity &amp; Intuition<\/a><a href='https:\/\/www.plumesdesetoiles.com\/en\/category\/saisons-et-emotions\/' title='\ud83c\udf41 Saisons &amp; \u00c9motions' class='pt-cv-tax-saisons-et-emotions'>\ud83c\udf41 Seasons &amp; Emotions<\/a><\/div><h4 class=\"pt-cv-title\"><a href=\"https:\/\/www.plumesdesetoiles.com\/en\/eclipse-solaire-annulaire-du-17-fevrier-2026\/\" class=\"_self\" target=\"_self\" >\ud83c\udf1e Annular Solar Eclipse \u2013 February 17, 2026<\/a><\/h4><div class=\"pt-cv-content\">On 02\/17\/2026, an annular solar eclipse will draw a spectacular circle of fire in the sky. A rare phenomenon...<\/div><div class=\"pt-cv-rmwrap\"><a href=\"https:\/\/www.plumesdesetoiles.com\/en\/eclipse-solaire-annulaire-du-17-fevrier-2026\/\" class=\"_self pt-cv-readmore btn btn-success\" target=\"_self\" >Read More<\/a><\/div><\/div><\/div>\n<div class=\"pt-cv-content-item pt-cv-1-col\" ><div class=\"pt-cv-thumb-wrapper\"><a href=\"https:\/\/www.plumesdesetoiles.com\/en\/pleine-lune-des-neiges-1-fevrier-energies-rituel\/\" class=\"_self pt-cv-href-thumbnail pt-cv-thumb-default\" target=\"_self\" ><img loading=\"lazy\" decoding=\"async\" width=\"768\" height=\"512\" src=\"https:\/\/www.plumesdesetoiles.com\/wp-content\/uploads\/2026\/02\/Pleine-lune-neiges-couverture-768x512.png\" class=\"pt-cv-thumbnail\" alt=\"La Pleine Lune des Neiges du 1er f\u00e9vrier nous invite au ralentissement, \u00e0 la r\u00e9silience et au renouveau int\u00e9rieur. D\u00e9couvre sa symbolique, ses \u00e9nergies et un rituel doux pour traverser l\u2019hiver en conscience.\" \/><\/a><\/div>\n<div class=\"pt-cv-remain-wrapper\"><div class=\"pt-cv-taxoterm above_title\"><a href='https:\/\/www.plumesdesetoiles.com\/en\/category\/journal-de-lame-creative\/' title='\u2728 Creative Soul Journal' class='pt-cv-tax-journal-de-lame-creative'>\u2728 Creative Soul Journal<\/a><a href='https:\/\/www.plumesdesetoiles.com\/en\/category\/creativite-et-intuition\/' title='\ud83c\udf3f Cr\u00e9ativit\u00e9 &amp; Intuition' class='pt-cv-tax-creativite-et-intuition'>\ud83c\udf3f Creativity &amp; Intuition<\/a><a href='https:\/\/www.plumesdesetoiles.com\/en\/category\/saisons-et-emotions\/' title='\ud83c\udf41 Saisons &amp; \u00c9motions' class='pt-cv-tax-saisons-et-emotions'>\ud83c\udf41 Seasons &amp; Emotions<\/a><\/div><h4 class=\"pt-cv-title\"><a href=\"https:\/\/www.plumesdesetoiles.com\/en\/pleine-lune-des-neiges-1-fevrier-energies-rituel\/\" class=\"_self\" target=\"_self\" >\ud83c\udf15 Snow Moon : Spiritual Meaning, Energies &amp; Gentle Ritual<\/a><\/h4><div class=\"pt-cv-content\">The Snow Moon of February 1st invites us to slow down, to be resilient and to experience inner renewal.<\/div><div class=\"pt-cv-rmwrap\"><a href=\"https:\/\/www.plumesdesetoiles.com\/en\/pleine-lune-des-neiges-1-fevrier-energies-rituel\/\" class=\"_self pt-cv-readmore btn btn-success\" target=\"_self\" >Read More<\/a><\/div><\/div><\/div>\n<div class=\"pt-cv-content-item pt-cv-1-col\" ><div class=\"pt-cv-thumb-wrapper\"><a href=\"https:\/\/www.plumesdesetoiles.com\/en\/imbolc-rituel-symbolique-renaissance\/\" class=\"_self pt-cv-href-thumbnail pt-cv-thumb-default\" target=\"_self\" ><img loading=\"lazy\" decoding=\"async\" width=\"768\" height=\"512\" src=\"https:\/\/www.plumesdesetoiles.com\/wp-content\/uploads\/2026\/02\/imbolc-couverture-en.png\" class=\"pt-cv-thumbnail\" alt=\"\" \/><\/a><\/div>\n<div class=\"pt-cv-remain-wrapper\"><div class=\"pt-cv-taxoterm above_title\"><a href='https:\/\/www.plumesdesetoiles.com\/en\/category\/journal-de-lame-creative\/' title='\u2728 Creative Soul Journal' class='pt-cv-tax-journal-de-lame-creative'>\u2728 Creative Soul Journal<\/a><a href='https:\/\/www.plumesdesetoiles.com\/en\/category\/creativite-et-intuition\/' title='\ud83c\udf3f Cr\u00e9ativit\u00e9 &amp; Intuition' class='pt-cv-tax-creativite-et-intuition'>\ud83c\udf3f Creativity &amp; Intuition<\/a><a href='https:\/\/www.plumesdesetoiles.com\/en\/category\/saisons-et-emotions\/' title='\ud83c\udf41 Saisons &amp; \u00c9motions' class='pt-cv-tax-saisons-et-emotions'>\ud83c\udf41 Seasons &amp; Emotions<\/a><\/div><h4 class=\"pt-cv-title\"><a href=\"https:\/\/www.plumesdesetoiles.com\/en\/imbolc-rituel-symbolique-renaissance\/\" class=\"_self\" target=\"_self\" >\ud83c\udf3f Imbolc: Purification Ritual, Sacred Symbolism &amp; the Return of the Light<\/a><\/h4><div class=\"pt-cv-content\">Imbolc, the Celtic festival of light and purification, marks inner renewal before spring. Discover its ancient symbolism, a powerful purification ritual, and how to integrate this sacred energy into a modern, conscious life\u2026<\/div><div class=\"pt-cv-rmwrap\"><a href=\"https:\/\/www.plumesdesetoiles.com\/en\/imbolc-rituel-symbolique-renaissance\/\" class=\"_self pt-cv-readmore btn btn-success\" target=\"_self\" >Read More<\/a><\/div><\/div><\/div><\/div><\/div>\n<div class=\"pt-cv-pagination-wrapper\"><ul class=\"pt-cv-pagination pt-cv-ajax pagination\" data-totalpages=\"6\" data-currentpage=\"1\" data-sid=\"7so49py6\" data-unid=\"\" data-isblock=\"grid1\" data-postid=\"0\"><li class=\"active\"><a href=\"#\">1<\/a><\/li>\n\t<li ><a class=\"\" href=\"https:\/\/www.plumesdesetoiles.com\/en\/wp-json\/wp\/v2\/pages\/1372\/?_page=2\">2<\/a><\/li>\n\t<li ><a class=\"\" href=\"https:\/\/www.plumesdesetoiles.com\/en\/wp-json\/wp\/v2\/pages\/1372\/?_page=3\">3<\/a><\/li>\n\t<li ><a href=\"#\">&hellip;<\/a><\/li>\n\t<li ><a class=\"\" href=\"https:\/\/www.plumesdesetoiles.com\/en\/wp-json\/wp\/v2\/pages\/1372\/?_page=6\">6<\/a><\/li>\n\t<li ><a class=\"\" href=\"https:\/\/www.plumesdesetoiles.com\/en\/wp-json\/wp\/v2\/pages\/1372\/?_page=2\">&rsaquo;<\/a><\/li>\n\t<\/ul><img loading=\"lazy\" decoding=\"async\" width=\"15\" height=\"15\" class=\"pt-cv-spinner\" alt=\"Loading...\" src=\"data:image\/gif;base64,R0lGODlhDwAPALMPAMrKygwMDJOTkz09PZWVla+vr3p6euTk5M7OzuXl5TMzMwAAAJmZmWZmZszMzP\/\/\/yH\/C05FVFNDQVBFMi4wAwEAAAAh+QQFCgAPACwAAAAADwAPAAAEQvDJaZaZOIcV8iQK8VRX4iTYoAwZ4iCYoAjZ4RxejhVNoT+mRGP4cyF4Pp0N98sBGIBMEMOotl6YZ3S61Bmbkm4mAgAh+QQFCgAPACwAAAAADQANAAAENPDJSRSZeA418itN8QiK8BiLITVsFiyBBIoYqnoewAD4xPw9iY4XLGYSjkQR4UAUD45DLwIAIfkEBQoADwAsAAAAAA8ACQAABC\/wyVlamTi3nSdgwFNdhEJgTJoNyoB9ISYoQmdjiZPcj7EYCAeCF1gEDo4Dz2eIAAAh+QQFCgAPACwCAAAADQANAAAEM\/DJBxiYeLKdX3IJZT1FU0iIg2RNKx3OkZVnZ98ToRD4MyiDnkAh6BkNC0MvsAj0kMpHBAAh+QQFCgAPACwGAAAACQAPAAAEMDC59KpFDll73HkAA2wVY5KgiK5b0RRoI6MuzG6EQqCDMlSGheEhUAgqgUUAFRySIgAh+QQFCgAPACwCAAIADQANAAAEM\/DJKZNLND\/kkKaHc3xk+QAMYDKsiaqmZCxGVjSFFCxB1vwy2oOgIDxuucxAMTAJFAJNBAAh+QQFCgAPACwAAAYADwAJAAAEMNAs86q1yaWwwv2Ig0jUZx3OYa4XoRAfwADXoAwfo1+CIjyFRuEho60aSNYlOPxEAAAh+QQFCgAPACwAAAIADQANAAAENPA9s4y8+IUVcqaWJ4qEQozSoAzoIyhCK2NFU2SJk0hNnyEOhKR2AzAAj4Pj4GE4W0bkJQIAOw==\" \/><div class=\"clear pt-cv-clear-pagination\"><\/div><\/div> <\/div> <style>\n#pt-cv-view-7so49py6 {text-align: center}#pt-cv-view-7so49py6 .pt-cv-thumb-wrapper {margin-left: auto; margin-right: auto;}\n#pt-cv-view-7so49py6 .pt-cv-content-item { background-color: var(--global-palette1);border-radius: 20px 20px 20px 20px; }#pt-cv-view-7so49py6 .pt-cv-meta-fields {  }#pt-cv-view-7so49py6 .pt-cv-meta-fields * { font-size: 13px; }#pt-cv-view-7so49py6 .pt-cv-thumb-wrapper:not(.miniwrap) {  }#pt-cv-view-7so49py6 .pt-cv-thumbnail:not(.pt-cv-thumbnailsm) { height: 400px; }#pt-cv-view-7so49py6 .pt-cv-title a { display: block; }#pt-cv-view-7so49py6 .pt-cv-title:not(.pt-cv-titlesm) a { font-weight: 600;text-decoration: none;font-size: 20px; }#pt-cv-view-7so49py6 .pt-cv-titlesm a { font-weight: 600;font-size: 18px; }#pt-cv-view-7so49py6 .pt-cv-content { font-size: 15px; }#pt-cv-view-7so49py6 .pt-cv-rmwrap {  }#pt-cv-view-7so49py6 .pt-cv-readmore { color: #fff;background-color: #a4b3a2;font-size: 14px; }#pt-cv-view-7so49py6 .pt-cv-taxoterm {  }#pt-cv-view-7so49py6 .pt-cv-taxoterm * { color: #222;background-color: var(--global-palette1);font-size: 14px; }#pt-cv-view-7so49py6 + .pt-cv-pagination-wrapper {  }#pt-cv-view-7so49py6 + .pt-cv-pagination-wrapper a { font-size: 14px; }#pt-cv-view-7so49py6 > .pt-cv-page {grid-template-columns: repeat(3, 1fr);grid-gap: 20px;}\n@media all and (max-width: 1024px) { \n#pt-cv-view-7so49py6 .pt-cv-thumb-wrapper:not(.miniwrap) {  }#pt-cv-view-7so49py6 .pt-cv-thumbnail:not(.pt-cv-thumbnailsm) { height: 200px; }#pt-cv-view-7so49py6 > .pt-cv-page {}\n} \n@media all and (max-width: 767px) { \n#pt-cv-view-7so49py6 > .pt-cv-page {grid-template-columns: repeat(1, 1fr);}\n} <\/style>","protected":false},"excerpt":{"rendered":"<p>\u2728 Journal de l\u2019\u00c2me Cr\u00e9ative Des Articles et Conseils pour d\u00e9velopper ta cr\u00e9ativit\u00e9, exprimer tes \u00e9motions et explorer ton univers [&hellip;]<\/p>\n","protected":false},"author":1,"featured_media":589,"parent":458,"menu_order":0,"comment_status":"closed","ping_status":"closed","template":"","meta":{"_uag_custom_page_level_css":"","site-sidebar-layout":"default","site-content-layout":"","ast-site-content-layout":"default","site-content-style":"default","site-sidebar-style":"default","ast-global-header-display":"","ast-banner-title-visibility":"","ast-main-header-display":"","ast-hfb-above-header-display":"","ast-hfb-below-header-display":"","ast-hfb-mobile-header-display":"","site-post-title":"disabled","ast-breadcrumbs-content":"","ast-featured-img":"disabled","footer-sml-layout":"","ast-disable-related-posts":"","theme-transparent-header-meta":"","adv-header-id-meta":"","stick-header-meta":"","header-above-stick-meta":"","header-main-stick-meta":"","header-below-stick-meta":"","astra-migrate-meta-layouts":"default","ast-page-background-enabled":"default","ast-page-background-meta":{"desktop":{"background-color":"var(--ast-global-color-5)","background-image":"","background-repeat":"repeat","background-position":"center center","background-size":"auto","background-attachment":"scroll","background-type":"","background-media":"","overlay-type":"","overlay-color":"","overlay-opacity":"","overlay-gradient":""},"tablet":{"background-color":"","background-image":"","background-repeat":"repeat","background-position":"center center","background-size":"auto","background-attachment":"scroll","background-type":"","background-media":"","overlay-type":"","overlay-color":"","overlay-opacity":"","overlay-gradient":""},"mobile":{"background-color":"","background-image":"","background-repeat":"repeat","background-position":"center center","background-size":"auto","background-attachment":"scroll","background-type":"","background-media":"","overlay-type":"","overlay-color":"","overlay-opacity":"","overlay-gradient":""}},"ast-content-background-meta":{"desktop":{"background-color":"var(--ast-global-color-4)","background-image":"","background-repeat":"repeat","background-position":"center center","background-size":"auto","background-attachment":"scroll","background-type":"","background-media":"","overlay-type":"","overlay-color":"","overlay-opacity":"","overlay-gradient":""},"tablet":{"background-color":"var(--ast-global-color-4)","background-image":"","background-repeat":"repeat","background-position":"center center","background-size":"auto","background-attachment":"scroll","background-type":"","background-media":"","overlay-type":"","overlay-color":"","overlay-opacity":"","overlay-gradient":""},"mobile":{"background-color":"var(--ast-global-color-4)","background-image":"","background-repeat":"repeat","background-position":"center center","background-size":"auto","background-attachment":"scroll","background-type":"","background-media":"","overlay-type":"","overlay-color":"","overlay-opacity":"","overlay-gradient":""}},"footnotes":""},"class_list":["post-1372","page","type-page","status-publish","has-post-thumbnail","hentry"],"aioseo_notices":[],"uagb_featured_image_src":{"full":["https:\/\/www.plumesdesetoiles.com\/wp-content\/uploads\/2025\/08\/Journal-de-lAme-Creative.png",1600,852,false],"thumbnail":["https:\/\/www.plumesdesetoiles.com\/wp-content\/uploads\/2025\/08\/Journal-de-lAme-Creative-150x150.png",150,150,true],"medium":["https:\/\/www.plumesdesetoiles.com\/wp-content\/uploads\/2025\/08\/Journal-de-lAme-Creative-300x160.png",300,160,true],"medium_large":["https:\/\/www.plumesdesetoiles.com\/wp-content\/uploads\/2025\/08\/Journal-de-lAme-Creative-768x409.png",768,409,true],"large":["https:\/\/www.plumesdesetoiles.com\/wp-content\/uploads\/2025\/08\/Journal-de-lAme-Creative-1024x545.png",1024,545,true],"1536x1536":["https:\/\/www.plumesdesetoiles.com\/wp-content\/uploads\/2025\/08\/Journal-de-lAme-Creative-1536x818.png",1536,818,true],"2048x2048":["https:\/\/www.plumesdesetoiles.com\/wp-content\/uploads\/2025\/08\/Journal-de-lAme-Creative.png",1600,852,false],"trp-custom-language-flag":["https:\/\/www.plumesdesetoiles.com\/wp-content\/uploads\/2025\/08\/Journal-de-lAme-Creative.png",18,10,false]},"uagb_author_info":{"display_name":"Plumes des Etoiles","author_link":"https:\/\/www.plumesdesetoiles.com\/en\/author\/plumesdesetoiles\/"},"uagb_comment_info":0,"uagb_excerpt":"\u2728 Journal de l\u2019\u00c2me Cr\u00e9ative Des Articles et Conseils pour d\u00e9velopper ta cr\u00e9ativit\u00e9, exprimer tes \u00e9motions et explorer ton univers [&hellip;]","_links":{"self":[{"href":"https:\/\/www.plumesdesetoiles.com\/en\/wp-json\/wp\/v2\/pages\/1372","targetHints":{"allow":["GET"]}}],"collection":[{"href":"https:\/\/www.plumesdesetoiles.com\/en\/wp-json\/wp\/v2\/pages"}],"about":[{"href":"https:\/\/www.plumesdesetoiles.com\/en\/wp-json\/wp\/v2\/types\/page"}],"author":[{"embeddable":true,"href":"https:\/\/www.plumesdesetoiles.com\/en\/wp-json\/wp\/v2\/users\/1"}],"replies":[{"embeddable":true,"href":"https:\/\/www.plumesdesetoiles.com\/en\/wp-json\/wp\/v2\/comments?post=1372"}],"version-history":[{"count":0,"href":"https:\/\/www.plumesdesetoiles.com\/en\/wp-json\/wp\/v2\/pages\/1372\/revisions"}],"up":[{"embeddable":true,"href":"https:\/\/www.plumesdesetoiles.com\/en\/wp-json\/wp\/v2\/pages\/458"}],"wp:featuredmedia":[{"embeddable":true,"href":"https:\/\/www.plumesdesetoiles.com\/en\/wp-json\/wp\/v2\/media\/589"}],"wp:attachment":[{"href":"https:\/\/www.plumesdesetoiles.com\/en\/wp-json\/wp\/v2\/media?parent=1372"}],"curies":[{"name":"wp","href":"https:\/\/api.w.org\/{rel}","templated":true}]}}