{"id":1368,"date":"2025-09-30T12:34:34","date_gmt":"2025-09-30T10:34:34","guid":{"rendered":"https:\/\/www.plumesdesetoiles.com\/?page_id=1368"},"modified":"2026-02-05T14:23:47","modified_gmt":"2026-02-05T13:23:47","slug":"ressources-gratuites-2","status":"publish","type":"page","link":"https:\/\/www.plumesdesetoiles.com\/en\/ressources-gratuites-2\/","title":{"rendered":"\ud83d\udc9d Free Resources"},"content":{"rendered":"<div class=\"wp-block-uagb-container uagb-block-e82ee653 alignfull uagb-is-root-container\"><div class=\"uagb-container-inner-blocks-wrap\">\n<div class=\"wp-block-uagb-advanced-heading uagb-block-4bc60b8d\"><h2 class=\"uagb-heading-text\">\ud83d\udc9d Free Resources<\/h2><\/div>\n<\/div><\/div>\n\n\n\n<div class=\"wp-block-uagb-advanced-heading uagb-block-efec829e\"><p class=\"uagb-heading-text\"><br>\ud83d\udc9d Little wonders offered with love \ud83d\udc9d<br>Because magic sometimes begins with a small, unexpected gift\u2026<br>\u2728 Welcome to my magical corner of free delights \u2728<br>Here, I offer you a few creations made with heart \ud83d\udc96, to inspire you, accompany you through the seasons, and brighten your everyday life.<br>Whether it\u2019s to get organized, send a sweet thought, or treat yourself, these gifts are here to wrap you in gentle care \ud83d\udc8c.<br>Download them freely, print them, and savor the moment\u2026<br>\ud83c\udf38 Wishing you a delightful discovery \u2728<\/p><\/div>\n\n\n<div class='pt-cv-wrapper'> <h3 class='pt-cv-heading-container heading1' data-blockid='cf4tid3d'><span class='pt-cv-heading'>  <\/span><\/h3><div class=\"pt-cv-view pt-cv-blockgrid iscvblock iscvreal grid1 layout2 cveffect-zoomin\" id=\"pt-cv-view-cf4tid3d\"><div data-id=\"pt-cv-page-1\" class=\"pt-cv-page\" data-cvc=\"3\"><div class=\"pt-cv-content-item pt-cv-1-col\" ><div class=\"pt-cv-thumb-wrapper\"><a href=\"https:\/\/www.plumesdesetoiles.com\/en\/stickers-saint-valentin-2026\/\" class=\"_self pt-cv-href-thumbnail pt-cv-thumb-default\" target=\"_self\" ><img fetchpriority=\"high\" decoding=\"async\" width=\"768\" height=\"512\" src=\"https:\/\/www.plumesdesetoiles.com\/wp-content\/uploads\/2026\/01\/Couverture-stickers-valentin-2026-768x512.png\" class=\"pt-cv-thumbnail\" alt=\"D\u00e9couvre ma page de stickers f\u00e9vrier, parfaite pour journaux, planners et tablettes, pour c\u00e9l\u00e9brer l\u2019amour et la connexion ce mois-ci.\" \/><\/a><\/div>\n<div class=\"pt-cv-remain-wrapper\"><div class=\"pt-cv-taxoterm above_title\"><a href='https:\/\/www.plumesdesetoiles.com\/en\/category\/saisons-et-emotions\/' title='\ud83c\udf41 Saisons &amp; \u00c9motions' class='pt-cv-tax-saisons-et-emotions'>\ud83c\udf41 Seasons &amp; Emotions<\/a><a href='https:\/\/www.plumesdesetoiles.com\/en\/category\/ressources-gratuites\/' title='\ud83d\udc9d Free Resources' class='pt-cv-tax-ressources-gratuites'>\ud83d\udc9d Free Resources<\/a><\/div><h4 class=\"pt-cv-title\"><a href=\"https:\/\/www.plumesdesetoiles.com\/en\/stickers-saint-valentin-2026\/\" class=\"_self\" target=\"_self\" >\ud83c\udf39 February Stickers: Love &amp; Connection<\/a><\/h4><div class=\"pt-cv-content\">Check out my February sticker page, perfect for newspapers, planners and tablets, to celebrate love and connection this month...<\/div><div class=\"pt-cv-rmwrap\"><a href=\"https:\/\/www.plumesdesetoiles.com\/en\/stickers-saint-valentin-2026\/\" class=\"_self pt-cv-readmore btn btn-success\" target=\"_self\" >Read More<\/a><\/div><\/div><\/div>\n<div class=\"pt-cv-content-item pt-cv-1-col\" ><div class=\"pt-cv-thumb-wrapper\"><a href=\"https:\/\/www.plumesdesetoiles.com\/en\/message-loup-blanc\/\" class=\"_self pt-cv-href-thumbnail pt-cv-thumb-default\" target=\"_self\" ><img decoding=\"async\" width=\"768\" height=\"512\" src=\"https:\/\/www.plumesdesetoiles.com\/wp-content\/uploads\/2025\/12\/Couverture-message-loup-blanc-768x512.png\" class=\"pt-cv-thumbnail\" alt=\"Message du Loup Blanc \u00e0 imprimer : une carte spirituelle douce pour \u00e9couter ton intuition, te recentrer et avancer avec confiance. Goodies symbolique \u00e0 t\u00e9l\u00e9charger.\" \/><\/a><\/div>\n<div class=\"pt-cv-remain-wrapper\"><div class=\"pt-cv-taxoterm above_title\"><a href='https:\/\/www.plumesdesetoiles.com\/en\/category\/creativite-et-intuition\/' title='\ud83c\udf3f Cr\u00e9ativit\u00e9 &amp; Intuition' class='pt-cv-tax-creativite-et-intuition'>\ud83c\udf3f Creativity &amp; Intuition<\/a><a href='https:\/\/www.plumesdesetoiles.com\/en\/category\/ressources-gratuites\/' title='\ud83d\udc9d Free Resources' class='pt-cv-tax-ressources-gratuites'>\ud83d\udc9d Free Resources<\/a><a href='https:\/\/www.plumesdesetoiles.com\/en\/category\/guides-et-ressources\/' title='\ud83d\udcda Guides &amp; Ressources' class='pt-cv-tax-guides-et-ressources'>\ud83d\udcda Guides &amp; Resources<\/a><\/div><h4 class=\"pt-cv-title\"><a href=\"https:\/\/www.plumesdesetoiles.com\/en\/message-loup-blanc\/\" class=\"_self\" target=\"_self\" >\ud83d\udc3a White Wolf Message \u2013 Printable<\/a><\/h4><div class=\"pt-cv-content\">White Wolf message to print: a gentle spiritual card to listen to your intuition, recentre yourself, and move forward with confidence. Symbolic goodie to download.<\/div><div class=\"pt-cv-rmwrap\"><a href=\"https:\/\/www.plumesdesetoiles.com\/en\/message-loup-blanc\/\" class=\"_self pt-cv-readmore btn btn-success\" target=\"_self\" >Read More<\/a><\/div><\/div><\/div>\n<div class=\"pt-cv-content-item pt-cv-1-col\" ><div class=\"pt-cv-thumb-wrapper\"><a href=\"https:\/\/www.plumesdesetoiles.com\/en\/feuille-intentions-2026-a-imprimer\/\" class=\"_self pt-cv-href-thumbnail pt-cv-thumb-default\" target=\"_self\" ><img decoding=\"async\" width=\"768\" height=\"512\" src=\"https:\/\/www.plumesdesetoiles.com\/wp-content\/uploads\/2025\/12\/feuille-intentions-2026-couverture-768x512.png\" class=\"pt-cv-thumbnail\" alt=\"\" \/><\/a><\/div>\n<div class=\"pt-cv-remain-wrapper\"><div class=\"pt-cv-taxoterm above_title\"><a href='https:\/\/www.plumesdesetoiles.com\/en\/category\/saisons-et-emotions\/' title='\ud83c\udf41 Saisons &amp; \u00c9motions' class='pt-cv-tax-saisons-et-emotions'>\ud83c\udf41 Seasons &amp; Emotions<\/a><a href='https:\/\/www.plumesdesetoiles.com\/en\/category\/ressources-gratuites\/' title='\ud83d\udc9d Free Resources' class='pt-cv-tax-ressources-gratuites'>\ud83d\udc9d Free Resources<\/a><\/div><h4 class=\"pt-cv-title\"><a href=\"https:\/\/www.plumesdesetoiles.com\/en\/feuille-intentions-2026-a-imprimer\/\" class=\"_self\" target=\"_self\" >\ud83c\udf1f \u201cIntentions 2026\u201d Printable Sheet<\/a><\/h4><div class=\"pt-cv-content\">Download the \u201cIntentions 2026\u201d sheet \u2014 a poetic page to set your dreams, clarify your year, and gently anchor your wishes.<\/div><div class=\"pt-cv-rmwrap\"><a href=\"https:\/\/www.plumesdesetoiles.com\/en\/feuille-intentions-2026-a-imprimer\/\" class=\"_self pt-cv-readmore btn btn-success\" target=\"_self\" >Read More<\/a><\/div><\/div><\/div>\n<div class=\"pt-cv-content-item pt-cv-1-col\" ><div class=\"pt-cv-thumb-wrapper\"><a href=\"https:\/\/www.plumesdesetoiles.com\/en\/bloc-notes-pensees-hiver-a-imprimer\/\" class=\"_self pt-cv-href-thumbnail pt-cv-thumb-default\" target=\"_self\" ><img loading=\"lazy\" decoding=\"async\" width=\"768\" height=\"512\" src=\"https:\/\/www.plumesdesetoiles.com\/wp-content\/uploads\/2025\/12\/Bloc-notes-Pensees-Hiver-2025-couverture-768x512.png\" class=\"pt-cv-thumbnail\" alt=\"\" \/><\/a><\/div>\n<div class=\"pt-cv-remain-wrapper\"><div class=\"pt-cv-taxoterm above_title\"><a href='https:\/\/www.plumesdesetoiles.com\/en\/category\/saisons-et-emotions\/' title='\ud83c\udf41 Saisons &amp; \u00c9motions' class='pt-cv-tax-saisons-et-emotions'>\ud83c\udf41 Seasons &amp; Emotions<\/a><a href='https:\/\/www.plumesdesetoiles.com\/en\/category\/ressources-gratuites\/' title='\ud83d\udc9d Free Resources' class='pt-cv-tax-ressources-gratuites'>\ud83d\udc9d Free Resources<\/a><\/div><h4 class=\"pt-cv-title\"><a href=\"https:\/\/www.plumesdesetoiles.com\/en\/bloc-notes-pensees-hiver-a-imprimer\/\" class=\"_self\" target=\"_self\" >\u2744\ufe0f \u201cWinter Thoughts\u201d Notepad \u2014 A haven for your seasonal inspirations<\/a><\/h4><div class=\"pt-cv-content\">Download the \u201cWinter Thoughts\u201d notepad: a soft, poetic page to write down your ideas, thoughts, and inspirations throughout the winter season.<\/div><div class=\"pt-cv-rmwrap\"><a href=\"https:\/\/www.plumesdesetoiles.com\/en\/bloc-notes-pensees-hiver-a-imprimer\/\" class=\"_self pt-cv-readmore btn btn-success\" target=\"_self\" >Read More<\/a><\/div><\/div><\/div>\n<div class=\"pt-cv-content-item pt-cv-1-col\" ><div class=\"pt-cv-thumb-wrapper\"><a href=\"https:\/\/www.plumesdesetoiles.com\/en\/fond-ecran-lumiere-hiver-calendrier-avent\/\" class=\"_self pt-cv-href-thumbnail pt-cv-thumb-default\" target=\"_self\" ><img loading=\"lazy\" decoding=\"async\" width=\"768\" height=\"512\" src=\"https:\/\/www.plumesdesetoiles.com\/wp-content\/uploads\/2025\/12\/Couverture-Fond-ecran-lumiere-hiver-2025-768x512.png\" class=\"pt-cv-thumbnail\" alt=\"\" \/><\/a><\/div>\n<div class=\"pt-cv-remain-wrapper\"><div class=\"pt-cv-taxoterm above_title\"><a href='https:\/\/www.plumesdesetoiles.com\/en\/category\/saisons-et-emotions\/' title='\ud83c\udf41 Saisons &amp; \u00c9motions' class='pt-cv-tax-saisons-et-emotions'>\ud83c\udf41 Seasons &amp; Emotions<\/a><a href='https:\/\/www.plumesdesetoiles.com\/en\/category\/ressources-gratuites\/' title='\ud83d\udc9d Free Resources' class='pt-cv-tax-ressources-gratuites'>\ud83d\udc9d Free Resources<\/a><\/div><h4 class=\"pt-cv-title\"><a href=\"https:\/\/www.plumesdesetoiles.com\/en\/fond-ecran-lumiere-hiver-calendrier-avent\/\" class=\"_self\" target=\"_self\" >\u2744\ufe0f Winter Light Wallpaper<\/a><\/h4><div class=\"pt-cv-content\">A \u2018Winter Light\u2019 wallpaper to soothe your December. Softness, clarity, and winter magic to download for free.<\/div><div class=\"pt-cv-rmwrap\"><a href=\"https:\/\/www.plumesdesetoiles.com\/en\/fond-ecran-lumiere-hiver-calendrier-avent\/\" class=\"_self pt-cv-readmore btn btn-success\" target=\"_self\" >Read More<\/a><\/div><\/div><\/div>\n<div class=\"pt-cv-content-item pt-cv-1-col\" ><div class=\"pt-cv-thumb-wrapper\"><a href=\"https:\/\/www.plumesdesetoiles.com\/en\/4-cartes-inspirantes-magie-hiver-calendrier-avent\/\" class=\"_self pt-cv-href-thumbnail pt-cv-thumb-default\" target=\"_self\" ><img loading=\"lazy\" decoding=\"async\" width=\"768\" height=\"512\" src=\"https:\/\/www.plumesdesetoiles.com\/wp-content\/uploads\/2025\/12\/Couverture-4-cartes-inspirantes-magie-hiver-calendrier-avent-768x512.png\" class=\"pt-cv-thumbnail\" alt=\"\" \/><\/a><\/div>\n<div class=\"pt-cv-remain-wrapper\"><div class=\"pt-cv-taxoterm above_title\"><a href='https:\/\/www.plumesdesetoiles.com\/en\/category\/saisons-et-emotions\/' title='\ud83c\udf41 Saisons &amp; \u00c9motions' class='pt-cv-tax-saisons-et-emotions'>\ud83c\udf41 Seasons &amp; Emotions<\/a><a href='https:\/\/www.plumesdesetoiles.com\/en\/category\/ressources-gratuites\/' title='\ud83d\udc9d Free Resources' class='pt-cv-tax-ressources-gratuites'>\ud83d\udc9d Free Resources<\/a><\/div><h4 class=\"pt-cv-title\"><a href=\"https:\/\/www.plumesdesetoiles.com\/en\/4-cartes-inspirantes-magie-hiver-calendrier-avent\/\" class=\"_self\" target=\"_self\" >\u2744\ufe0f 4 Inspirational Cards \u2013 Winter Magic<\/a><\/h4><div class=\"pt-cv-content\">Download 4 inspiring \u201cWinter Magic\u201d cards: softness, guidance, and poetry to accompany you throughout December. Free PDF version included.<\/div><div class=\"pt-cv-rmwrap\"><a href=\"https:\/\/www.plumesdesetoiles.com\/en\/4-cartes-inspirantes-magie-hiver-calendrier-avent\/\" class=\"_self pt-cv-readmore btn btn-success\" target=\"_self\" >Read More<\/a><\/div><\/div><\/div><\/div><\/div>\n<div class=\"pt-cv-pagination-wrapper\"><ul class=\"pt-cv-pagination pt-cv-ajax pagination\" data-totalpages=\"2\" data-currentpage=\"1\" data-sid=\"cf4tid3d\" data-unid=\"\" data-isblock=\"grid1\" data-postid=\"0\"><li class=\"active\"><a href=\"#\">1<\/a><\/li>\n\t<li ><a class=\"\" href=\"https:\/\/www.plumesdesetoiles.com\/en\/wp-json\/wp\/v2\/pages\/1368\/?_page=2\">2<\/a><\/li>\n\t<li ><a class=\"\" href=\"https:\/\/www.plumesdesetoiles.com\/en\/wp-json\/wp\/v2\/pages\/1368\/?_page=2\">&rsaquo;<\/a><\/li>\n\t<\/ul><img loading=\"lazy\" decoding=\"async\" width=\"15\" height=\"15\" class=\"pt-cv-spinner\" alt=\"Loading...\" src=\"data:image\/gif;base64,R0lGODlhDwAPALMPAMrKygwMDJOTkz09PZWVla+vr3p6euTk5M7OzuXl5TMzMwAAAJmZmWZmZszMzP\/\/\/yH\/C05FVFNDQVBFMi4wAwEAAAAh+QQFCgAPACwAAAAADwAPAAAEQvDJaZaZOIcV8iQK8VRX4iTYoAwZ4iCYoAjZ4RxejhVNoT+mRGP4cyF4Pp0N98sBGIBMEMOotl6YZ3S61Bmbkm4mAgAh+QQFCgAPACwAAAAADQANAAAENPDJSRSZeA418itN8QiK8BiLITVsFiyBBIoYqnoewAD4xPw9iY4XLGYSjkQR4UAUD45DLwIAIfkEBQoADwAsAAAAAA8ACQAABC\/wyVlamTi3nSdgwFNdhEJgTJoNyoB9ISYoQmdjiZPcj7EYCAeCF1gEDo4Dz2eIAAAh+QQFCgAPACwCAAAADQANAAAEM\/DJBxiYeLKdX3IJZT1FU0iIg2RNKx3OkZVnZ98ToRD4MyiDnkAh6BkNC0MvsAj0kMpHBAAh+QQFCgAPACwGAAAACQAPAAAEMDC59KpFDll73HkAA2wVY5KgiK5b0RRoI6MuzG6EQqCDMlSGheEhUAgqgUUAFRySIgAh+QQFCgAPACwCAAIADQANAAAEM\/DJKZNLND\/kkKaHc3xk+QAMYDKsiaqmZCxGVjSFFCxB1vwy2oOgIDxuucxAMTAJFAJNBAAh+QQFCgAPACwAAAYADwAJAAAEMNAs86q1yaWwwv2Ig0jUZx3OYa4XoRAfwADXoAwfo1+CIjyFRuEho60aSNYlOPxEAAAh+QQFCgAPACwAAAIADQANAAAENPA9s4y8+IUVcqaWJ4qEQozSoAzoIyhCK2NFU2SJk0hNnyEOhKR2AzAAj4Pj4GE4W0bkJQIAOw==\" \/><div class=\"clear pt-cv-clear-pagination\"><\/div><\/div> <\/div> <style>\n#pt-cv-view-cf4tid3d {text-align: center}#pt-cv-view-cf4tid3d .pt-cv-thumb-wrapper {margin-left: auto; margin-right: auto;}\n#pt-cv-view-cf4tid3d .pt-cv-content-item { background-color: var(--global-palette1); }#pt-cv-view-cf4tid3d .pt-cv-meta-fields {  }#pt-cv-view-cf4tid3d .pt-cv-meta-fields * { font-size: 13px; }#pt-cv-view-cf4tid3d .pt-cv-thumb-wrapper:not(.miniwrap) {  }#pt-cv-view-cf4tid3d .pt-cv-thumbnail:not(.pt-cv-thumbnailsm) { height: 500px; }#pt-cv-view-cf4tid3d .pt-cv-title a { display: block; }#pt-cv-view-cf4tid3d .pt-cv-title:not(.pt-cv-titlesm) a { font-weight: 600;text-decoration: none;font-size: 20px; }#pt-cv-view-cf4tid3d .pt-cv-titlesm a { font-weight: 600;font-size: 18px; }#pt-cv-view-cf4tid3d .pt-cv-content { font-size: 15px; }#pt-cv-view-cf4tid3d .pt-cv-rmwrap {  }#pt-cv-view-cf4tid3d .pt-cv-readmore { color: #fff;background-color: #a4b3a2;font-size: 14px; }#pt-cv-view-cf4tid3d .pt-cv-taxoterm {  }#pt-cv-view-cf4tid3d .pt-cv-taxoterm * { color: #222;background-color: var(--global-palette1);font-size: 14px; }#pt-cv-view-cf4tid3d + .pt-cv-pagination-wrapper {  }#pt-cv-view-cf4tid3d + .pt-cv-pagination-wrapper a { font-size: 14px; }#pt-cv-view-cf4tid3d > .pt-cv-page {grid-template-columns: repeat(3, 1fr);grid-gap: 20px;}\n@media all and (max-width: 1024px) { \n#pt-cv-view-cf4tid3d > .pt-cv-page {}\n} \n@media all and (max-width: 767px) { \n#pt-cv-view-cf4tid3d > .pt-cv-page {grid-template-columns: repeat(1, 1fr);}\n} <\/style>","protected":false},"excerpt":{"rendered":"<p>\ud83d\udc9d Ressources Gratuites \ud83d\udc9dDes petites merveilles offertes avec amour \ud83d\udc9dParce que la magie commence parfois par un petit cadeau inattendu\u2026\u2728 [&hellip;]<\/p>\n","protected":false},"author":1,"featured_media":611,"parent":0,"menu_order":0,"comment_status":"closed","ping_status":"closed","template":"","meta":{"_uag_custom_page_level_css":"","site-sidebar-layout":"default","site-content-layout":"","ast-site-content-layout":"default","site-content-style":"default","site-sidebar-style":"default","ast-global-header-display":"","ast-banner-title-visibility":"","ast-main-header-display":"","ast-hfb-above-header-display":"","ast-hfb-below-header-display":"","ast-hfb-mobile-header-display":"","site-post-title":"disabled","ast-breadcrumbs-content":"","ast-featured-img":"disabled","footer-sml-layout":"","ast-disable-related-posts":"","theme-transparent-header-meta":"","adv-header-id-meta":"","stick-header-meta":"","header-above-stick-meta":"","header-main-stick-meta":"","header-below-stick-meta":"","astra-migrate-meta-layouts":"default","ast-page-background-enabled":"default","ast-page-background-meta":{"desktop":{"background-color":"var(--ast-global-color-5)","background-image":"","background-repeat":"repeat","background-position":"center center","background-size":"auto","background-attachment":"scroll","background-type":"","background-media":"","overlay-type":"","overlay-color":"","overlay-opacity":"","overlay-gradient":""},"tablet":{"background-color":"","background-image":"","background-repeat":"repeat","background-position":"center center","background-size":"auto","background-attachment":"scroll","background-type":"","background-media":"","overlay-type":"","overlay-color":"","overlay-opacity":"","overlay-gradient":""},"mobile":{"background-color":"","background-image":"","background-repeat":"repeat","background-position":"center center","background-size":"auto","background-attachment":"scroll","background-type":"","background-media":"","overlay-type":"","overlay-color":"","overlay-opacity":"","overlay-gradient":""}},"ast-content-background-meta":{"desktop":{"background-color":"var(--ast-global-color-4)","background-image":"","background-repeat":"repeat","background-position":"center center","background-size":"auto","background-attachment":"scroll","background-type":"","background-media":"","overlay-type":"","overlay-color":"","overlay-opacity":"","overlay-gradient":""},"tablet":{"background-color":"var(--ast-global-color-4)","background-image":"","background-repeat":"repeat","background-position":"center center","background-size":"auto","background-attachment":"scroll","background-type":"","background-media":"","overlay-type":"","overlay-color":"","overlay-opacity":"","overlay-gradient":""},"mobile":{"background-color":"var(--ast-global-color-4)","background-image":"","background-repeat":"repeat","background-position":"center center","background-size":"auto","background-attachment":"scroll","background-type":"","background-media":"","overlay-type":"","overlay-color":"","overlay-opacity":"","overlay-gradient":""}},"footnotes":""},"class_list":["post-1368","page","type-page","status-publish","has-post-thumbnail","hentry"],"aioseo_notices":[],"uagb_featured_image_src":{"full":["https:\/\/www.plumesdesetoiles.com\/wp-content\/uploads\/2025\/08\/\ud83c\udf81-Ressource-gratuite.png",1200,800,false],"thumbnail":["https:\/\/www.plumesdesetoiles.com\/wp-content\/uploads\/2025\/08\/\ud83c\udf81-Ressource-gratuite-150x150.png",150,150,true],"medium":["https:\/\/www.plumesdesetoiles.com\/wp-content\/uploads\/2025\/08\/\ud83c\udf81-Ressource-gratuite-300x200.png",300,200,true],"medium_large":["https:\/\/www.plumesdesetoiles.com\/wp-content\/uploads\/2025\/08\/\ud83c\udf81-Ressource-gratuite-768x512.png",768,512,true],"large":["https:\/\/www.plumesdesetoiles.com\/wp-content\/uploads\/2025\/08\/\ud83c\udf81-Ressource-gratuite-1024x683.png",1024,683,true],"1536x1536":["https:\/\/www.plumesdesetoiles.com\/wp-content\/uploads\/2025\/08\/\ud83c\udf81-Ressource-gratuite.png",1200,800,false],"2048x2048":["https:\/\/www.plumesdesetoiles.com\/wp-content\/uploads\/2025\/08\/\ud83c\udf81-Ressource-gratuite.png",1200,800,false],"trp-custom-language-flag":["https:\/\/www.plumesdesetoiles.com\/wp-content\/uploads\/2025\/08\/\ud83c\udf81-Ressource-gratuite.png",18,12,false]},"uagb_author_info":{"display_name":"Plumes des Etoiles","author_link":"https:\/\/www.plumesdesetoiles.com\/en\/author\/plumesdesetoiles\/"},"uagb_comment_info":0,"uagb_excerpt":"\ud83d\udc9d Ressources Gratuites \ud83d\udc9dDes petites merveilles offertes avec amour \ud83d\udc9dParce que la magie commence parfois par un petit cadeau inattendu\u2026\u2728 [&hellip;]","_links":{"self":[{"href":"https:\/\/www.plumesdesetoiles.com\/en\/wp-json\/wp\/v2\/pages\/1368","targetHints":{"allow":["GET"]}}],"collection":[{"href":"https:\/\/www.plumesdesetoiles.com\/en\/wp-json\/wp\/v2\/pages"}],"about":[{"href":"https:\/\/www.plumesdesetoiles.com\/en\/wp-json\/wp\/v2\/types\/page"}],"author":[{"embeddable":true,"href":"https:\/\/www.plumesdesetoiles.com\/en\/wp-json\/wp\/v2\/users\/1"}],"replies":[{"embeddable":true,"href":"https:\/\/www.plumesdesetoiles.com\/en\/wp-json\/wp\/v2\/comments?post=1368"}],"version-history":[{"count":0,"href":"https:\/\/www.plumesdesetoiles.com\/en\/wp-json\/wp\/v2\/pages\/1368\/revisions"}],"wp:featuredmedia":[{"embeddable":true,"href":"https:\/\/www.plumesdesetoiles.com\/en\/wp-json\/wp\/v2\/media\/611"}],"wp:attachment":[{"href":"https:\/\/www.plumesdesetoiles.com\/en\/wp-json\/wp\/v2\/media?parent=1368"}],"curies":[{"name":"wp","href":"https:\/\/api.w.org\/{rel}","templated":true}]}}