{"id":1357,"date":"2025-09-30T11:44:37","date_gmt":"2025-09-30T09:44:37","guid":{"rendered":"https:\/\/www.plumesdesetoiles.com\/?page_id=1357"},"modified":"2026-02-05T18:27:35","modified_gmt":"2026-02-05T17:27:35","slug":"contes-et-etoiles","status":"publish","type":"page","link":"https:\/\/www.plumesdesetoiles.com\/en\/blog\/contes-et-etoiles\/","title":{"rendered":"\ud83d\udd6f\ufe0f Tales &amp; Stars"},"content":{"rendered":"<div class=\"wp-block-uagb-container uagb-block-872c5232 alignfull uagb-is-root-container\"><div class=\"uagb-container-inner-blocks-wrap\">\n<div class=\"wp-block-uagb-advanced-heading uagb-block-b247c348\"><h2 class=\"uagb-heading-text\">\ud83d\udd6f\ufe0f Tales &amp; Stars<\/h2><\/div>\n<\/div><\/div>\n\n\n\n<div class=\"wp-block-uagb-advanced-heading uagb-block-50cac6b9\"><p class=\"uagb-heading-text\"><br>Discover my poetic and wondrous stories for children, designed to spark imagination and share positive values.<br><\/p><\/div>\n\n\n<div class='pt-cv-wrapper'> <h3 class='pt-cv-heading-container heading1' data-blockid='mkcesl7p'><span class='pt-cv-heading'>  <\/span><\/h3><div class=\"pt-cv-view pt-cv-blockgrid iscvblock iscvreal grid1 layout2 cveffect-zoomin\" id=\"pt-cv-view-mkcesl7p\"><div data-id=\"pt-cv-page-1\" class=\"pt-cv-page\" data-cvc=\"3\"><div class=\"pt-cv-content-item pt-cv-1-col\" ><div class=\"pt-cv-thumb-wrapper\"><a href=\"https:\/\/www.plumesdesetoiles.com\/en\/la-lune-et-le-lien\/\" class=\"_self pt-cv-href-thumbnail pt-cv-thumb-default\" target=\"_self\" ><img fetchpriority=\"high\" decoding=\"async\" width=\"768\" height=\"512\" src=\"https:\/\/www.plumesdesetoiles.com\/wp-content\/uploads\/2026\/02\/couverture-lune-lien-768x512.jpg\" class=\"pt-cv-thumbnail\" alt=\"\" \/><\/a><\/div>\n<div class=\"pt-cv-remain-wrapper\"><div class=\"pt-cv-taxoterm above_title\"><a href='https:\/\/www.plumesdesetoiles.com\/en\/category\/saisons-et-emotions\/' title='\ud83c\udf41 Saisons &amp; \u00c9motions' class='pt-cv-tax-saisons-et-emotions'>\ud83c\udf41 Seasons &amp; Emotions<\/a><a href='https:\/\/www.plumesdesetoiles.com\/en\/category\/contes-et-etoiles\/' title='\ud83d\udd6f\ufe0f Contes &amp; \u00e9toiles' class='pt-cv-tax-contes-et-etoiles'>\ud83d\udd6f\ufe0f Tales &amp; Stars<\/a><\/div><h4 class=\"pt-cv-title\"><a href=\"https:\/\/www.plumesdesetoiles.com\/en\/la-lune-et-le-lien\/\" class=\"_self\" target=\"_self\" >\ud83c\udf19 The Moon &amp; the Bond<\/a><\/h4><div class=\"pt-cv-content\">Un conte sur les liens invisibles qui unissent les \u00e2mes. Sous la lumi\u00e8re de la Lune, l\u2019amour devient connexion, pr\u00e9sence &#8230;<\/div><div class=\"pt-cv-rmwrap\"><a href=\"https:\/\/www.plumesdesetoiles.com\/en\/la-lune-et-le-lien\/\" class=\"_self pt-cv-readmore btn btn-success\" target=\"_self\" >Read More<\/a><\/div><\/div><\/div>\n<div class=\"pt-cv-content-item pt-cv-1-col\" ><div class=\"pt-cv-thumb-wrapper\"><a href=\"https:\/\/www.plumesdesetoiles.com\/en\/petite-graine-qui-refusait-de-renoncer\/\" class=\"_self pt-cv-href-thumbnail pt-cv-thumb-default\" target=\"_self\" ><img decoding=\"async\" width=\"768\" height=\"512\" src=\"https:\/\/www.plumesdesetoiles.com\/wp-content\/uploads\/2025\/12\/Couverture-petite-graine-refusait-renoncer-768x512.png\" class=\"pt-cv-thumbnail\" alt=\"Un conte po\u00e9tique sur la r\u00e9silience, le courage int\u00e9rieur et la force discr\u00e8te du renouveau. Une histoire douce pour traverser les saisons de doute et croire \u00e0 la lumi\u00e8re qui germe.\" \/><\/a><\/div>\n<div class=\"pt-cv-remain-wrapper\"><div class=\"pt-cv-taxoterm above_title\"><a href='https:\/\/www.plumesdesetoiles.com\/en\/category\/saisons-et-emotions\/' title='\ud83c\udf41 Saisons &amp; \u00c9motions' class='pt-cv-tax-saisons-et-emotions'>\ud83c\udf41 Seasons &amp; Emotions<\/a><a href='https:\/\/www.plumesdesetoiles.com\/en\/category\/contes-et-etoiles\/' title='\ud83d\udd6f\ufe0f Contes &amp; \u00e9toiles' class='pt-cv-tax-contes-et-etoiles'>\ud83d\udd6f\ufe0f Tales &amp; Stars<\/a><\/div><h4 class=\"pt-cv-title\"><a href=\"https:\/\/www.plumesdesetoiles.com\/en\/petite-graine-qui-refusait-de-renoncer\/\" class=\"_self\" target=\"_self\" >\ud83c\udf31 The Little Seed That Refused to Give Up<\/a><\/h4><div class=\"pt-cv-content\">A poetic tale about resilience, inner courage, and the quiet strength of renewal. A gentle story to help us through seasons of doubt and believe in the light that is beginning to sprout...<\/div><div class=\"pt-cv-rmwrap\"><a href=\"https:\/\/www.plumesdesetoiles.com\/en\/petite-graine-qui-refusait-de-renoncer\/\" class=\"_self pt-cv-readmore btn btn-success\" target=\"_self\" >Read More<\/a><\/div><\/div><\/div>\n<div class=\"pt-cv-content-item pt-cv-1-col\" ><div class=\"pt-cv-thumb-wrapper\"><a href=\"https:\/\/www.plumesdesetoiles.com\/en\/enfant-et-etoile-endormie\/\" class=\"_self pt-cv-href-thumbnail pt-cv-thumb-default\" target=\"_self\" ><img decoding=\"async\" width=\"768\" height=\"512\" src=\"https:\/\/www.plumesdesetoiles.com\/wp-content\/uploads\/2025\/08\/Couverture-3-768x512.png\" class=\"pt-cv-thumbnail\" alt=\"L\u2019enfant et l\u2019\u00e9toile endormie partent ensemble dans une aventure magique. Ce conte po\u00e9tique apprend aux enfants l\u2019importance de la patience, de l\u2019amiti\u00e9 et de croire en la magie.\" \/><\/a><\/div>\n<div class=\"pt-cv-remain-wrapper\"><div class=\"pt-cv-taxoterm above_title\"><a href='https:\/\/www.plumesdesetoiles.com\/en\/category\/contes-et-etoiles\/' title='\ud83d\udd6f\ufe0f Contes &amp; \u00e9toiles' class='pt-cv-tax-contes-et-etoiles'>\ud83d\udd6f\ufe0f Tales &amp; Stars<\/a><\/div><h4 class=\"pt-cv-title\"><a href=\"https:\/\/www.plumesdesetoiles.com\/en\/enfant-et-etoile-endormie\/\" class=\"_self\" target=\"_self\" >\ud83c\udf1f The Child and the Sleeping Star<\/a><\/h4><div class=\"pt-cv-content\">A poetic adventure for children aged 8\u201312, where a child discovers a sleeping star and learns the value of patience and friendship.<\/div><div class=\"pt-cv-rmwrap\"><a href=\"https:\/\/www.plumesdesetoiles.com\/en\/enfant-et-etoile-endormie\/\" class=\"_self pt-cv-readmore btn btn-success\" target=\"_self\" >Read More<\/a><\/div><\/div><\/div>\n<div class=\"pt-cv-content-item pt-cv-1-col\" ><div class=\"pt-cv-thumb-wrapper\"><a href=\"https:\/\/www.plumesdesetoiles.com\/en\/lettre-des-etoiles\/\" class=\"_self pt-cv-href-thumbnail pt-cv-thumb-default\" target=\"_self\" ><img loading=\"lazy\" decoding=\"async\" width=\"768\" height=\"512\" src=\"https:\/\/www.plumesdesetoiles.com\/wp-content\/uploads\/2025\/11\/lettre-etoile-conte-couverture-768x512.png\" class=\"pt-cv-thumbnail\" alt=\"Un conte po\u00e9tique o\u00f9 une jeune fille re\u00e7oit une lettre des \u00e9toiles et d\u00e9couvre sa mission de raviver l\u2019espoir. Lumi\u00e8re, magie et sagesse c\u00e9leste.\" \/><\/a><\/div>\n<div class=\"pt-cv-remain-wrapper\"><div class=\"pt-cv-taxoterm above_title\"><a href='https:\/\/www.plumesdesetoiles.com\/en\/category\/saisons-et-emotions\/' title='\ud83c\udf41 Saisons &amp; \u00c9motions' class='pt-cv-tax-saisons-et-emotions'>\ud83c\udf41 Seasons &amp; Emotions<\/a><a href='https:\/\/www.plumesdesetoiles.com\/en\/category\/contes-et-etoiles\/' title='\ud83d\udd6f\ufe0f Contes &amp; \u00e9toiles' class='pt-cv-tax-contes-et-etoiles'>\ud83d\udd6f\ufe0f Tales &amp; Stars<\/a><\/div><h4 class=\"pt-cv-title\"><a href=\"https:\/\/www.plumesdesetoiles.com\/en\/lettre-des-etoiles\/\" class=\"_self\" target=\"_self\" >\ud83c\udf1f The Letter from the Stars<\/a><\/h4><div class=\"pt-cv-content\">A poetic tale in which a young girl receives a letter from the stars and discovers her mission to rekindle hope. Light, magic, and celestial wisdom.<\/div><div class=\"pt-cv-rmwrap\"><a href=\"https:\/\/www.plumesdesetoiles.com\/en\/lettre-des-etoiles\/\" class=\"_self pt-cv-readmore btn btn-success\" target=\"_self\" >Read More<\/a><\/div><\/div><\/div>\n<div class=\"pt-cv-content-item pt-cv-1-col\" ><div class=\"pt-cv-thumb-wrapper\"><a href=\"https:\/\/www.plumesdesetoiles.com\/en\/reve-du-flocon\/\" class=\"_self pt-cv-href-thumbnail pt-cv-thumb-default\" target=\"_self\" ><img loading=\"lazy\" decoding=\"async\" width=\"768\" height=\"512\" src=\"https:\/\/www.plumesdesetoiles.com\/wp-content\/uploads\/2025\/12\/Couverture-768x512.png\" class=\"pt-cv-thumbnail\" alt=\"Un conte d\u2019hiver po\u00e9tique sur un petit flocon r\u00eaveur qui souhaite toucher le c\u0153ur des humains avant de fondre. Une histoire magique, douce et inspirante.\" \/><\/a><\/div>\n<div class=\"pt-cv-remain-wrapper\"><div class=\"pt-cv-taxoterm above_title\"><a href='https:\/\/www.plumesdesetoiles.com\/en\/category\/saisons-et-emotions\/' title='\ud83c\udf41 Saisons &amp; \u00c9motions' class='pt-cv-tax-saisons-et-emotions'>\ud83c\udf41 Seasons &amp; Emotions<\/a><a href='https:\/\/www.plumesdesetoiles.com\/en\/category\/contes-et-etoiles\/' title='\ud83d\udd6f\ufe0f Contes &amp; \u00e9toiles' class='pt-cv-tax-contes-et-etoiles'>\ud83d\udd6f\ufe0f Tales &amp; Stars<\/a><\/div><h4 class=\"pt-cv-title\"><a href=\"https:\/\/www.plumesdesetoiles.com\/en\/reve-du-flocon\/\" class=\"_self\" target=\"_self\" >\ud83c\udf28\ufe0f The Snowlflake Dream<\/a><\/h4><div class=\"pt-cv-content\">A poetic winter tale about a little dreaming snowflake who wishes to touch the hearts of humans before melting. A magical, gentle, and inspiring story.<\/div><div class=\"pt-cv-rmwrap\"><a href=\"https:\/\/www.plumesdesetoiles.com\/en\/reve-du-flocon\/\" class=\"_self pt-cv-readmore btn btn-success\" target=\"_self\" >Read More<\/a><\/div><\/div><\/div>\n<div class=\"pt-cv-content-item pt-cv-1-col\" ><div class=\"pt-cv-thumb-wrapper\"><a href=\"https:\/\/www.plumesdesetoiles.com\/en\/mystere-hiver-enchante\/\" class=\"_self pt-cv-href-thumbnail pt-cv-thumb-default\" target=\"_self\" ><img loading=\"lazy\" decoding=\"async\" width=\"768\" height=\"512\" src=\"https:\/\/www.plumesdesetoiles.com\/wp-content\/uploads\/2025\/11\/mystere-hiver-enchante-couverture-conte-768x512.png\" class=\"pt-cv-thumbnail\" alt=\"Un conte magique o\u00f9 l\u2019hiver cache un secret \u00e0 d\u00e9couvrir, \u00e9veillant curiosit\u00e9 et \u00e9merveillement chez les enfants.\" \/><\/a><\/div>\n<div class=\"pt-cv-remain-wrapper\"><div class=\"pt-cv-taxoterm above_title\"><a href='https:\/\/www.plumesdesetoiles.com\/en\/category\/saisons-et-emotions\/' title='\ud83c\udf41 Saisons &amp; \u00c9motions' class='pt-cv-tax-saisons-et-emotions'>\ud83c\udf41 Seasons &amp; Emotions<\/a><a href='https:\/\/www.plumesdesetoiles.com\/en\/category\/contes-et-etoiles\/' title='\ud83d\udd6f\ufe0f Contes &amp; \u00e9toiles' class='pt-cv-tax-contes-et-etoiles'>\ud83d\udd6f\ufe0f Tales &amp; Stars<\/a><\/div><h4 class=\"pt-cv-title\"><a href=\"https:\/\/www.plumesdesetoiles.com\/en\/mystere-hiver-enchante\/\" class=\"_self\" target=\"_self\" >\u2744\ufe0f The Mystery of Enchanted Winter<\/a><\/h4><div class=\"pt-cv-content\">A poetic winter tale in which two children discover a magical clearing and the hidden light of winter. Gentle magic, wonder, and sharing.<\/div><div class=\"pt-cv-rmwrap\"><a href=\"https:\/\/www.plumesdesetoiles.com\/en\/mystere-hiver-enchante\/\" class=\"_self pt-cv-readmore btn btn-success\" target=\"_self\" >Read More<\/a><\/div><\/div><\/div><\/div><\/div>\n<div class=\"pt-cv-pagination-wrapper\"><ul class=\"pt-cv-pagination pt-cv-ajax pagination\" data-totalpages=\"3\" data-currentpage=\"1\" data-sid=\"mkcesl7p\" data-unid=\"\" data-isblock=\"grid1\" data-postid=\"0\"><li class=\"active\"><a href=\"#\">1<\/a><\/li>\n\t<li ><a class=\"\" href=\"https:\/\/www.plumesdesetoiles.com\/en\/wp-json\/wp\/v2\/pages\/1357\/?_page=2\">2<\/a><\/li>\n\t<li ><a class=\"\" href=\"https:\/\/www.plumesdesetoiles.com\/en\/wp-json\/wp\/v2\/pages\/1357\/?_page=3\">3<\/a><\/li>\n\t<li ><a class=\"\" href=\"https:\/\/www.plumesdesetoiles.com\/en\/wp-json\/wp\/v2\/pages\/1357\/?_page=2\">&rsaquo;<\/a><\/li>\n\t<\/ul><img loading=\"lazy\" decoding=\"async\" width=\"15\" height=\"15\" class=\"pt-cv-spinner\" alt=\"Loading...\" src=\"data:image\/gif;base64,R0lGODlhDwAPALMPAMrKygwMDJOTkz09PZWVla+vr3p6euTk5M7OzuXl5TMzMwAAAJmZmWZmZszMzP\/\/\/yH\/C05FVFNDQVBFMi4wAwEAAAAh+QQFCgAPACwAAAAADwAPAAAEQvDJaZaZOIcV8iQK8VRX4iTYoAwZ4iCYoAjZ4RxejhVNoT+mRGP4cyF4Pp0N98sBGIBMEMOotl6YZ3S61Bmbkm4mAgAh+QQFCgAPACwAAAAADQANAAAENPDJSRSZeA418itN8QiK8BiLITVsFiyBBIoYqnoewAD4xPw9iY4XLGYSjkQR4UAUD45DLwIAIfkEBQoADwAsAAAAAA8ACQAABC\/wyVlamTi3nSdgwFNdhEJgTJoNyoB9ISYoQmdjiZPcj7EYCAeCF1gEDo4Dz2eIAAAh+QQFCgAPACwCAAAADQANAAAEM\/DJBxiYeLKdX3IJZT1FU0iIg2RNKx3OkZVnZ98ToRD4MyiDnkAh6BkNC0MvsAj0kMpHBAAh+QQFCgAPACwGAAAACQAPAAAEMDC59KpFDll73HkAA2wVY5KgiK5b0RRoI6MuzG6EQqCDMlSGheEhUAgqgUUAFRySIgAh+QQFCgAPACwCAAIADQANAAAEM\/DJKZNLND\/kkKaHc3xk+QAMYDKsiaqmZCxGVjSFFCxB1vwy2oOgIDxuucxAMTAJFAJNBAAh+QQFCgAPACwAAAYADwAJAAAEMNAs86q1yaWwwv2Ig0jUZx3OYa4XoRAfwADXoAwfo1+CIjyFRuEho60aSNYlOPxEAAAh+QQFCgAPACwAAAIADQANAAAENPA9s4y8+IUVcqaWJ4qEQozSoAzoIyhCK2NFU2SJk0hNnyEOhKR2AzAAj4Pj4GE4W0bkJQIAOw==\" \/><div class=\"clear pt-cv-clear-pagination\"><\/div><\/div> <\/div> <style>\n#pt-cv-view-mkcesl7p {text-align: center}#pt-cv-view-mkcesl7p .pt-cv-thumb-wrapper {margin-left: auto; margin-right: auto;}\n#pt-cv-view-mkcesl7p { border-style: none; }#pt-cv-view-mkcesl7p .pt-cv-content-item { background-color: var(--global-palette1);border-radius: 19px 19px 19px 19px; }#pt-cv-view-mkcesl7p .pt-cv-meta-fields {  }#pt-cv-view-mkcesl7p .pt-cv-meta-fields * { font-size: 13px; }#pt-cv-view-mkcesl7p .pt-cv-thumb-wrapper:not(.miniwrap) {  }#pt-cv-view-mkcesl7p .pt-cv-thumbnail:not(.pt-cv-thumbnailsm) { height: 400px; }#pt-cv-view-mkcesl7p .pt-cv-title a { display: block; }#pt-cv-view-mkcesl7p .pt-cv-title:not(.pt-cv-titlesm) a { font-weight: 600;text-decoration: none;font-size: 20px; }#pt-cv-view-mkcesl7p .pt-cv-titlesm a { font-weight: 600;font-size: 18px; }#pt-cv-view-mkcesl7p .pt-cv-content { font-size: 15px; }#pt-cv-view-mkcesl7p .pt-cv-rmwrap {  }#pt-cv-view-mkcesl7p .pt-cv-readmore { color: #fff;background-color: #a4b3a2;font-size: 14px; }#pt-cv-view-mkcesl7p .pt-cv-taxoterm {  }#pt-cv-view-mkcesl7p .pt-cv-taxoterm * { color: #222;background-color: var(--global-palette1);font-size: 14px; }#pt-cv-view-mkcesl7p + .pt-cv-pagination-wrapper {  }#pt-cv-view-mkcesl7p + .pt-cv-pagination-wrapper a { font-size: 14px; }#pt-cv-view-mkcesl7p > .pt-cv-page {grid-template-columns: repeat(3, 1fr);grid-gap: 20px;}\n@media all and (max-width: 1024px) { \n#pt-cv-view-mkcesl7p .pt-cv-thumb-wrapper:not(.miniwrap) {  }#pt-cv-view-mkcesl7p .pt-cv-thumbnail:not(.pt-cv-thumbnailsm) { height: 200px; }#pt-cv-view-mkcesl7p > .pt-cv-page {}\n} \n@media all and (max-width: 767px) { \n#pt-cv-view-mkcesl7p > .pt-cv-page {grid-template-columns: repeat(1, 1fr);}\n} <\/style>","protected":false},"excerpt":{"rendered":"<p>\ud83d\udd6f\ufe0f Contes &amp; \u00e9toiles D\u00e9couvre mes contes po\u00e9tiques et merveilleux pour enfants, pour \u00e9veiller l\u2019imaginaire et transmettre des valeurs positives.<\/p>","protected":false},"author":1,"featured_media":600,"parent":458,"menu_order":0,"comment_status":"closed","ping_status":"closed","template":"","meta":{"_uag_custom_page_level_css":"","site-sidebar-layout":"default","site-content-layout":"","ast-site-content-layout":"default","site-content-style":"default","site-sidebar-style":"default","ast-global-header-display":"","ast-banner-title-visibility":"","ast-main-header-display":"","ast-hfb-above-header-display":"","ast-hfb-below-header-display":"","ast-hfb-mobile-header-display":"","site-post-title":"disabled","ast-breadcrumbs-content":"","ast-featured-img":"disabled","footer-sml-layout":"","ast-disable-related-posts":"","theme-transparent-header-meta":"","adv-header-id-meta":"","stick-header-meta":"","header-above-stick-meta":"","header-main-stick-meta":"","header-below-stick-meta":"","astra-migrate-meta-layouts":"default","ast-page-background-enabled":"default","ast-page-background-meta":{"desktop":{"background-color":"var(--ast-global-color-5)","background-image":"","background-repeat":"repeat","background-position":"center center","background-size":"auto","background-attachment":"scroll","background-type":"","background-media":"","overlay-type":"","overlay-color":"","overlay-opacity":"","overlay-gradient":""},"tablet":{"background-color":"","background-image":"","background-repeat":"repeat","background-position":"center center","background-size":"auto","background-attachment":"scroll","background-type":"","background-media":"","overlay-type":"","overlay-color":"","overlay-opacity":"","overlay-gradient":""},"mobile":{"background-color":"","background-image":"","background-repeat":"repeat","background-position":"center center","background-size":"auto","background-attachment":"scroll","background-type":"","background-media":"","overlay-type":"","overlay-color":"","overlay-opacity":"","overlay-gradient":""}},"ast-content-background-meta":{"desktop":{"background-color":"var(--ast-global-color-4)","background-image":"","background-repeat":"repeat","background-position":"center center","background-size":"auto","background-attachment":"scroll","background-type":"","background-media":"","overlay-type":"","overlay-color":"","overlay-opacity":"","overlay-gradient":""},"tablet":{"background-color":"var(--ast-global-color-4)","background-image":"","background-repeat":"repeat","background-position":"center center","background-size":"auto","background-attachment":"scroll","background-type":"","background-media":"","overlay-type":"","overlay-color":"","overlay-opacity":"","overlay-gradient":""},"mobile":{"background-color":"var(--ast-global-color-4)","background-image":"","background-repeat":"repeat","background-position":"center center","background-size":"auto","background-attachment":"scroll","background-type":"","background-media":"","overlay-type":"","overlay-color":"","overlay-opacity":"","overlay-gradient":""}},"footnotes":""},"class_list":["post-1357","page","type-page","status-publish","has-post-thumbnail","hentry"],"aioseo_notices":[],"uagb_featured_image_src":{"full":["https:\/\/www.plumesdesetoiles.com\/wp-content\/uploads\/2025\/08\/7_Contes-etoiles.png",1600,852,false],"thumbnail":["https:\/\/www.plumesdesetoiles.com\/wp-content\/uploads\/2025\/08\/7_Contes-etoiles-150x150.png",150,150,true],"medium":["https:\/\/www.plumesdesetoiles.com\/wp-content\/uploads\/2025\/08\/7_Contes-etoiles-300x160.png",300,160,true],"medium_large":["https:\/\/www.plumesdesetoiles.com\/wp-content\/uploads\/2025\/08\/7_Contes-etoiles-768x409.png",768,409,true],"large":["https:\/\/www.plumesdesetoiles.com\/wp-content\/uploads\/2025\/08\/7_Contes-etoiles-1024x545.png",1024,545,true],"1536x1536":["https:\/\/www.plumesdesetoiles.com\/wp-content\/uploads\/2025\/08\/7_Contes-etoiles-1536x818.png",1536,818,true],"2048x2048":["https:\/\/www.plumesdesetoiles.com\/wp-content\/uploads\/2025\/08\/7_Contes-etoiles.png",1600,852,false],"trp-custom-language-flag":["https:\/\/www.plumesdesetoiles.com\/wp-content\/uploads\/2025\/08\/7_Contes-etoiles.png",18,10,false]},"uagb_author_info":{"display_name":"Plumes des Etoiles","author_link":"https:\/\/www.plumesdesetoiles.com\/en\/author\/plumesdesetoiles\/"},"uagb_comment_info":0,"uagb_excerpt":"\ud83d\udd6f\ufe0f Contes &amp; \u00e9toiles D\u00e9couvre mes contes po\u00e9tiques et merveilleux pour enfants, pour \u00e9veiller l\u2019imaginaire et transmettre des valeurs positives.","_links":{"self":[{"href":"https:\/\/www.plumesdesetoiles.com\/en\/wp-json\/wp\/v2\/pages\/1357","targetHints":{"allow":["GET"]}}],"collection":[{"href":"https:\/\/www.plumesdesetoiles.com\/en\/wp-json\/wp\/v2\/pages"}],"about":[{"href":"https:\/\/www.plumesdesetoiles.com\/en\/wp-json\/wp\/v2\/types\/page"}],"author":[{"embeddable":true,"href":"https:\/\/www.plumesdesetoiles.com\/en\/wp-json\/wp\/v2\/users\/1"}],"replies":[{"embeddable":true,"href":"https:\/\/www.plumesdesetoiles.com\/en\/wp-json\/wp\/v2\/comments?post=1357"}],"version-history":[{"count":0,"href":"https:\/\/www.plumesdesetoiles.com\/en\/wp-json\/wp\/v2\/pages\/1357\/revisions"}],"up":[{"embeddable":true,"href":"https:\/\/www.plumesdesetoiles.com\/en\/wp-json\/wp\/v2\/pages\/458"}],"wp:featuredmedia":[{"embeddable":true,"href":"https:\/\/www.plumesdesetoiles.com\/en\/wp-json\/wp\/v2\/media\/600"}],"wp:attachment":[{"href":"https:\/\/www.plumesdesetoiles.com\/en\/wp-json\/wp\/v2\/media?parent=1357"}],"curies":[{"name":"wp","href":"https:\/\/api.w.org\/{rel}","templated":true}]}}